{"id":899385,"date":"2022-03-24T10:31:30","date_gmt":"2022-03-24T09:31:30","guid":{"rendered":"https:\/\/www.lourdes-france.org\/la-grotte-des-apparitions\/"},"modified":"2023-06-23T09:31:28","modified_gmt":"2023-06-23T07:31:28","slug":"gruta-das-aparicoes","status":"publish","type":"page","link":"https:\/\/www.lourdes-france.org\/pt-br\/gruta-das-aparicoes\/","title":{"rendered":"A Gruta das Apari\u00e7\u00f5es"},"content":{"rendered":"\t\t<div data-elementor-type=\"wp-page\" data-elementor-id=\"899385\" class=\"elementor elementor-899385 elementor-848430\" data-elementor-post-type=\"page\">\n\t\t\t\t\t\t<section class=\"elementor-section elementor-top-section elementor-element elementor-element-5e6549a2 elementor-section-full_width elementor-section-stretched elementor-section-height-default elementor-section-height-default\" data-id=\"5e6549a2\" data-element_type=\"section\" data-settings=\"{&quot;stretch_section&quot;:&quot;section-stretched&quot;}\">\n\t\t\t\t\t\t<div class=\"elementor-container elementor-column-gap-default\">\n\t\t\t\t\t<div class=\"elementor-column elementor-col-100 elementor-top-column elementor-element elementor-element-2e9a6ecb\" data-id=\"2e9a6ecb\" data-element_type=\"column\">\n\t\t\t<div class=\"elementor-widget-wrap elementor-element-populated\">\n\t\t\t\t\t\t<div class=\"elementor-element elementor-element-22ecc232 elementor-widget elementor-widget-image\" data-id=\"22ecc232\" data-element_type=\"widget\" data-widget_type=\"image.default\">\n\t\t\t\t<div class=\"elementor-widget-container\">\n\t\t\t\t\t\t\t\t\t\t\t\t\t\t\t<img fetchpriority=\"high\" decoding=\"async\" width=\"1200\" height=\"800\" src=\"https:\/\/www.lourdes-france.org\/wp-content\/uploads\/2022\/03\/Vignette_Grotte_1200x800px.jpg\" class=\"attachment-full size-full wp-image-898955\" alt=\"\" srcset=\"https:\/\/www.lourdes-france.org\/wp-content\/uploads\/2022\/03\/Vignette_Grotte_1200x800px.jpg 1200w, https:\/\/www.lourdes-france.org\/wp-content\/uploads\/2022\/03\/Vignette_Grotte_1200x800px-300x200.jpg 300w, https:\/\/www.lourdes-france.org\/wp-content\/uploads\/2022\/03\/Vignette_Grotte_1200x800px-1024x683.jpg 1024w, https:\/\/www.lourdes-france.org\/wp-content\/uploads\/2022\/03\/Vignette_Grotte_1200x800px-768x512.jpg 768w\" sizes=\"(max-width: 1200px) 100vw, 1200px\" \/>\t\t\t\t\t\t\t\t\t\t\t\t\t\t\t<\/div>\n\t\t\t\t<\/div>\n\t\t\t\t\t<\/div>\n\t\t<\/div>\n\t\t\t\t\t<\/div>\n\t\t<\/section>\n\t\t\t\t<section class=\"elementor-section elementor-top-section elementor-element elementor-element-596d0202 elementor-section-boxed elementor-section-height-default elementor-section-height-default\" data-id=\"596d0202\" data-element_type=\"section\">\n\t\t\t\t\t\t<div class=\"elementor-container elementor-column-gap-default\">\n\t\t\t\t\t<div class=\"elementor-column elementor-col-100 elementor-top-column elementor-element elementor-element-206a01db\" data-id=\"206a01db\" data-element_type=\"column\">\n\t\t\t<div class=\"elementor-widget-wrap elementor-element-populated\">\n\t\t\t\t\t\t<div class=\"elementor-element elementor-element-124efdf8 elementor-widget elementor-widget-heading\" data-id=\"124efdf8\" data-element_type=\"widget\" data-widget_type=\"heading.default\">\n\t\t\t\t<div class=\"elementor-widget-container\">\n\t\t\t\t\t<h1 class=\"elementor-heading-title elementor-size-default\">A Gruta das Apari\u00e7\u00f5es<\/h1>\t\t\t\t<\/div>\n\t\t\t\t<\/div>\n\t\t\t\t\t<\/div>\n\t\t<\/div>\n\t\t\t\t\t<\/div>\n\t\t<\/section>\n\t\t\t\t<section class=\"elementor-section elementor-top-section elementor-element elementor-element-1d8b85c elementor-section-boxed elementor-section-height-default elementor-section-height-default\" data-id=\"1d8b85c\" data-element_type=\"section\" data-settings=\"{&quot;background_background&quot;:&quot;classic&quot;}\">\n\t\t\t\t\t\t<div class=\"elementor-container elementor-column-gap-default\">\n\t\t\t\t\t<div class=\"elementor-column elementor-col-100 elementor-top-column elementor-element elementor-element-a8a6888\" data-id=\"a8a6888\" data-element_type=\"column\">\n\t\t\t<div class=\"elementor-widget-wrap elementor-element-populated\">\n\t\t\t\t\t\t<div class=\"elementor-element elementor-element-85b7326 elementor-widget elementor-widget-text-editor\" data-id=\"85b7326\" data-element_type=\"widget\" data-widget_type=\"text-editor.default\">\n\t\t\t\t<div class=\"elementor-widget-container\">\n\t\t\t\t\t\t\t\t\t<p><strong>A gruta de Massabielle \u00e9 obrigat\u00f3ria para qualquer visitante do santu\u00e1rio de Lourdes, seja simples visitante ou devoto. A visita \u00e0 gruta \u00e9 feita em sil\u00eancio, a maioria das pessoas toca a parede da gruta com os dedos por respeito ou para fazer um pedido ou uma ora\u00e7\u00e3o. Dali tamb\u00e9m saem as prociss\u00f5es para peregrinos enfermos.<\/strong><\/p><p><strong>Com efeito, esta Gruta \u00e9 a imagem do Deus invis\u00edvel que nos d\u00e1 a for\u00e7a. \u201c<em>O Senhor \u00e9 o meu rochedo, minha fortaleza e meu libertador. Meu Deus \u00e9 a minha rocha, onde encontro o meu ref\u00fagio, for\u00e7a de minha salva\u00e7\u00e3o e minha cidadela!<\/em>\u201d (Salmo 18,2).<\/strong><\/p><p><strong>A Virgem Maria ficou na roseira do nicho para nos dizer que ela nos conduz ao Senhor, ela \u00e9 a primeira no caminho, mas \u00e9 o Senhor Cristo que devemos seguir. Ela nunca se p\u00f5e no centro, mas nos leva sempre ao Senhor. <\/strong><\/p>\t\t\t\t\t\t\t\t<\/div>\n\t\t\t\t<\/div>\n\t\t\t\t\t<\/div>\n\t\t<\/div>\n\t\t\t\t\t<\/div>\n\t\t<\/section>\n\t\t\t\t<section class=\"elementor-section elementor-top-section elementor-element elementor-element-8a07cf3 elementor-section-boxed elementor-section-height-default elementor-section-height-default\" data-id=\"8a07cf3\" data-element_type=\"section\">\n\t\t\t\t\t\t<div class=\"elementor-container elementor-column-gap-default\">\n\t\t\t\t\t<div class=\"elementor-column elementor-col-100 elementor-top-column elementor-element elementor-element-460f2ed\" data-id=\"460f2ed\" data-element_type=\"column\">\n\t\t\t<div class=\"elementor-widget-wrap elementor-element-populated\">\n\t\t\t\t\t\t<div class=\"elementor-element elementor-element-ef5b4ce elementor-widget elementor-widget-video\" data-id=\"ef5b4ce\" data-element_type=\"widget\" data-settings=\"{&quot;youtube_url&quot;:&quot;https:\\\/\\\/youtu.be\\\/xTWx-b93JJk&quot;,&quot;video_type&quot;:&quot;youtube&quot;,&quot;controls&quot;:&quot;yes&quot;}\" data-widget_type=\"video.default\">\n\t\t\t\t<div class=\"elementor-widget-container\">\n\t\t\t\t\t\t\t<div class=\"elementor-wrapper elementor-open-inline\">\n\t\t\t<div class=\"elementor-video\"><\/div>\t\t<\/div>\n\t\t\t\t\t\t<\/div>\n\t\t\t\t<\/div>\n\t\t\t\t\t<\/div>\n\t\t<\/div>\n\t\t\t\t\t<\/div>\n\t\t<\/section>\n\t\t\t\t<section class=\"elementor-section elementor-top-section elementor-element elementor-element-8355dbb elementor-section-boxed elementor-section-height-default elementor-section-height-default\" data-id=\"8355dbb\" data-element_type=\"section\">\n\t\t\t\t\t\t<div class=\"elementor-container elementor-column-gap-default\">\n\t\t\t\t\t<div class=\"elementor-column elementor-col-100 elementor-top-column elementor-element elementor-element-e82a482\" data-id=\"e82a482\" data-element_type=\"column\">\n\t\t\t<div class=\"elementor-widget-wrap elementor-element-populated\">\n\t\t\t\t\t\t<div class=\"elementor-element elementor-element-0545bfd elementor-widget elementor-widget-text-editor\" data-id=\"0545bfd\" data-element_type=\"widget\" data-widget_type=\"text-editor.default\">\n\t\t\t\t<div class=\"elementor-widget-container\">\n\t\t\t\t\t\t\t\t\t<p>A Gruta de Massabielle est\u00e1 localizada na \u00e1rea central de Lourdes e voltada para o castelo da cidade. O sol nunca penetra nesta rocha negra. A Gruta tem 3,80 metros de altura, 9,50 metros de profundidade e 9,85 metros de largura. \u00c9 uma fenda em uma rocha de 27 metros de altura. A parede \u00e9 lisa e \u00famida em alguns lugares. A Gruta \u00e9, portanto, uma simples cavidade de calc\u00e1rio. Para al\u00e9m da parte vis\u00edvel da parte da frente (onde est\u00e1 instalado o altar) e do nicho superior (onde est\u00e1 instalada a imagem da Virgem), a cavidade tem uma extens\u00e3o c\u00e1rsica de cerca de dez metros, tornando-a uma \u201cverdadeira gruta c\u00e1rsica\u201d e n\u00e3o um simples abrigo rochoso, como \u00e9 regularmente descrito.<\/p><p>Desde a 9\u00aa apari\u00e7\u00e3o em 25 de fevereiro de 1858, a \u00e1gua de uma fonte corre da Gruta. Em 1974, essa nascente foi destacada e a sua \u00e1gua foi canalizada para um reservat\u00f3rio que fica sob as Bas\u00edlicas. Os peregrinos podem beber a \u00e1gua a uma temperatura de 10\u00b0C, e podem recolh\u00ea-la em torneiras que foram mudadas de lugar v\u00e1rias vezes para manter um ambiente de sil\u00eancio e recolhimento perto da Gruta. Tamb\u00e9m podem fazer o gesto da \u00e1gua, lavando a face, as m\u00e3os e os antebra\u00e7os na zona dos banhos, situada mais \u00e0 direita da nascente. Essa \u00e1rea, chamada em Lourdes de &#8220;piscina&#8221;, existe desde 1882 e teve a localiza\u00e7\u00e3o tamb\u00e9m alterada, mais \u00e0 direita da nascente, para melhor acolher os peregrinos doentes,<\/p><p>Em 1861, Dom Bertrand-S\u00e9v\u00e8re Laurence, Bispo de Tarbes, comprou a Gruta da comuna de Lourdes.<\/p><p>A imagem da Virgem, esculpida em m\u00e1rmore de Carrara por Joseph-Hugues Fabisch (o seu nome \u00e9 claramente vis\u00edvel no pedestal), est\u00e1 colocada no canto superior direito da gruta a 3 metros de altura, numa cavidade secund\u00e1ria na rocha, chamada de Nicho das Apari\u00e7\u00f5es. Foi inaugurada em 4 de abril de 1864, durante a primeira prociss\u00e3o oficialmente organizada pela Igreja, que reuniu cerca de 20.000 pessoas, incluindo 200 sacerdotes.<\/p>\t\t\t\t\t\t\t\t<\/div>\n\t\t\t\t<\/div>\n\t\t\t\t\t<\/div>\n\t\t<\/div>\n\t\t\t\t\t<\/div>\n\t\t<\/section>\n\t\t\t\t<section class=\"elementor-section elementor-top-section elementor-element elementor-element-43c8d29 elementor-section-boxed elementor-section-height-default elementor-section-height-default\" data-id=\"43c8d29\" data-element_type=\"section\">\n\t\t\t\t\t\t<div class=\"elementor-container elementor-column-gap-default\">\n\t\t\t\t\t<div class=\"elementor-column elementor-col-33 elementor-top-column elementor-element elementor-element-066e9bd\" data-id=\"066e9bd\" data-element_type=\"column\">\n\t\t\t<div class=\"elementor-widget-wrap elementor-element-populated\">\n\t\t\t\t\t\t<div class=\"elementor-element elementor-element-64ddab9 elementor-align-center elementor-widget elementor-widget-button\" data-id=\"64ddab9\" data-element_type=\"widget\" data-widget_type=\"button.default\">\n\t\t\t\t<div class=\"elementor-widget-container\">\n\t\t\t\t\t\t\t\t\t<div class=\"elementor-button-wrapper\">\n\t\t\t\t\t<a class=\"elementor-button elementor-button-link elementor-size-sm\" href=\"https:\/\/www.lourdes-france.com\/pelerin-dun-jour\/la-grotte\/\" target=\"_blank\">\n\t\t\t\t\t\t<span class=\"elementor-button-content-wrapper\">\n\t\t\t\t\t\t\t\t\t<span class=\"elementor-button-text\">IR PARA A GRUTA<\/span>\n\t\t\t\t\t<\/span>\n\t\t\t\t\t<\/a>\n\t\t\t\t<\/div>\n\t\t\t\t\t\t\t\t<\/div>\n\t\t\t\t<\/div>\n\t\t\t\t\t<\/div>\n\t\t<\/div>\n\t\t\t\t<div class=\"elementor-column elementor-col-33 elementor-top-column elementor-element elementor-element-f2893de\" data-id=\"f2893de\" data-element_type=\"column\">\n\t\t\t<div class=\"elementor-widget-wrap elementor-element-populated\">\n\t\t\t\t\t\t<div class=\"elementor-element elementor-element-cf4deed elementor-align-center elementor-widget elementor-widget-button\" data-id=\"cf4deed\" data-element_type=\"widget\" data-widget_type=\"button.default\">\n\t\t\t\t<div class=\"elementor-widget-container\">\n\t\t\t\t\t\t\t\t\t<div class=\"elementor-button-wrapper\">\n\t\t\t\t\t<a class=\"elementor-button elementor-button-link elementor-size-sm\" href=\"https:\/\/www.lourdes-france.com\/\" target=\"_blank\">\n\t\t\t\t\t\t<span class=\"elementor-button-content-wrapper\">\n\t\t\t\t\t\t\t\t\t<span class=\"elementor-button-text\">A PEREGRINA\u00c7\u00c3O A LOURDES<\/span>\n\t\t\t\t\t<\/span>\n\t\t\t\t\t<\/a>\n\t\t\t\t<\/div>\n\t\t\t\t\t\t\t\t<\/div>\n\t\t\t\t<\/div>\n\t\t\t\t\t<\/div>\n\t\t<\/div>\n\t\t\t\t<div class=\"elementor-column elementor-col-33 elementor-top-column elementor-element elementor-element-4550595\" data-id=\"4550595\" data-element_type=\"column\">\n\t\t\t<div class=\"elementor-widget-wrap elementor-element-populated\">\n\t\t\t\t\t\t<div class=\"elementor-element elementor-element-5c88547 elementor-align-center elementor-widget elementor-widget-button\" data-id=\"5c88547\" data-element_type=\"widget\" data-widget_type=\"button.default\">\n\t\t\t\t<div class=\"elementor-widget-container\">\n\t\t\t\t\t\t\t\t\t<div class=\"elementor-button-wrapper\">\n\t\t\t\t\t<a class=\"elementor-button elementor-button-link elementor-size-sm\" href=\"\/tv-lourdes\/\" target=\"_blank\">\n\t\t\t\t\t\t<span class=\"elementor-button-content-wrapper\">\n\t\t\t\t\t\t\t\t\t<span class=\"elementor-button-text\">TV AO VIVO DA GRUTA<\/span>\n\t\t\t\t\t<\/span>\n\t\t\t\t\t<\/a>\n\t\t\t\t<\/div>\n\t\t\t\t\t\t\t\t<\/div>\n\t\t\t\t<\/div>\n\t\t\t\t\t<\/div>\n\t\t<\/div>\n\t\t\t\t\t<\/div>\n\t\t<\/section>\n\t\t\t\t<\/div>\n\t\t","protected":false},"excerpt":{"rendered":"<p>A Gruta das Apari\u00e7\u00f5es A gruta de Massabielle \u00e9 obrigat\u00f3ria para qualquer visitante do santu\u00e1rio de Lourdes, seja simples visitante ou devoto. A visita \u00e0 gruta \u00e9 feita em sil\u00eancio, a maioria das pessoas toca a parede da gruta com &hellip; <a href=\"https:\/\/www.lourdes-france.org\/pt-br\/gruta-das-aparicoes\/\">Conte\u00fado<\/a><\/p>\n","protected":false},"author":7,"featured_media":0,"parent":0,"menu_order":0,"comment_status":"closed","ping_status":"closed","template":"","meta":{"_acf_changed":false,"footnotes":""},"class_list":["post-899385","page","type-page","status-publish","hentry"],"acf":[],"yoast_head":"<!-- This site is optimized with the Yoast SEO plugin v24.7 - https:\/\/yoast.com\/wordpress\/plugins\/seo\/ -->\n<title>La Grotte des apparitions<\/title>\n<meta name=\"description\" content=\"La grotte de Massabielle est un passage oblig\u00e9 pour tout visiteur se rendant au sanctuaire de Lourdes, qu\u2019il soit simple visiteur ou croyant.\" \/>\n<meta name=\"robots\" content=\"index, follow, max-snippet:-1, max-image-preview:large, max-video-preview:-1\" \/>\n<link rel=\"canonical\" href=\"https:\/\/www.lourdes-france.org\/pt-br\/gruta-das-aparicoes\/\" \/>\n<meta name=\"twitter:label1\" content=\"Est. tempo de leitura\" \/>\n\t<meta name=\"twitter:data1\" content=\"3 minutos\" \/>\n<script type=\"application\/ld+json\" class=\"yoast-schema-graph\">{\"@context\":\"https:\/\/schema.org\",\"@graph\":[{\"@type\":\"WebPage\",\"@id\":\"https:\/\/www.lourdes-france.org\/pt-br\/gruta-das-aparicoes\/\",\"url\":\"https:\/\/www.lourdes-france.org\/pt-br\/gruta-das-aparicoes\/\",\"name\":\"La Grotte des apparitions\",\"isPartOf\":{\"@id\":\"https:\/\/preprod-lourdes.cawita.com\/#website\"},\"primaryImageOfPage\":{\"@id\":\"https:\/\/www.lourdes-france.org\/pt-br\/gruta-das-aparicoes\/#primaryimage\"},\"image\":{\"@id\":\"https:\/\/www.lourdes-france.org\/pt-br\/gruta-das-aparicoes\/#primaryimage\"},\"thumbnailUrl\":\"https:\/\/www.lourdes-france.org\/wp-content\/uploads\/2022\/03\/Vignette_Grotte_1200x800px.jpg\",\"datePublished\":\"2022-03-24T09:31:30+00:00\",\"dateModified\":\"2023-06-23T07:31:28+00:00\",\"description\":\"La grotte de Massabielle est un passage oblig\u00e9 pour tout visiteur se rendant au sanctuaire de Lourdes, qu\u2019il soit simple visiteur ou croyant.\",\"breadcrumb\":{\"@id\":\"https:\/\/www.lourdes-france.org\/pt-br\/gruta-das-aparicoes\/#breadcrumb\"},\"inLanguage\":\"pt-BR\",\"potentialAction\":[{\"@type\":\"ReadAction\",\"target\":[\"https:\/\/www.lourdes-france.org\/pt-br\/gruta-das-aparicoes\/\"]}]},{\"@type\":\"ImageObject\",\"inLanguage\":\"pt-BR\",\"@id\":\"https:\/\/www.lourdes-france.org\/pt-br\/gruta-das-aparicoes\/#primaryimage\",\"url\":\"https:\/\/www.lourdes-france.org\/wp-content\/uploads\/2022\/03\/Vignette_Grotte_1200x800px.jpg\",\"contentUrl\":\"https:\/\/www.lourdes-france.org\/wp-content\/uploads\/2022\/03\/Vignette_Grotte_1200x800px.jpg\"},{\"@type\":\"BreadcrumbList\",\"@id\":\"https:\/\/www.lourdes-france.org\/pt-br\/gruta-das-aparicoes\/#breadcrumb\",\"itemListElement\":[{\"@type\":\"ListItem\",\"position\":1,\"name\":\"Accueil\",\"item\":\"https:\/\/www.lourdes-france.org\/\"},{\"@type\":\"ListItem\",\"position\":2,\"name\":\"A Gruta das Apari\u00e7\u00f5es\"}]},{\"@type\":\"WebSite\",\"@id\":\"https:\/\/preprod-lourdes.cawita.com\/#website\",\"url\":\"https:\/\/preprod-lourdes.cawita.com\/\",\"name\":\"Soutenir le Sanctuaire Notre-Dame de Lourdes\",\"description\":\"\",\"potentialAction\":[{\"@type\":\"SearchAction\",\"target\":{\"@type\":\"EntryPoint\",\"urlTemplate\":\"https:\/\/preprod-lourdes.cawita.com\/?s={search_term_string}\"},\"query-input\":{\"@type\":\"PropertyValueSpecification\",\"valueRequired\":true,\"valueName\":\"search_term_string\"}}],\"inLanguage\":\"pt-BR\"}]}<\/script>\n<!-- \/ Yoast SEO plugin. -->","yoast_head_json":{"title":"La Grotte des apparitions","description":"La grotte de Massabielle est un passage oblig\u00e9 pour tout visiteur se rendant au sanctuaire de Lourdes, qu\u2019il soit simple visiteur ou croyant.","robots":{"index":"index","follow":"follow","max-snippet":"max-snippet:-1","max-image-preview":"max-image-preview:large","max-video-preview":"max-video-preview:-1"},"canonical":"https:\/\/www.lourdes-france.org\/pt-br\/gruta-das-aparicoes\/","twitter_misc":{"Est. tempo de leitura":"3 minutos"},"schema":{"@context":"https:\/\/schema.org","@graph":[{"@type":"WebPage","@id":"https:\/\/www.lourdes-france.org\/pt-br\/gruta-das-aparicoes\/","url":"https:\/\/www.lourdes-france.org\/pt-br\/gruta-das-aparicoes\/","name":"La Grotte des apparitions","isPartOf":{"@id":"https:\/\/preprod-lourdes.cawita.com\/#website"},"primaryImageOfPage":{"@id":"https:\/\/www.lourdes-france.org\/pt-br\/gruta-das-aparicoes\/#primaryimage"},"image":{"@id":"https:\/\/www.lourdes-france.org\/pt-br\/gruta-das-aparicoes\/#primaryimage"},"thumbnailUrl":"https:\/\/www.lourdes-france.org\/wp-content\/uploads\/2022\/03\/Vignette_Grotte_1200x800px.jpg","datePublished":"2022-03-24T09:31:30+00:00","dateModified":"2023-06-23T07:31:28+00:00","description":"La grotte de Massabielle est un passage oblig\u00e9 pour tout visiteur se rendant au sanctuaire de Lourdes, qu\u2019il soit simple visiteur ou croyant.","breadcrumb":{"@id":"https:\/\/www.lourdes-france.org\/pt-br\/gruta-das-aparicoes\/#breadcrumb"},"inLanguage":"pt-BR","potentialAction":[{"@type":"ReadAction","target":["https:\/\/www.lourdes-france.org\/pt-br\/gruta-das-aparicoes\/"]}]},{"@type":"ImageObject","inLanguage":"pt-BR","@id":"https:\/\/www.lourdes-france.org\/pt-br\/gruta-das-aparicoes\/#primaryimage","url":"https:\/\/www.lourdes-france.org\/wp-content\/uploads\/2022\/03\/Vignette_Grotte_1200x800px.jpg","contentUrl":"https:\/\/www.lourdes-france.org\/wp-content\/uploads\/2022\/03\/Vignette_Grotte_1200x800px.jpg"},{"@type":"BreadcrumbList","@id":"https:\/\/www.lourdes-france.org\/pt-br\/gruta-das-aparicoes\/#breadcrumb","itemListElement":[{"@type":"ListItem","position":1,"name":"Accueil","item":"https:\/\/www.lourdes-france.org\/"},{"@type":"ListItem","position":2,"name":"A Gruta das Apari\u00e7\u00f5es"}]},{"@type":"WebSite","@id":"https:\/\/preprod-lourdes.cawita.com\/#website","url":"https:\/\/preprod-lourdes.cawita.com\/","name":"Soutenir le Sanctuaire Notre-Dame de Lourdes","description":"","potentialAction":[{"@type":"SearchAction","target":{"@type":"EntryPoint","urlTemplate":"https:\/\/preprod-lourdes.cawita.com\/?s={search_term_string}"},"query-input":{"@type":"PropertyValueSpecification","valueRequired":true,"valueName":"search_term_string"}}],"inLanguage":"pt-BR"}]}},"_links":{"self":[{"href":"https:\/\/www.lourdes-france.org\/pt-br\/wp-json\/wp\/v2\/pages\/899385","targetHints":{"allow":["GET"]}}],"collection":[{"href":"https:\/\/www.lourdes-france.org\/pt-br\/wp-json\/wp\/v2\/pages"}],"about":[{"href":"https:\/\/www.lourdes-france.org\/pt-br\/wp-json\/wp\/v2\/types\/page"}],"author":[{"embeddable":true,"href":"https:\/\/www.lourdes-france.org\/pt-br\/wp-json\/wp\/v2\/users\/7"}],"replies":[{"embeddable":true,"href":"https:\/\/www.lourdes-france.org\/pt-br\/wp-json\/wp\/v2\/comments?post=899385"}],"version-history":[{"count":3,"href":"https:\/\/www.lourdes-france.org\/pt-br\/wp-json\/wp\/v2\/pages\/899385\/revisions"}],"predecessor-version":[{"id":899390,"href":"https:\/\/www.lourdes-france.org\/pt-br\/wp-json\/wp\/v2\/pages\/899385\/revisions\/899390"}],"wp:attachment":[{"href":"https:\/\/www.lourdes-france.org\/pt-br\/wp-json\/wp\/v2\/media?parent=899385"}],"curies":[{"name":"wp","href":"https:\/\/api.w.org\/{rel}","templated":true}]}}