{"id":899406,"date":"2022-03-24T14:09:09","date_gmt":"2022-03-24T13:09:09","guid":{"rendered":"https:\/\/www.lourdes-france.org\/les-miracles-de-lourdes\/"},"modified":"2023-06-26T09:08:58","modified_gmt":"2023-06-26T07:08:58","slug":"os-milagres-de-lourdes","status":"publish","type":"page","link":"https:\/\/www.lourdes-france.org\/pt-br\/os-milagres-de-lourdes\/","title":{"rendered":"Os milagres de Lourdes"},"content":{"rendered":"\t\t<div data-elementor-type=\"wp-page\" data-elementor-id=\"899406\" class=\"elementor elementor-899406 elementor-848594\" data-elementor-post-type=\"page\">\n\t\t\t\t\t\t<section class=\"elementor-section elementor-top-section elementor-element elementor-element-b02271f elementor-section-full_width elementor-section-stretched elementor-section-height-default elementor-section-height-default\" data-id=\"b02271f\" data-element_type=\"section\" data-settings=\"{&quot;stretch_section&quot;:&quot;section-stretched&quot;}\">\n\t\t\t\t\t\t<div class=\"elementor-container elementor-column-gap-default\">\n\t\t\t\t\t<div class=\"elementor-column elementor-col-100 elementor-top-column elementor-element elementor-element-181e9395\" data-id=\"181e9395\" data-element_type=\"column\">\n\t\t\t<div class=\"elementor-widget-wrap elementor-element-populated\">\n\t\t\t\t\t\t<div class=\"elementor-element elementor-element-6ad1896e elementor-widget elementor-widget-image\" data-id=\"6ad1896e\" data-element_type=\"widget\" data-widget_type=\"image.default\">\n\t\t\t\t<div class=\"elementor-widget-container\">\n\t\t\t\t\t\t\t\t\t\t\t\t\t\t\t<img fetchpriority=\"high\" decoding=\"async\" width=\"2048\" height=\"1365\" src=\"https:\/\/www.lourdes-france.org\/wp-content\/uploads\/2022\/06\/7-1er_Cas_Louis_Bouriette_recadre-2048x1365.jpg\" class=\"attachment-2048x2048 size-2048x2048 wp-image-899016\" alt=\"\" srcset=\"https:\/\/www.lourdes-france.org\/wp-content\/uploads\/2022\/06\/7-1er_Cas_Louis_Bouriette_recadre-2048x1365.jpg 2048w, https:\/\/www.lourdes-france.org\/wp-content\/uploads\/2022\/06\/7-1er_Cas_Louis_Bouriette_recadre-300x200.jpg 300w, https:\/\/www.lourdes-france.org\/wp-content\/uploads\/2022\/06\/7-1er_Cas_Louis_Bouriette_recadre-1024x683.jpg 1024w, https:\/\/www.lourdes-france.org\/wp-content\/uploads\/2022\/06\/7-1er_Cas_Louis_Bouriette_recadre-768x512.jpg 768w, https:\/\/www.lourdes-france.org\/wp-content\/uploads\/2022\/06\/7-1er_Cas_Louis_Bouriette_recadre-1536x1024.jpg 1536w\" sizes=\"(max-width: 2048px) 100vw, 2048px\" \/>\t\t\t\t\t\t\t\t\t\t\t\t\t\t\t<\/div>\n\t\t\t\t<\/div>\n\t\t\t\t\t<\/div>\n\t\t<\/div>\n\t\t\t\t\t<\/div>\n\t\t<\/section>\n\t\t\t\t<section class=\"elementor-section elementor-top-section elementor-element elementor-element-70565c17 elementor-section-boxed elementor-section-height-default elementor-section-height-default\" data-id=\"70565c17\" data-element_type=\"section\">\n\t\t\t\t\t\t<div class=\"elementor-container elementor-column-gap-default\">\n\t\t\t\t\t<div class=\"elementor-column elementor-col-100 elementor-top-column elementor-element elementor-element-3ef5239b\" data-id=\"3ef5239b\" data-element_type=\"column\">\n\t\t\t<div class=\"elementor-widget-wrap elementor-element-populated\">\n\t\t\t\t\t\t<div class=\"elementor-element elementor-element-2dc243a4 elementor-widget elementor-widget-heading\" data-id=\"2dc243a4\" data-element_type=\"widget\" data-widget_type=\"heading.default\">\n\t\t\t\t<div class=\"elementor-widget-container\">\n\t\t\t\t\t<h1 class=\"elementor-heading-title elementor-size-default\">Os milagres de Lourdes<\/h1>\t\t\t\t<\/div>\n\t\t\t\t<\/div>\n\t\t\t\t\t<\/div>\n\t\t<\/div>\n\t\t\t\t\t<\/div>\n\t\t<\/section>\n\t\t\t\t<section class=\"elementor-section elementor-top-section elementor-element elementor-element-125fbb1 elementor-section-boxed elementor-section-height-default elementor-section-height-default\" data-id=\"125fbb1\" data-element_type=\"section\" data-settings=\"{&quot;background_background&quot;:&quot;classic&quot;}\">\n\t\t\t\t\t\t<div class=\"elementor-container elementor-column-gap-default\">\n\t\t\t\t\t<div class=\"elementor-column elementor-col-100 elementor-top-column elementor-element elementor-element-45a2d7d\" data-id=\"45a2d7d\" data-element_type=\"column\">\n\t\t\t<div class=\"elementor-widget-wrap elementor-element-populated\">\n\t\t\t\t\t\t<div class=\"elementor-element elementor-element-cc2b2d3 elementor-widget elementor-widget-text-editor\" data-id=\"cc2b2d3\" data-element_type=\"widget\" data-widget_type=\"text-editor.default\">\n\t\t\t\t<div class=\"elementor-widget-container\">\n\t\t\t\t\t\t\t\t\t<h5>Os primeiros milagres em Lourdes aconteceram logo ap\u00f3s as apari\u00e7\u00f5es da Virgem Maria a Bernadette Soubirous (Santa Bernadette) em 1858.<br \/>Desde ent\u00e3o, milhares de declara\u00e7\u00f5es de cura foram coletadas por uma institui\u00e7\u00e3o \u00fanica no mundo: o \u201cBureau des Constatations M\u00e9dicales\u201d (Escrit\u00f3rio de Constata\u00e7\u00f5es de Curas do Santu\u00e1rio).<\/h5>\t\t\t\t\t\t\t\t<\/div>\n\t\t\t\t<\/div>\n\t\t\t\t\t<\/div>\n\t\t<\/div>\n\t\t\t\t\t<\/div>\n\t\t<\/section>\n\t\t\t\t<section class=\"elementor-section elementor-top-section elementor-element elementor-element-e692140 elementor-section-boxed elementor-section-height-default elementor-section-height-default\" data-id=\"e692140\" data-element_type=\"section\">\n\t\t\t\t\t\t<div class=\"elementor-container elementor-column-gap-default\">\n\t\t\t\t\t<div class=\"elementor-column elementor-col-100 elementor-top-column elementor-element elementor-element-95cb9bd\" data-id=\"95cb9bd\" data-element_type=\"column\">\n\t\t\t<div class=\"elementor-widget-wrap elementor-element-populated\">\n\t\t\t\t\t\t<div class=\"elementor-element elementor-element-4648000 elementor-widget elementor-widget-text-editor\" data-id=\"4648000\" data-element_type=\"widget\" data-widget_type=\"text-editor.default\">\n\t\t\t\t<div class=\"elementor-widget-container\">\n\t\t\t\t\t\t\t\t\t<h2>Um Escrit\u00f3rio de Constata\u00e7\u00f5es de Curas \u00fanico no mundo<\/h2><p>Fundado em 1883, o Bureau des Constatations M\u00e9dicales (Escrit\u00f3rio de Constata\u00e7\u00f5es de Curas) \u00e9, como os banhos, parte do patrim\u00f4nio hist\u00f3rico do Santu\u00e1rio de Nossa Senhora de Lourdes. \u00c9 um lugar \u00fanico no mundo, pois nenhum outro santu\u00e1rio, independentemente da religi\u00e3o, se beneficia da presen\u00e7a permanente de um m\u00e9dico encarregado de anotar, verificar e investigar casos de supostas curas.<br \/>Embora desde as apari\u00e7\u00f5es tenham sido relatados mais de 7.000 casos de cura em Lourdes, s\u00f3 70 desses casos foram reconhecidos como milagrosos pela Igreja at\u00e9 agora (2). Mais de 80% dessas curas reconhecidas como milagrosas dizem respeito a mulheres. A pessoa mais jovem cuja cura foi reconhecida como milagrosa tinha 2 anos de idade. Os pa\u00edses de origem das pessoas cujas curas foram reconhecidas como milagrosas s\u00e3o: Fran\u00e7a (56), It\u00e1lia (8), B\u00e9lgica (3), Alemanha (1), \u00c1ustria (1) e Su\u00ed\u00e7a (1). Seis pessoas afirmam ter sido curadas pela intercess\u00e3o de Nossa Senhora de Lourdes mesmo sem terem ido a Lourdes. A maioria das pessoas foi curada pelo contato com a \u00e1gua de Lourdes (50), a maioria nos banhos (chamadas de \u201cpiscinas\u201d) do Santu\u00e1rio.<br \/><br \/><\/p><h2>Hist\u00f3ria<\/h2><p>A pedido do Padre R\u00e9mi Semp\u00e9, Padre de Garaison e primeiro Reitor do Santu\u00e1rio, o Dr. Georges-Fernand Dunot de Saint-Maclou criou o Bureau des Constatations M\u00e9dicales (Bureau de Constata\u00e7\u00f5es de Curas), para que ningu\u00e9m sa\u00edsse de Lourdes alegando estar \u201ccurado\u201d sem ter submetido sua hist\u00f3ria de cura a uma avalia\u00e7\u00e3o m\u00e9dica rigorosa e colegiada. Em 1886, por interm\u00e9dio do Arcebispo de Cagliari, Monsenhor Vincenzo Gregorio Berchialla, o Papa Le\u00e3o XIII deu sua aprova\u00e7\u00e3o aos rigorosos procedimentos do Departamento M\u00e9dico de Lourdes. E em 1905, o Bispo de Tarbes recebeu da Santa S\u00e9 a confirma\u00e7\u00e3o de seu direito de usar os procedimentos do Escrit\u00f3rio para estudar as curas relatadas. Este direito ainda se aplica at\u00e9 hoje.<\/p><h2>Declara\u00e7\u00e3o de um milagre: 4 passos fundamentais<\/h2><p>O m\u00e9dico permanente do Bureau de Consta\u00e7\u00f5es de Curas, Dr. Alessandro de Franciscis, que est\u00e1 \u00e0 frente desta miss\u00e3o desde 2009, recebe as pessoas que desejam declarar uma cura. Se considerar o caso grave e merecedor de uma investiga\u00e7\u00e3o mais aprofundada, convocar\u00e1 os seus colegas m\u00e9dicos e cuidadores que estiverem presentes em Lourdes nesse dia e que tenham registado a sua presen\u00e7a no Santu\u00e1rio. Se os m\u00e9dicos decidirem coletivamente continuar a investiga\u00e7\u00e3o, a cura fica ent\u00e3o sujeita a um longo processo de pesquisa, que pode durar v\u00e1rios anos, e ao final do qual os membros do Comit\u00ea M\u00e9dico Internacional de Lourdes (CMIL) votam que a cura \u00e9 \u201cinexplic\u00e1vel no estado atual de nosso conhecimento\u201d.<br \/>O bispo do local de resid\u00eancia da pessoa curada \u00e9 ent\u00e3o informado do voto da CMIL. Cabe ent\u00e3o a ele, como representante da hierarquia da Igreja, tomar a decis\u00e3o de declarar um milagre (3).<br \/><br \/><\/p><h2>O trabalho e a vota\u00e7\u00e3o dos m\u00e9dicos devem obedecer a um conjunto de 7 crit\u00e9rios 4:<\/h2><ol><li>O 1\u00ba crit\u00e9rio \u00e9 que a doen\u00e7a seja grave e com progn\u00f3stico desfavor\u00e1vel de cura.<\/li><li>Em segundo lugar, \u00e9 preciso que a doen\u00e7a seja conhecida e registrada pela Medicina.<\/li><li>Em terceiro lugar, essa doen\u00e7a deve ser org\u00e2nica, lesional, ou seja, deve haver crit\u00e9rios objetivos, biol\u00f3gicos, radiol\u00f3gicos, tudo o que existe atualmente na Medicina. Isso significa que ainda hoje n\u00e3o reconheceremos curas de patologias sem crit\u00e9rios objetivos precisos, como doen\u00e7as psicol\u00f3gicas, psiqui\u00e1tricas, funcionais, nervosas, etc. (isso n\u00e3o significa que essas doen\u00e7as n\u00e3o possam ser curadas, mas de acordo com os crit\u00e9rios da Igreja, elas n\u00e3o ser\u00e3o reconhecidas como milagres no estado atual das coisas).<\/li><li>Em quarto lugar, n\u00e3o deve ter havido nenhum tratamento ao qual a cura pudesse ser atribu\u00edda.<\/li><li>O 5\u00ba crit\u00e9rio diz respeito ao momento da cura em si: a recupera\u00e7\u00e3o deve ser repentina, instant\u00e2nea, imediata e sem convalescen\u00e7a.<\/li><li>Finalmente, ap\u00f3s a cura, <strong>existem dois crit\u00e9rios adicionais:<\/strong> \u00e9 preciso que n\u00e3o seja apenas uma regress\u00e3o dos sintomas, mas um retorno de todas as fun\u00e7\u00f5es vitais e, finalmente, n\u00e3o deve ser apenas uma remiss\u00e3o, mas uma cura duradoura e definitiva.<\/li><\/ol><p><sup>1 &#8211; O ritual do banho no Santu\u00e1rio de Nossa Senhora de Lourdes est\u00e1 inscrito no patrim\u00f3nio cultural imaterial.<br \/>2 &#8211; Galeria de retratos dos 70 milagres de Lourdes no 1\u00ba andar do Acolhimento Jean-Paul II.<br \/><\/sup><sup>3 &#8211; Defini\u00e7\u00e3o de Milagre: \u201cUm fato extraordin\u00e1rio e espantoso fora do curso normal dos acontecimentos. \u00c9 uma manifesta\u00e7\u00e3o do poder e da interven\u00e7\u00e3o de Deus que traz a revela\u00e7\u00e3o de sua presen\u00e7a e da liberdade que ele usa para realizar seus prop\u00f3sitos. O milagre n\u00e3o tem finalidade pr\u00f3pria; ele direciona nosso olhar mais longe, revelando a presen\u00e7a imediata de Deus&#8221; (Fonte: Confer\u00eancia Episcopal Francesa)<br \/>4 &#8211; S\u00e3o os mesmos crit\u00e9rios utilizados pela Congrega\u00e7\u00e3o para as Causas dos Santos no Vaticano, que os utiliza no reconhecimento de milagres em conex\u00e3o com beatifica\u00e7\u00f5es e canoniza\u00e7\u00f5es. Eles foram definidos pelo Cardeal Lambertini (futuro Papa Bento XIV).<br \/><\/sup><\/p>\t\t\t\t\t\t\t\t<\/div>\n\t\t\t\t<\/div>\n\t\t\t\t\t<\/div>\n\t\t<\/div>\n\t\t\t\t\t<\/div>\n\t\t<\/section>\n\t\t\t\t<section class=\"elementor-section elementor-top-section elementor-element elementor-element-b071154 elementor-section-boxed elementor-section-height-default elementor-section-height-default\" data-id=\"b071154\" data-element_type=\"section\">\n\t\t\t\t\t\t<div class=\"elementor-container elementor-column-gap-default\">\n\t\t\t\t\t<div class=\"elementor-column elementor-col-100 elementor-top-column elementor-element elementor-element-5f12d29\" data-id=\"5f12d29\" data-element_type=\"column\">\n\t\t\t<div class=\"elementor-widget-wrap elementor-element-populated\">\n\t\t\t\t\t\t<div class=\"elementor-element elementor-element-8c6c5bb elementor-align-center elementor-widget elementor-widget-button\" data-id=\"8c6c5bb\" data-element_type=\"widget\" data-widget_type=\"button.default\">\n\t\t\t\t<div class=\"elementor-widget-container\">\n\t\t\t\t\t\t\t\t\t<div class=\"elementor-button-wrapper\">\n\t\t\t\t\t<a class=\"elementor-button elementor-button-link elementor-size-sm\" href=\"https:\/\/www.lourdes-france.com\/guerison-et-miracles\/\" target=\"_blank\">\n\t\t\t\t\t\t<span class=\"elementor-button-content-wrapper\">\n\t\t\t\t\t\t\t\t\t<span class=\"elementor-button-text\">AS 70 CURAS RECONHECIDAS COMO MIRACULOSAS PELA IGREJA CAT\u00d3LICA<\/span>\n\t\t\t\t\t<\/span>\n\t\t\t\t\t<\/a>\n\t\t\t\t<\/div>\n\t\t\t\t\t\t\t\t<\/div>\n\t\t\t\t<\/div>\n\t\t\t\t<div class=\"elementor-element elementor-element-bcb616a elementor-align-center elementor-widget elementor-widget-button\" data-id=\"bcb616a\" data-element_type=\"widget\" data-widget_type=\"button.default\">\n\t\t\t\t<div class=\"elementor-widget-container\">\n\t\t\t\t\t\t\t\t\t<div class=\"elementor-button-wrapper\">\n\t\t\t\t\t<a class=\"elementor-button elementor-button-link elementor-size-sm\" href=\"https:\/\/www.amilourdes.com\/homepage-fr\/\" target=\"_blank\">\n\t\t\t\t\t\t<span class=\"elementor-button-content-wrapper\">\n\t\t\t\t\t\t\t\t\t<span class=\"elementor-button-text\">ASSOCIA\u00c7\u00c3O M\u00c9DICA INTERNACIONAL DE LOURDES (AMIL)<\/span>\n\t\t\t\t\t<\/span>\n\t\t\t\t\t<\/a>\n\t\t\t\t<\/div>\n\t\t\t\t\t\t\t\t<\/div>\n\t\t\t\t<\/div>\n\t\t\t\t\t<\/div>\n\t\t<\/div>\n\t\t\t\t\t<\/div>\n\t\t<\/section>\n\t\t\t\t<\/div>\n\t\t","protected":false},"excerpt":{"rendered":"<p>Os milagres de Lourdes Os primeiros milagres em Lourdes aconteceram logo ap\u00f3s as apari\u00e7\u00f5es da Virgem Maria a Bernadette Soubirous (Santa Bernadette) em 1858. Desde ent\u00e3o, milhares de declara\u00e7\u00f5es de cura foram coletadas por uma institui\u00e7\u00e3o \u00fanica no mundo: o &hellip; <a href=\"https:\/\/www.lourdes-france.org\/pt-br\/os-milagres-de-lourdes\/\">Conte\u00fado<\/a><\/p>\n","protected":false},"author":7,"featured_media":0,"parent":0,"menu_order":0,"comment_status":"closed","ping_status":"closed","template":"","meta":{"_acf_changed":false,"footnotes":""},"class_list":["post-899406","page","type-page","status-publish","hentry"],"acf":[],"yoast_head":"<!-- This site is optimized with the Yoast SEO plugin v24.7 - https:\/\/yoast.com\/wordpress\/plugins\/seo\/ -->\n<title>Les miracles de Lourdes<\/title>\n<meta name=\"description\" content=\"Les premiers miracles de Lourdes ont eu lieu apr\u00e8s les apparitions de la Vierge \u00e0 Bernadette en 1858 recueillies par le Bureau des constatations m\u00e9dicales.\" \/>\n<meta name=\"robots\" content=\"index, follow, max-snippet:-1, max-image-preview:large, max-video-preview:-1\" \/>\n<link rel=\"canonical\" href=\"https:\/\/www.lourdes-france.org\/pt-br\/os-milagres-de-lourdes\/\" \/>\n<meta name=\"twitter:label1\" content=\"Est. tempo de leitura\" \/>\n\t<meta name=\"twitter:data1\" content=\"5 minutos\" \/>\n<script type=\"application\/ld+json\" class=\"yoast-schema-graph\">{\"@context\":\"https:\/\/schema.org\",\"@graph\":[{\"@type\":\"WebPage\",\"@id\":\"https:\/\/www.lourdes-france.org\/pt-br\/os-milagres-de-lourdes\/\",\"url\":\"https:\/\/www.lourdes-france.org\/pt-br\/os-milagres-de-lourdes\/\",\"name\":\"Les miracles de Lourdes\",\"isPartOf\":{\"@id\":\"https:\/\/preprod-lourdes.cawita.com\/#website\"},\"primaryImageOfPage\":{\"@id\":\"https:\/\/www.lourdes-france.org\/pt-br\/os-milagres-de-lourdes\/#primaryimage\"},\"image\":{\"@id\":\"https:\/\/www.lourdes-france.org\/pt-br\/os-milagres-de-lourdes\/#primaryimage\"},\"thumbnailUrl\":\"https:\/\/www.lourdes-france.org\/wp-content\/uploads\/2022\/06\/7-1er_Cas_Louis_Bouriette_recadre-2048x1365.jpg\",\"datePublished\":\"2022-03-24T13:09:09+00:00\",\"dateModified\":\"2023-06-26T07:08:58+00:00\",\"description\":\"Les premiers miracles de Lourdes ont eu lieu apr\u00e8s les apparitions de la Vierge \u00e0 Bernadette en 1858 recueillies par le Bureau des constatations m\u00e9dicales.\",\"breadcrumb\":{\"@id\":\"https:\/\/www.lourdes-france.org\/pt-br\/os-milagres-de-lourdes\/#breadcrumb\"},\"inLanguage\":\"pt-BR\",\"potentialAction\":[{\"@type\":\"ReadAction\",\"target\":[\"https:\/\/www.lourdes-france.org\/pt-br\/os-milagres-de-lourdes\/\"]}]},{\"@type\":\"ImageObject\",\"inLanguage\":\"pt-BR\",\"@id\":\"https:\/\/www.lourdes-france.org\/pt-br\/os-milagres-de-lourdes\/#primaryimage\",\"url\":\"https:\/\/www.lourdes-france.org\/wp-content\/uploads\/2022\/06\/7-1er_Cas_Louis_Bouriette_recadre-2048x1365.jpg\",\"contentUrl\":\"https:\/\/www.lourdes-france.org\/wp-content\/uploads\/2022\/06\/7-1er_Cas_Louis_Bouriette_recadre-2048x1365.jpg\"},{\"@type\":\"BreadcrumbList\",\"@id\":\"https:\/\/www.lourdes-france.org\/pt-br\/os-milagres-de-lourdes\/#breadcrumb\",\"itemListElement\":[{\"@type\":\"ListItem\",\"position\":1,\"name\":\"Accueil\",\"item\":\"https:\/\/www.lourdes-france.org\/\"},{\"@type\":\"ListItem\",\"position\":2,\"name\":\"Os milagres de Lourdes\"}]},{\"@type\":\"WebSite\",\"@id\":\"https:\/\/preprod-lourdes.cawita.com\/#website\",\"url\":\"https:\/\/preprod-lourdes.cawita.com\/\",\"name\":\"Soutenir le Sanctuaire Notre-Dame de Lourdes\",\"description\":\"\",\"potentialAction\":[{\"@type\":\"SearchAction\",\"target\":{\"@type\":\"EntryPoint\",\"urlTemplate\":\"https:\/\/preprod-lourdes.cawita.com\/?s={search_term_string}\"},\"query-input\":{\"@type\":\"PropertyValueSpecification\",\"valueRequired\":true,\"valueName\":\"search_term_string\"}}],\"inLanguage\":\"pt-BR\"}]}<\/script>\n<!-- \/ Yoast SEO plugin. -->","yoast_head_json":{"title":"Les miracles de Lourdes","description":"Les premiers miracles de Lourdes ont eu lieu apr\u00e8s les apparitions de la Vierge \u00e0 Bernadette en 1858 recueillies par le Bureau des constatations m\u00e9dicales.","robots":{"index":"index","follow":"follow","max-snippet":"max-snippet:-1","max-image-preview":"max-image-preview:large","max-video-preview":"max-video-preview:-1"},"canonical":"https:\/\/www.lourdes-france.org\/pt-br\/os-milagres-de-lourdes\/","twitter_misc":{"Est. tempo de leitura":"5 minutos"},"schema":{"@context":"https:\/\/schema.org","@graph":[{"@type":"WebPage","@id":"https:\/\/www.lourdes-france.org\/pt-br\/os-milagres-de-lourdes\/","url":"https:\/\/www.lourdes-france.org\/pt-br\/os-milagres-de-lourdes\/","name":"Les miracles de Lourdes","isPartOf":{"@id":"https:\/\/preprod-lourdes.cawita.com\/#website"},"primaryImageOfPage":{"@id":"https:\/\/www.lourdes-france.org\/pt-br\/os-milagres-de-lourdes\/#primaryimage"},"image":{"@id":"https:\/\/www.lourdes-france.org\/pt-br\/os-milagres-de-lourdes\/#primaryimage"},"thumbnailUrl":"https:\/\/www.lourdes-france.org\/wp-content\/uploads\/2022\/06\/7-1er_Cas_Louis_Bouriette_recadre-2048x1365.jpg","datePublished":"2022-03-24T13:09:09+00:00","dateModified":"2023-06-26T07:08:58+00:00","description":"Les premiers miracles de Lourdes ont eu lieu apr\u00e8s les apparitions de la Vierge \u00e0 Bernadette en 1858 recueillies par le Bureau des constatations m\u00e9dicales.","breadcrumb":{"@id":"https:\/\/www.lourdes-france.org\/pt-br\/os-milagres-de-lourdes\/#breadcrumb"},"inLanguage":"pt-BR","potentialAction":[{"@type":"ReadAction","target":["https:\/\/www.lourdes-france.org\/pt-br\/os-milagres-de-lourdes\/"]}]},{"@type":"ImageObject","inLanguage":"pt-BR","@id":"https:\/\/www.lourdes-france.org\/pt-br\/os-milagres-de-lourdes\/#primaryimage","url":"https:\/\/www.lourdes-france.org\/wp-content\/uploads\/2022\/06\/7-1er_Cas_Louis_Bouriette_recadre-2048x1365.jpg","contentUrl":"https:\/\/www.lourdes-france.org\/wp-content\/uploads\/2022\/06\/7-1er_Cas_Louis_Bouriette_recadre-2048x1365.jpg"},{"@type":"BreadcrumbList","@id":"https:\/\/www.lourdes-france.org\/pt-br\/os-milagres-de-lourdes\/#breadcrumb","itemListElement":[{"@type":"ListItem","position":1,"name":"Accueil","item":"https:\/\/www.lourdes-france.org\/"},{"@type":"ListItem","position":2,"name":"Os milagres de Lourdes"}]},{"@type":"WebSite","@id":"https:\/\/preprod-lourdes.cawita.com\/#website","url":"https:\/\/preprod-lourdes.cawita.com\/","name":"Soutenir le Sanctuaire Notre-Dame de Lourdes","description":"","potentialAction":[{"@type":"SearchAction","target":{"@type":"EntryPoint","urlTemplate":"https:\/\/preprod-lourdes.cawita.com\/?s={search_term_string}"},"query-input":{"@type":"PropertyValueSpecification","valueRequired":true,"valueName":"search_term_string"}}],"inLanguage":"pt-BR"}]}},"_links":{"self":[{"href":"https:\/\/www.lourdes-france.org\/pt-br\/wp-json\/wp\/v2\/pages\/899406","targetHints":{"allow":["GET"]}}],"collection":[{"href":"https:\/\/www.lourdes-france.org\/pt-br\/wp-json\/wp\/v2\/pages"}],"about":[{"href":"https:\/\/www.lourdes-france.org\/pt-br\/wp-json\/wp\/v2\/types\/page"}],"author":[{"embeddable":true,"href":"https:\/\/www.lourdes-france.org\/pt-br\/wp-json\/wp\/v2\/users\/7"}],"replies":[{"embeddable":true,"href":"https:\/\/www.lourdes-france.org\/pt-br\/wp-json\/wp\/v2\/comments?post=899406"}],"version-history":[{"count":3,"href":"https:\/\/www.lourdes-france.org\/pt-br\/wp-json\/wp\/v2\/pages\/899406\/revisions"}],"predecessor-version":[{"id":899411,"href":"https:\/\/www.lourdes-france.org\/pt-br\/wp-json\/wp\/v2\/pages\/899406\/revisions\/899411"}],"wp:attachment":[{"href":"https:\/\/www.lourdes-france.org\/pt-br\/wp-json\/wp\/v2\/media?parent=899406"}],"curies":[{"name":"wp","href":"https:\/\/api.w.org\/{rel}","templated":true}]}}