{"id":899412,"date":"2022-03-25T14:32:21","date_gmt":"2022-03-25T13:32:21","guid":{"rendered":"https:\/\/www.lourdes-france.org\/les-pelerinages\/"},"modified":"2025-11-05T16:58:59","modified_gmt":"2025-11-05T15:58:59","slug":"peregrinacoes-a-lourdes","status":"publish","type":"page","link":"https:\/\/www.lourdes-france.org\/pt-br\/peregrinacoes-a-lourdes\/","title":{"rendered":"Peregrina\u00e7\u00f5es a Lourdes"},"content":{"rendered":"\t\t<div data-elementor-type=\"wp-page\" data-elementor-id=\"899412\" class=\"elementor elementor-899412 elementor-848845\" data-elementor-post-type=\"page\">\n\t\t\t\t\t\t<section class=\"elementor-section elementor-top-section elementor-element elementor-element-2c4bbb69 elementor-section-full_width elementor-section-stretched elementor-section-height-default elementor-section-height-default\" data-id=\"2c4bbb69\" data-element_type=\"section\" data-settings=\"{&quot;stretch_section&quot;:&quot;section-stretched&quot;,&quot;background_background&quot;:&quot;classic&quot;}\">\n\t\t\t\t\t\t<div class=\"elementor-container elementor-column-gap-default\">\n\t\t\t\t\t<div class=\"elementor-column elementor-col-100 elementor-top-column elementor-element elementor-element-602e903e\" data-id=\"602e903e\" data-element_type=\"column\">\n\t\t\t<div class=\"elementor-widget-wrap elementor-element-populated\">\n\t\t\t\t\t\t<div class=\"elementor-element elementor-element-17a96123 elementor-widget elementor-widget-spacer\" data-id=\"17a96123\" data-element_type=\"widget\" data-widget_type=\"spacer.default\">\n\t\t\t\t<div class=\"elementor-widget-container\">\n\t\t\t\t\t\t\t<div class=\"elementor-spacer\">\n\t\t\t<div class=\"elementor-spacer-inner\"><\/div>\n\t\t<\/div>\n\t\t\t\t\t\t<\/div>\n\t\t\t\t<\/div>\n\t\t\t\t\t<\/div>\n\t\t<\/div>\n\t\t\t\t\t<\/div>\n\t\t<\/section>\n\t\t\t\t<section class=\"elementor-section elementor-top-section elementor-element elementor-element-7b04bf40 elementor-section-full_width elementor-section-height-default elementor-section-height-default\" data-id=\"7b04bf40\" data-element_type=\"section\" data-settings=\"{&quot;background_background&quot;:&quot;classic&quot;}\">\n\t\t\t\t\t\t<div class=\"elementor-container elementor-column-gap-default\">\n\t\t\t\t\t<div class=\"elementor-column elementor-col-100 elementor-top-column elementor-element elementor-element-78336e3b\" data-id=\"78336e3b\" data-element_type=\"column\">\n\t\t\t<div class=\"elementor-widget-wrap elementor-element-populated\">\n\t\t\t\t\t\t<div class=\"elementor-element elementor-element-698f0e8a elementor-widget elementor-widget-spacer\" data-id=\"698f0e8a\" data-element_type=\"widget\" data-widget_type=\"spacer.default\">\n\t\t\t\t<div class=\"elementor-widget-container\">\n\t\t\t\t\t\t\t<div class=\"elementor-spacer\">\n\t\t\t<div class=\"elementor-spacer-inner\"><\/div>\n\t\t<\/div>\n\t\t\t\t\t\t<\/div>\n\t\t\t\t<\/div>\n\t\t\t\t<div class=\"elementor-element elementor-element-169794e0 elementor-widget elementor-widget-heading\" data-id=\"169794e0\" data-element_type=\"widget\" data-widget_type=\"heading.default\">\n\t\t\t\t<div class=\"elementor-widget-container\">\n\t\t\t\t\t<h2 class=\"elementor-heading-title elementor-size-default\">Peregrina\u00e7\u00e3o de Lourdes\n<\/h2>\t\t\t\t<\/div>\n\t\t\t\t<\/div>\n\t\t\t\t<div class=\"elementor-element elementor-element-44b3b283 elementor-widget elementor-widget-heading\" data-id=\"44b3b283\" data-element_type=\"widget\" data-widget_type=\"heading.default\">\n\t\t\t\t<div class=\"elementor-widget-container\">\n\t\t\t\t\t<h2 class=\"elementor-heading-title elementor-size-default\">_________________<\/h2>\t\t\t\t<\/div>\n\t\t\t\t<\/div>\n\t\t\t\t<div class=\"elementor-element elementor-element-035c9ad elementor-widget elementor-widget-text-editor\" data-id=\"035c9ad\" data-element_type=\"widget\" data-widget_type=\"text-editor.default\">\n\t\t\t\t<div class=\"elementor-widget-container\">\n\t\t\t\t\t\t\t\t\t<p style=\"text-align: center;\"><b>O <a href=\"https:\/\/www.lourdes-france.org\/?page_id=1033066&amp;preview=true\">Santu\u00e1rio de Nossa Senhora de Lourdes<\/a> tem como miss\u00e3o acolher os <a href=\"https:\/\/www.lourdes-france.org\/?page_id=1033083&amp;preview=true\">peregrinos<\/a> que v\u00eam em peregrina\u00e7\u00e3o a Lourdes.<\/b><\/p><p>A peregrina\u00e7\u00e3o* pode ser realizada de forma individual, em grupo ou em <a href=\"https:\/\/www.lourdes-france.org\/pelerinages-organises-de-lourdes\/\">peregrina\u00e7\u00e3o organizada<\/a>. Desde os <a href=\"https:\/\/www.lourdes-france.org\/?page_id=1050298&amp;preview=true\">papas<\/a> at\u00e9 os simples visitantes curiosos em conhecer o Santu\u00e1rio, todos s\u00e3o <a href=\"https:\/\/www.lourdes-france.org\/?page_id=1033089&amp;preview=true\">peregrinos<\/a> e realizam um ato de peregrina\u00e7\u00e3o junto \u00e0 Virgem Maria, Imaculada Concei\u00e7\u00e3o.<\/p><p>A particularidade da <a href=\"https:\/\/www.lourdes-france.org\/les-pelerinages\/organiser-un-pelerinage\/\">peregrina\u00e7\u00e3o<\/a> de Lourdes \u00e9 o acolhimento e o primeiro lugar dado aos <a href=\"https:\/\/www.lourdes-france.org\/?page_id=1033085&amp;preview=true\">peregrinos doentes<\/a> ou <a href=\"https:\/\/www.lourdes-france.com\/lourdes-un-sanctuaire-accessible-a-tous\/\">portadores de defici\u00eancia<\/a>. Existem at\u00e9 <a href=\"https:\/\/www.lourdes-france.org\/hebergements-sanctuaire\/\">hospedagens espec\u00edficas<\/a> dedicadas a eles.<br \/>O recolhimento, a <a href=\"https:\/\/www.lourdes-france.org\/?page_id=1033087&amp;preview=true\">ora\u00e7\u00e3o<\/a>, a tranquilidade e a perman\u00eancia s\u00e3o as caracter\u00edsticas dessa jornada de f\u00e9 que \u00e9 a peregrina\u00e7\u00e3o a Lourdes.<\/p><p>* <i>Viagem realizada com um esp\u00edrito de devo\u00e7\u00e3o ou penit\u00eancia at\u00e9 um local sagrado, onde se celebra um culto ou rito particular. O local pode ser, por exemplo, um lugar onde est\u00e3o depositadas rel\u00edquias, onde viveu um santo, ou onde Deus escolheu se manifestar ao homem atrav\u00e9s de uma apari\u00e7\u00e3o ou milagres.<\/i><\/p>\t\t\t\t\t\t\t\t<\/div>\n\t\t\t\t<\/div>\n\t\t\t\t<div class=\"elementor-element elementor-element-a990aee elementor-skin-carousel elementor-arrows-yes elementor-pagination-type-bullets elementor-pagination-position-outside elementor-widget elementor-widget-media-carousel\" data-id=\"a990aee\" data-element_type=\"widget\" data-settings=\"{&quot;skin&quot;:&quot;carousel&quot;,&quot;effect&quot;:&quot;slide&quot;,&quot;show_arrows&quot;:&quot;yes&quot;,&quot;pagination&quot;:&quot;bullets&quot;,&quot;speed&quot;:500,&quot;autoplay&quot;:&quot;yes&quot;,&quot;autoplay_speed&quot;:5000,&quot;loop&quot;:&quot;yes&quot;,&quot;pause_on_hover&quot;:&quot;yes&quot;,&quot;pause_on_interaction&quot;:&quot;yes&quot;,&quot;space_between&quot;:{&quot;unit&quot;:&quot;px&quot;,&quot;size&quot;:10,&quot;sizes&quot;:[]},&quot;space_between_tablet&quot;:{&quot;unit&quot;:&quot;px&quot;,&quot;size&quot;:10,&quot;sizes&quot;:[]},&quot;space_between_mobile&quot;:{&quot;unit&quot;:&quot;px&quot;,&quot;size&quot;:10,&quot;sizes&quot;:[]}}\" data-widget_type=\"media-carousel.default\">\n\t\t\t\t<div class=\"elementor-widget-container\">\n\t\t\t\t\t\t\t\t\t<div class=\"elementor-swiper\">\n\t\t\t\t\t<div class=\"elementor-main-swiper swiper\" role=\"region\" aria-roledescription=\"carousel\" aria-label=\"Diapositives\">\n\t\t\t\t<div class=\"swiper-wrapper\">\n\t\t\t\t\t\t\t\t\t\t\t<div class=\"swiper-slide\" role=\"group\" aria-roledescription=\"slide\">\n\t\t\t\t\t\t\t<a href=\"https:\/\/www.lourdes-france.org\/les-pelerinages\/organiser-un-pelerinage\/\">\t\t<div class=\"elementor-carousel-image\" role=\"img\" aria-label=\"Nossa miss\u00e3o: acolher os peregrinos\" style=\"background-image: url(&#039;https:\/\/www.lourdes-france.org\/wp-content\/uploads\/2025\/11\/1-2.jpg&#039;)\">\n\n\t\t\t\n\t\t\t\t\t<\/div>\n\t\t<\/a>\t\t\t\t\t\t<\/div>\n\t\t\t\t\t\t\t\t\t\t\t<div class=\"swiper-slide\" role=\"group\" aria-roledescription=\"slide\">\n\t\t\t\t\t\t\t<a href=\"https:\/\/www.lourdes-france.org\/?page_id=1033083&#038;preview=true\">\t\t<div class=\"elementor-carousel-image\" role=\"img\" aria-label=\"A presen\u00e7a de doentes em Lourdes\" style=\"background-image: url(&#039;https:\/\/www.lourdes-france.org\/wp-content\/uploads\/2025\/11\/2-2.jpg&#039;)\">\n\n\t\t\t\n\t\t\t\t\t<\/div>\n\t\t<\/a>\t\t\t\t\t\t<\/div>\n\t\t\t\t\t\t\t\t\t\t\t<div class=\"swiper-slide\" role=\"group\" aria-roledescription=\"slide\">\n\t\t\t\t\t\t\t<a href=\"https:\/\/www.lourdes-france.org\/?page_id=1033085&#038;preview=true\">\t\t<div class=\"elementor-carousel-image\" role=\"img\" aria-label=\"A Ora\u00e7\u00e3o dos Peregrinos\" style=\"background-image: url(&#039;https:\/\/www.lourdes-france.org\/wp-content\/uploads\/2025\/11\/3-1.jpg&#039;)\">\n\n\t\t\t\n\t\t\t\t\t<\/div>\n\t\t<\/a>\t\t\t\t\t\t<\/div>\n\t\t\t\t\t\t\t\t\t\t\t<div class=\"swiper-slide\" role=\"group\" aria-roledescription=\"slide\">\n\t\t\t\t\t\t\t<a href=\"https:\/\/www.lourdes-france.org\/?page_id=1033087&#038;preview=true\">\t\t<div class=\"elementor-carousel-image\" role=\"img\" aria-label=\"Quem s\u00e3o os peregrinos de Lourdes?\" style=\"background-image: url(&#039;https:\/\/www.lourdes-france.org\/wp-content\/uploads\/2025\/11\/4.jpg&#039;)\">\n\n\t\t\t\n\t\t\t\t\t<\/div>\n\t\t<\/a>\t\t\t\t\t\t<\/div>\n\t\t\t\t\t\t\t\t\t\t\t<div class=\"swiper-slide\" role=\"group\" aria-roledescription=\"slide\">\n\t\t\t\t\t\t\t<a href=\"https:\/\/www.lourdes-france.org\/?page_id=1033089&#038;preview=true\">\t\t<div class=\"elementor-carousel-image\" role=\"img\" aria-label=\"Peregrina\u00e7\u00f5es organizadas de Lourdes\" style=\"background-image: url(&#039;https:\/\/www.lourdes-france.org\/wp-content\/uploads\/2025\/11\/5.jpg&#039;)\">\n\n\t\t\t\n\t\t\t\t\t<\/div>\n\t\t<\/a>\t\t\t\t\t\t<\/div>\n\t\t\t\t\t\t\t\t\t\t\t<div class=\"swiper-slide\" role=\"group\" aria-roledescription=\"slide\">\n\t\t\t\t\t\t\t<a href=\"https:\/\/www.lourdes-france.org\/pt-br\/pelerinages-organises-de-lourdes\/\">\t\t<div class=\"elementor-carousel-image\" role=\"img\" aria-label=\"Os papas peregrinos de Lourdes\" style=\"background-image: url(&#039;https:\/\/www.lourdes-france.org\/wp-content\/uploads\/2025\/11\/6.jpg&#039;)\">\n\n\t\t\t\n\t\t\t\t\t<\/div>\n\t\t<\/a>\t\t\t\t\t\t<\/div>\n\t\t\t\t\t\t\t\t\t\t\t<div class=\"swiper-slide\" role=\"group\" aria-roledescription=\"slide\">\n\t\t\t\t\t\t\t<a href=\"https:\/\/www.lourdes-france.org\/?page_id=1050298&#038;preview=true\">\t\t<div class=\"elementor-carousel-image\" role=\"img\" aria-label=\"Organize uma peregrina\u00e7\u00e3o \u00e0 Lourdes\" style=\"background-image: url(&#039;https:\/\/www.lourdes-france.org\/wp-content\/uploads\/2025\/11\/7.jpg&#039;)\">\n\n\t\t\t\n\t\t\t\t\t<\/div>\n\t\t<\/a>\t\t\t\t\t\t<\/div>\n\t\t\t\t\t\t\t\t\t\t\t<div class=\"swiper-slide\" role=\"group\" aria-roledescription=\"slide\">\n\t\t\t\t\t\t\t<a href=\"https:\/\/www.lourdes-france.org\/pt-br\/hebergements-sanctuaire\/\">\t\t<div class=\"elementor-carousel-image\" role=\"img\" aria-label=\"As hospedarias do Santu\u00e1rio\" style=\"background-image: url(&#039;https:\/\/www.lourdes-france.org\/wp-content\/uploads\/2025\/11\/8.jpg&#039;)\">\n\n\t\t\t\n\t\t\t\t\t<\/div>\n\t\t<\/a>\t\t\t\t\t\t<\/div>\n\t\t\t\t\t\t\t\t\t<\/div>\n\t\t\t\t\t\t\t\t\t\t\t\t\t\t\t<div class=\"elementor-swiper-button elementor-swiper-button-prev\" role=\"button\" tabindex=\"0\" aria-label=\"Anterior\">\n\t\t\t\t\t\t\t<i aria-hidden=\"true\" class=\"eicon-chevron-left\"><\/i>\t\t\t\t\t\t<\/div>\n\t\t\t\t\t\t<div class=\"elementor-swiper-button elementor-swiper-button-next\" role=\"button\" tabindex=\"0\" aria-label=\"Pr\u00f3ximo\">\n\t\t\t\t\t\t\t<i aria-hidden=\"true\" class=\"eicon-chevron-right\"><\/i>\t\t\t\t\t\t<\/div>\n\t\t\t\t\t\t\t\t\t\t\t\t\t\t\t\t<div class=\"swiper-pagination\"><\/div>\n\t\t\t\t\t\t\t\t\t\t\t\t<\/div>\n\t\t\t\t<\/div>\n\t\t\t\t\t\t\t\t<\/div>\n\t\t\t\t<\/div>\n\t\t\t\t<div class=\"elementor-element elementor-element-7b920b7e elementor-view-default elementor-widget elementor-widget-icon\" data-id=\"7b920b7e\" data-element_type=\"widget\" data-widget_type=\"icon.default\">\n\t\t\t\t<div class=\"elementor-widget-container\">\n\t\t\t\t\t\t\t<div class=\"elementor-icon-wrapper\">\n\t\t\t<div class=\"elementor-icon\">\n\t\t\t<i aria-hidden=\"true\" class=\"fas fa-church\"><\/i>\t\t\t<\/div>\n\t\t<\/div>\n\t\t\t\t\t\t<\/div>\n\t\t\t\t<\/div>\n\t\t\t\t\t<\/div>\n\t\t<\/div>\n\t\t\t\t\t<\/div>\n\t\t<\/section>\n\t\t\t\t<\/div>\n\t\t","protected":false},"excerpt":{"rendered":"<p>Peregrina\u00e7\u00e3o de Lourdes _________________ O Santu\u00e1rio de Nossa Senhora de Lourdes tem como miss\u00e3o acolher os peregrinos que v\u00eam em peregrina\u00e7\u00e3o a Lourdes. A peregrina\u00e7\u00e3o* pode ser realizada de forma individual, em grupo ou em peregrina\u00e7\u00e3o organizada. Desde os papas &hellip; <a href=\"https:\/\/www.lourdes-france.org\/pt-br\/peregrinacoes-a-lourdes\/\">Conte\u00fado<\/a><\/p>\n","protected":false},"author":7,"featured_media":1043117,"parent":0,"menu_order":0,"comment_status":"closed","ping_status":"closed","template":"","meta":{"_acf_changed":false,"footnotes":""},"class_list":["post-899412","page","type-page","status-publish","has-post-thumbnail","hentry"],"acf":[],"yoast_head":"<!-- This site is optimized with the Yoast SEO plugin v24.7 - https:\/\/yoast.com\/wordpress\/plugins\/seo\/ -->\n<title>Peregrina\u00e7\u00f5es a Lourdes<\/title>\n<meta name=\"robots\" content=\"index, follow, max-snippet:-1, max-image-preview:large, max-video-preview:-1\" \/>\n<link rel=\"canonical\" href=\"https:\/\/www.lourdes-france.org\/pt-br\/peregrinacoes-a-lourdes\/\" \/>\n<meta name=\"twitter:label1\" content=\"Est. tempo de leitura\" \/>\n\t<meta name=\"twitter:data1\" content=\"1 minuto\" \/>\n<script type=\"application\/ld+json\" class=\"yoast-schema-graph\">{\"@context\":\"https:\/\/schema.org\",\"@graph\":[{\"@type\":\"WebPage\",\"@id\":\"https:\/\/www.lourdes-france.org\/pt-br\/peregrinacoes-a-lourdes\/\",\"url\":\"https:\/\/www.lourdes-france.org\/pt-br\/peregrinacoes-a-lourdes\/\",\"name\":\"Peregrina\u00e7\u00f5es a Lourdes\",\"isPartOf\":{\"@id\":\"https:\/\/preprod-lourdes.cawita.com\/#website\"},\"primaryImageOfPage\":{\"@id\":\"https:\/\/www.lourdes-france.org\/pt-br\/peregrinacoes-a-lourdes\/#primaryimage\"},\"image\":{\"@id\":\"https:\/\/www.lourdes-france.org\/pt-br\/peregrinacoes-a-lourdes\/#primaryimage\"},\"thumbnailUrl\":\"https:\/\/www.lourdes-france.org\/wp-content\/uploads\/2025\/07\/2024-onction-rosaire-4-scaled.jpg\",\"datePublished\":\"2022-03-25T13:32:21+00:00\",\"dateModified\":\"2025-11-05T15:58:59+00:00\",\"breadcrumb\":{\"@id\":\"https:\/\/www.lourdes-france.org\/pt-br\/peregrinacoes-a-lourdes\/#breadcrumb\"},\"inLanguage\":\"pt-BR\",\"potentialAction\":[{\"@type\":\"ReadAction\",\"target\":[\"https:\/\/www.lourdes-france.org\/pt-br\/peregrinacoes-a-lourdes\/\"]}]},{\"@type\":\"ImageObject\",\"inLanguage\":\"pt-BR\",\"@id\":\"https:\/\/www.lourdes-france.org\/pt-br\/peregrinacoes-a-lourdes\/#primaryimage\",\"url\":\"https:\/\/www.lourdes-france.org\/wp-content\/uploads\/2025\/07\/2024-onction-rosaire-4-scaled.jpg\",\"contentUrl\":\"https:\/\/www.lourdes-france.org\/wp-content\/uploads\/2025\/07\/2024-onction-rosaire-4-scaled.jpg\",\"width\":2560,\"height\":1707,\"caption\":\"Messe d'onction lors du p\u00e8lerinage du Rosaire\"},{\"@type\":\"BreadcrumbList\",\"@id\":\"https:\/\/www.lourdes-france.org\/pt-br\/peregrinacoes-a-lourdes\/#breadcrumb\",\"itemListElement\":[{\"@type\":\"ListItem\",\"position\":1,\"name\":\"Accueil\",\"item\":\"https:\/\/www.lourdes-france.org\/\"},{\"@type\":\"ListItem\",\"position\":2,\"name\":\"Peregrina\u00e7\u00f5es a Lourdes\"}]},{\"@type\":\"WebSite\",\"@id\":\"https:\/\/preprod-lourdes.cawita.com\/#website\",\"url\":\"https:\/\/preprod-lourdes.cawita.com\/\",\"name\":\"Soutenir le Sanctuaire Notre-Dame de Lourdes\",\"description\":\"\",\"potentialAction\":[{\"@type\":\"SearchAction\",\"target\":{\"@type\":\"EntryPoint\",\"urlTemplate\":\"https:\/\/preprod-lourdes.cawita.com\/?s={search_term_string}\"},\"query-input\":{\"@type\":\"PropertyValueSpecification\",\"valueRequired\":true,\"valueName\":\"search_term_string\"}}],\"inLanguage\":\"pt-BR\"}]}<\/script>\n<!-- \/ Yoast SEO plugin. -->","yoast_head_json":{"title":"Peregrina\u00e7\u00f5es a Lourdes","robots":{"index":"index","follow":"follow","max-snippet":"max-snippet:-1","max-image-preview":"max-image-preview:large","max-video-preview":"max-video-preview:-1"},"canonical":"https:\/\/www.lourdes-france.org\/pt-br\/peregrinacoes-a-lourdes\/","twitter_misc":{"Est. tempo de leitura":"1 minuto"},"schema":{"@context":"https:\/\/schema.org","@graph":[{"@type":"WebPage","@id":"https:\/\/www.lourdes-france.org\/pt-br\/peregrinacoes-a-lourdes\/","url":"https:\/\/www.lourdes-france.org\/pt-br\/peregrinacoes-a-lourdes\/","name":"Peregrina\u00e7\u00f5es a Lourdes","isPartOf":{"@id":"https:\/\/preprod-lourdes.cawita.com\/#website"},"primaryImageOfPage":{"@id":"https:\/\/www.lourdes-france.org\/pt-br\/peregrinacoes-a-lourdes\/#primaryimage"},"image":{"@id":"https:\/\/www.lourdes-france.org\/pt-br\/peregrinacoes-a-lourdes\/#primaryimage"},"thumbnailUrl":"https:\/\/www.lourdes-france.org\/wp-content\/uploads\/2025\/07\/2024-onction-rosaire-4-scaled.jpg","datePublished":"2022-03-25T13:32:21+00:00","dateModified":"2025-11-05T15:58:59+00:00","breadcrumb":{"@id":"https:\/\/www.lourdes-france.org\/pt-br\/peregrinacoes-a-lourdes\/#breadcrumb"},"inLanguage":"pt-BR","potentialAction":[{"@type":"ReadAction","target":["https:\/\/www.lourdes-france.org\/pt-br\/peregrinacoes-a-lourdes\/"]}]},{"@type":"ImageObject","inLanguage":"pt-BR","@id":"https:\/\/www.lourdes-france.org\/pt-br\/peregrinacoes-a-lourdes\/#primaryimage","url":"https:\/\/www.lourdes-france.org\/wp-content\/uploads\/2025\/07\/2024-onction-rosaire-4-scaled.jpg","contentUrl":"https:\/\/www.lourdes-france.org\/wp-content\/uploads\/2025\/07\/2024-onction-rosaire-4-scaled.jpg","width":2560,"height":1707,"caption":"Messe d'onction lors du p\u00e8lerinage du Rosaire"},{"@type":"BreadcrumbList","@id":"https:\/\/www.lourdes-france.org\/pt-br\/peregrinacoes-a-lourdes\/#breadcrumb","itemListElement":[{"@type":"ListItem","position":1,"name":"Accueil","item":"https:\/\/www.lourdes-france.org\/"},{"@type":"ListItem","position":2,"name":"Peregrina\u00e7\u00f5es a Lourdes"}]},{"@type":"WebSite","@id":"https:\/\/preprod-lourdes.cawita.com\/#website","url":"https:\/\/preprod-lourdes.cawita.com\/","name":"Soutenir le Sanctuaire Notre-Dame de Lourdes","description":"","potentialAction":[{"@type":"SearchAction","target":{"@type":"EntryPoint","urlTemplate":"https:\/\/preprod-lourdes.cawita.com\/?s={search_term_string}"},"query-input":{"@type":"PropertyValueSpecification","valueRequired":true,"valueName":"search_term_string"}}],"inLanguage":"pt-BR"}]}},"_links":{"self":[{"href":"https:\/\/www.lourdes-france.org\/pt-br\/wp-json\/wp\/v2\/pages\/899412","targetHints":{"allow":["GET"]}}],"collection":[{"href":"https:\/\/www.lourdes-france.org\/pt-br\/wp-json\/wp\/v2\/pages"}],"about":[{"href":"https:\/\/www.lourdes-france.org\/pt-br\/wp-json\/wp\/v2\/types\/page"}],"author":[{"embeddable":true,"href":"https:\/\/www.lourdes-france.org\/pt-br\/wp-json\/wp\/v2\/users\/7"}],"replies":[{"embeddable":true,"href":"https:\/\/www.lourdes-france.org\/pt-br\/wp-json\/wp\/v2\/comments?post=899412"}],"version-history":[{"count":3,"href":"https:\/\/www.lourdes-france.org\/pt-br\/wp-json\/wp\/v2\/pages\/899412\/revisions"}],"predecessor-version":[{"id":1083311,"href":"https:\/\/www.lourdes-france.org\/pt-br\/wp-json\/wp\/v2\/pages\/899412\/revisions\/1083311"}],"wp:featuredmedia":[{"embeddable":true,"href":"https:\/\/www.lourdes-france.org\/pt-br\/wp-json\/wp\/v2\/media\/1043117"}],"wp:attachment":[{"href":"https:\/\/www.lourdes-france.org\/pt-br\/wp-json\/wp\/v2\/media?parent=899412"}],"curies":[{"name":"wp","href":"https:\/\/api.w.org\/{rel}","templated":true}]}}