{"id":899418,"date":"2022-03-24T10:45:23","date_gmt":"2022-03-24T09:45:23","guid":{"rendered":"https:\/\/www.lourdes-france.org\/lesperance-des-malades\/"},"modified":"2023-06-26T10:17:53","modified_gmt":"2023-06-26T08:17:53","slug":"esperanca-dos-doentes","status":"publish","type":"page","link":"https:\/\/www.lourdes-france.org\/pt-br\/esperanca-dos-doentes\/","title":{"rendered":"A esperan\u00e7a dos doentes"},"content":{"rendered":"\t\t<div data-elementor-type=\"wp-page\" data-elementor-id=\"899418\" class=\"elementor elementor-899418 elementor-848456\" data-elementor-post-type=\"page\">\n\t\t\t\t\t\t<section class=\"elementor-section elementor-top-section elementor-element elementor-element-3281755e elementor-section-full_width elementor-section-stretched elementor-section-height-default elementor-section-height-default\" data-id=\"3281755e\" data-element_type=\"section\" data-settings=\"{&quot;stretch_section&quot;:&quot;section-stretched&quot;}\">\n\t\t\t\t\t\t<div class=\"elementor-container elementor-column-gap-default\">\n\t\t\t\t\t<div class=\"elementor-column elementor-col-100 elementor-top-column elementor-element elementor-element-6e02220c\" data-id=\"6e02220c\" data-element_type=\"column\">\n\t\t\t<div class=\"elementor-widget-wrap elementor-element-populated\">\n\t\t\t\t\t\t<div class=\"elementor-element elementor-element-5072b9a0 elementor-widget elementor-widget-image\" data-id=\"5072b9a0\" data-element_type=\"widget\" data-widget_type=\"image.default\">\n\t\t\t\t<div class=\"elementor-widget-container\">\n\t\t\t\t\t\t\t\t\t\t\t\t\t\t\t<img fetchpriority=\"high\" decoding=\"async\" width=\"1200\" height=\"800\" src=\"https:\/\/www.lourdes-france.org\/wp-content\/uploads\/2022\/03\/Vignette_Esperance_malades_1200x800px.jpg\" class=\"attachment-2048x2048 size-2048x2048 wp-image-898956\" alt=\"\" srcset=\"https:\/\/www.lourdes-france.org\/wp-content\/uploads\/2022\/03\/Vignette_Esperance_malades_1200x800px.jpg 1200w, https:\/\/www.lourdes-france.org\/wp-content\/uploads\/2022\/03\/Vignette_Esperance_malades_1200x800px-300x200.jpg 300w, https:\/\/www.lourdes-france.org\/wp-content\/uploads\/2022\/03\/Vignette_Esperance_malades_1200x800px-1024x683.jpg 1024w, https:\/\/www.lourdes-france.org\/wp-content\/uploads\/2022\/03\/Vignette_Esperance_malades_1200x800px-768x512.jpg 768w\" sizes=\"(max-width: 1200px) 100vw, 1200px\" \/>\t\t\t\t\t\t\t\t\t\t\t\t\t\t\t<\/div>\n\t\t\t\t<\/div>\n\t\t\t\t\t<\/div>\n\t\t<\/div>\n\t\t\t\t\t<\/div>\n\t\t<\/section>\n\t\t\t\t<section class=\"elementor-section elementor-top-section elementor-element elementor-element-4468ffa4 elementor-section-boxed elementor-section-height-default elementor-section-height-default\" data-id=\"4468ffa4\" data-element_type=\"section\">\n\t\t\t\t\t\t<div class=\"elementor-container elementor-column-gap-default\">\n\t\t\t\t\t<div class=\"elementor-column elementor-col-100 elementor-top-column elementor-element elementor-element-50f7777\" data-id=\"50f7777\" data-element_type=\"column\">\n\t\t\t<div class=\"elementor-widget-wrap elementor-element-populated\">\n\t\t\t\t\t\t<div class=\"elementor-element elementor-element-7b50965a elementor-widget elementor-widget-heading\" data-id=\"7b50965a\" data-element_type=\"widget\" data-widget_type=\"heading.default\">\n\t\t\t\t<div class=\"elementor-widget-container\">\n\t\t\t\t\t<h1 class=\"elementor-heading-title elementor-size-default\">Por que Lourdes atrai os doentes<span><\/span><\/h1>\t\t\t\t<\/div>\n\t\t\t\t<\/div>\n\t\t\t\t\t<\/div>\n\t\t<\/div>\n\t\t\t\t\t<\/div>\n\t\t<\/section>\n\t\t\t\t<section class=\"elementor-section elementor-top-section elementor-element elementor-element-e4885c5 elementor-section-boxed elementor-section-height-default elementor-section-height-default\" data-id=\"e4885c5\" data-element_type=\"section\">\n\t\t\t\t\t\t<div class=\"elementor-container elementor-column-gap-default\">\n\t\t\t\t\t<div class=\"elementor-column elementor-col-100 elementor-top-column elementor-element elementor-element-ac94633\" data-id=\"ac94633\" data-element_type=\"column\">\n\t\t\t<div class=\"elementor-widget-wrap elementor-element-populated\">\n\t\t\t\t\t\t<div class=\"elementor-element elementor-element-1d44838 elementor-widget elementor-widget-text-editor\" data-id=\"1d44838\" data-element_type=\"widget\" data-widget_type=\"text-editor.default\">\n\t\t\t\t<div class=\"elementor-widget-container\">\n\t\t\t\t\t\t\t\t\t<h2 style=\"text-align: left;\">Lourdes, quand on est malade, pour croire \u00e0 l\u2019impossible\u2026<\/h2><p style=\"text-align: left;\">Do terra\u00e7o do Acolhimento (Accueil) Notre-Dame, onde est\u00e1 hospedada no Santu\u00e1rio, Sasha, uma americana de 26 anos que sofre de c\u00e2ncer cerebral terminal, assiste impotente ao aumento do n\u00edvel do Gave de Pau durante a enchente que est\u00e1 prestes a causar estragos em Lourdes e seus arredores. A Gruta foi inundada por dois metros de \u00e1gua em 18 de junho de 2013. Dois dias se passaram. Dois dias de intensa espera por Sasha, que est\u00e1 olhando para a Gruta: ela conseguir\u00e1 alcan\u00e7\u00e1-la e beijar a rocha antes do final de sua estada? Esse \u00e9 seu \u00fanico desejo, seu \u00faltimo desejo antes de morrer: \u00e9 por isso que ela atravessou o Atl\u00e2ntico e reuniu as poucas for\u00e7as que lhe restavam. A \u00e1gua come\u00e7ou a baixar. Na noite anterior \u00e0 sua partida, beneficiando de uma autoriza\u00e7\u00e3o especial, Sasha \u00e9 conduzida numa cadeira de rodas at\u00e9 \u00e0 Gruta. Ela beija a rocha da Gruta e medita em sil\u00eancio. O momento dura apenas alguns minutos, mas como s\u00e3o intensos esses minutos! Sasha deixa Lourdes com a certeza de ter realizado seu \u00faltimo desejo. \u201cSou uma cientista, diz ela, sempre acreditei mais na medicina do que em milagres. Mas no meu caso, a medicina n\u00e3o pode fazer mais nada. Ent\u00e3o\u2026\u201d<\/p>\t\t\t\t\t\t\t\t<\/div>\n\t\t\t\t<\/div>\n\t\t\t\t\t<\/div>\n\t\t<\/div>\n\t\t\t\t\t<\/div>\n\t\t<\/section>\n\t\t\t\t<section class=\"elementor-section elementor-top-section elementor-element elementor-element-d5ac96e elementor-section-boxed elementor-section-height-default elementor-section-height-default\" data-id=\"d5ac96e\" data-element_type=\"section\">\n\t\t\t\t\t\t<div class=\"elementor-container elementor-column-gap-default\">\n\t\t\t\t\t<div class=\"elementor-column elementor-col-100 elementor-top-column elementor-element elementor-element-4ff7a7e\" data-id=\"4ff7a7e\" data-element_type=\"column\">\n\t\t\t<div class=\"elementor-widget-wrap elementor-element-populated\">\n\t\t\t\t\t\t<div class=\"elementor-element elementor-element-4c6d8ba elementor-widget elementor-widget-image\" data-id=\"4c6d8ba\" data-element_type=\"widget\" data-widget_type=\"image.default\">\n\t\t\t\t<div class=\"elementor-widget-container\">\n\t\t\t\t\t\t\t\t\t\t\t\t\t\t\t<img decoding=\"async\" width=\"500\" height=\"333\" src=\"https:\/\/www.lourdes-france.org\/wp-content\/uploads\/2022\/03\/Vignette_malades_500x333px.jpg\" class=\"attachment-large size-large wp-image-898957\" alt=\"\" srcset=\"https:\/\/www.lourdes-france.org\/wp-content\/uploads\/2022\/03\/Vignette_malades_500x333px.jpg 500w, https:\/\/www.lourdes-france.org\/wp-content\/uploads\/2022\/03\/Vignette_malades_500x333px-300x200.jpg 300w\" sizes=\"(max-width: 500px) 100vw, 500px\" \/>\t\t\t\t\t\t\t\t\t\t\t\t\t\t\t<\/div>\n\t\t\t\t<\/div>\n\t\t\t\t\t<\/div>\n\t\t<\/div>\n\t\t\t\t\t<\/div>\n\t\t<\/section>\n\t\t\t\t<section class=\"elementor-section elementor-top-section elementor-element elementor-element-c781c95 elementor-section-boxed elementor-section-height-default elementor-section-height-default\" data-id=\"c781c95\" data-element_type=\"section\">\n\t\t\t\t\t\t<div class=\"elementor-container elementor-column-gap-default\">\n\t\t\t\t\t<div class=\"elementor-column elementor-col-100 elementor-top-column elementor-element elementor-element-85abe57\" data-id=\"85abe57\" data-element_type=\"column\">\n\t\t\t<div class=\"elementor-widget-wrap elementor-element-populated\">\n\t\t\t\t\t\t<div class=\"elementor-element elementor-element-09608e9 elementor-widget elementor-widget-text-editor\" data-id=\"09608e9\" data-element_type=\"widget\" data-widget_type=\"text-editor.default\">\n\t\t\t\t<div class=\"elementor-widget-container\">\n\t\t\t\t\t\t\t\t\t<h2 style=\"text-align: left;\">Lourdes: para quando voc\u00ea est\u00e1 doente e quer encontrar a paz&#8230;<\/h2><p style=\"text-align: left;\">\u201cQuase morri tr\u00eas vezes\u201d, diz Sylvie Huchet, uma francesa de 44 anos de Vend\u00e9e e h\u00f3spede regular do Acolhimento Notre-Dame. \u201cUma vez cheguei a Lourdes mo\u00eddo como um gr\u00e3o de trigo. Eu estava no suporte de vida, deitada em uma maca com uma bomba de morfina. Pedi apenas uma coisa quando cheguei \u00e0 Gruta: M\u00e3e Maria, leva-me para o C\u00e9u! Em meu cora\u00e7\u00e3o, eu ainda queria viver, mas n\u00e3o tinha mais for\u00e7as para suportar o sofrimento. Eu queria encontrar a paz\u2026 para sempre.\u201d Em 1992, ap\u00f3s um acidente de tr\u00e2nsito, Sylvie contraiu uma infec\u00e7\u00e3o hospitalar. \u201cTenho uma infec\u00e7\u00e3o por estafilococos, ela explica. Eu tive 44 opera\u00e7\u00f5es. Hoje consegui esquecer a doen\u00e7a\u2026, mas n\u00e3o a dor!\u201d Ela continua: \u201cPreciso vir para Lourdes, tenho f\u00e9. Toda vez, vou aos banhos e choro. Um dia, recebi uma verdadeira cura aqui: eu tinha um abscesso no cora\u00e7\u00e3o e foi perfurado. Eu tinha perd\u00e3o para dar e finalmente pude d\u00e1-lo: recebi a gra\u00e7a da paz\u201d.<\/p>\t\t\t\t\t\t\t\t<\/div>\n\t\t\t\t<\/div>\n\t\t\t\t\t<\/div>\n\t\t<\/div>\n\t\t\t\t\t<\/div>\n\t\t<\/section>\n\t\t\t\t<section class=\"elementor-section elementor-top-section elementor-element elementor-element-8d9faad elementor-section-boxed elementor-section-height-default elementor-section-height-default\" data-id=\"8d9faad\" data-element_type=\"section\">\n\t\t\t\t\t\t<div class=\"elementor-container elementor-column-gap-default\">\n\t\t\t\t\t<div class=\"elementor-column elementor-col-100 elementor-top-column elementor-element elementor-element-9663c3c\" data-id=\"9663c3c\" data-element_type=\"column\">\n\t\t\t<div class=\"elementor-widget-wrap elementor-element-populated\">\n\t\t\t\t\t\t<div class=\"elementor-element elementor-element-89380d0 elementor-widget elementor-widget-text-editor\" data-id=\"89380d0\" data-element_type=\"widget\" data-widget_type=\"text-editor.default\">\n\t\t\t\t<div class=\"elementor-widget-container\">\n\t\t\t\t\t\t\t\t\t<h2 style=\"text-align: left;\">Lourdes: para quando voc\u00ea est\u00e1 doente e quer respirar espiritualmente&#8230;<\/h2><p style=\"text-align: left;\">Localizado perto do Port\u00e3o de S\u00e3o Jos\u00e9 do Santu\u00e1rio, o Acolhimento \u201cMarie Saint-Frai\u201d, dirigido por freiras, \u00e9 outro local onde os peregrinos doentes podem se hospedar. \u00c9 aqui que est\u00e1 hospedada Claire Abou Karam, uma libanesa de 30 anos. \u201cAcometida por uma doen\u00e7a neuromuscular semelhante \u00e0 miopatia, consegui vir de Beirute para Lourdes com o avi\u00e3o da Ordem de Malta\u201d, conta. N\u00e3o estou procurando ser curada. Estou aqui para parar e pensar na minha vida, meditar na Palavra de Deus e encontrar a Virgem Maria em seu Santu\u00e1rio\u201d. A sua felicidade na vida vem da sua f\u00e9 e da sua fam\u00edlia: m\u00e3e, irm\u00e3 e irm\u00e3os, sem esquecer o pai, Edward, que foi para o C\u00e9u e de quem ela se sente muito pr\u00f3xima em Lourdes, na comunh\u00e3o dos santos. Ela acrescenta com um sorriso: \u201cO amor nunca morre\u201d.<\/p>\t\t\t\t\t\t\t\t<\/div>\n\t\t\t\t<\/div>\n\t\t\t\t\t<\/div>\n\t\t<\/div>\n\t\t\t\t\t<\/div>\n\t\t<\/section>\n\t\t\t\t<section class=\"elementor-section elementor-top-section elementor-element elementor-element-0c7e582 elementor-section-boxed elementor-section-height-default elementor-section-height-default\" data-id=\"0c7e582\" data-element_type=\"section\">\n\t\t\t\t\t\t<div class=\"elementor-container elementor-column-gap-default\">\n\t\t\t\t\t<div class=\"elementor-column elementor-col-100 elementor-top-column elementor-element elementor-element-aa53b2c\" data-id=\"aa53b2c\" data-element_type=\"column\">\n\t\t\t<div class=\"elementor-widget-wrap elementor-element-populated\">\n\t\t\t\t\t\t<div class=\"elementor-element elementor-element-2884072 elementor-widget elementor-widget-image\" data-id=\"2884072\" data-element_type=\"widget\" data-widget_type=\"image.default\">\n\t\t\t\t<div class=\"elementor-widget-container\">\n\t\t\t\t\t\t\t\t\t\t\t\t\t\t\t<img decoding=\"async\" width=\"500\" height=\"333\" src=\"https:\/\/www.lourdes-france.org\/wp-content\/uploads\/2022\/03\/Vignette_malades2_500x333px.jpg\" class=\"attachment-large size-large wp-image-898958\" alt=\"\" srcset=\"https:\/\/www.lourdes-france.org\/wp-content\/uploads\/2022\/03\/Vignette_malades2_500x333px.jpg 500w, https:\/\/www.lourdes-france.org\/wp-content\/uploads\/2022\/03\/Vignette_malades2_500x333px-300x200.jpg 300w\" sizes=\"(max-width: 500px) 100vw, 500px\" \/>\t\t\t\t\t\t\t\t\t\t\t\t\t\t\t<\/div>\n\t\t\t\t<\/div>\n\t\t\t\t\t<\/div>\n\t\t<\/div>\n\t\t\t\t\t<\/div>\n\t\t<\/section>\n\t\t\t\t<section class=\"elementor-section elementor-top-section elementor-element elementor-element-5ea28b6 elementor-section-boxed elementor-section-height-default elementor-section-height-default\" data-id=\"5ea28b6\" data-element_type=\"section\">\n\t\t\t\t\t\t<div class=\"elementor-container elementor-column-gap-default\">\n\t\t\t\t\t<div class=\"elementor-column elementor-col-100 elementor-top-column elementor-element elementor-element-339dae8\" data-id=\"339dae8\" data-element_type=\"column\">\n\t\t\t<div class=\"elementor-widget-wrap elementor-element-populated\">\n\t\t\t\t\t\t<div class=\"elementor-element elementor-element-f1106b3 elementor-widget elementor-widget-text-editor\" data-id=\"f1106b3\" data-element_type=\"widget\" data-widget_type=\"text-editor.default\">\n\t\t\t\t<div class=\"elementor-widget-container\">\n\t\t\t\t\t\t\t\t\t<h2 style=\"text-align: left;\">Lourdes: para quando estiver doente e quiser sair da solid\u00e3o&#8230;<\/h2><p style=\"text-align: left;\">Alguns dos doentes ficam em hot\u00e9is. \u00c9 o caso, por exemplo, de Dominique Gardeil, 65 anos. Este franc\u00eas de Grenoble est\u00e1 hospedado no Hotel Arcades este ano. Ele veio para Lourdes com a peregrina\u00e7\u00e3o para doentes de Parkinson. \u201cUm dia quis assinar um cheque e n\u00e3o consegui\u201d, explica. Esse foi o primeiro sintoma da doen\u00e7a. Dois meses depois, foi feito o diagn\u00f3stico neurol\u00f3gico: Parkinson. \u201cFiz uma opera\u00e7\u00e3o de estimula\u00e7\u00e3o cerebral profunda h\u00e1 quatro anos. Ajudou a retardar o processo destrutivo da doen\u00e7a.\u201d Dominique est\u00e1 feliz por ainda estar \u201cvivo e independente\u201d. Ele agora \u00e9 o presidente da associa\u00e7\u00e3o que organiza a peregrina\u00e7\u00e3o e v\u00ea em Lourdes uma oportunidade de vivenciar um momento especial com os amigos. Ele diz: \u201cA peregrina\u00e7\u00e3o me d\u00e1 coragem e for\u00e7a para enfrentar a vida cotidiana. Agora, gra\u00e7as \u00e0 experi\u00eancia de Lourdes, sei que n\u00e3o estou sozinho\u201d.<\/p>\t\t\t\t\t\t\t\t<\/div>\n\t\t\t\t<\/div>\n\t\t\t\t\t<\/div>\n\t\t<\/div>\n\t\t\t\t\t<\/div>\n\t\t<\/section>\n\t\t\t\t<section class=\"elementor-section elementor-top-section elementor-element elementor-element-fa32ba0 elementor-section-boxed elementor-section-height-default elementor-section-height-default\" data-id=\"fa32ba0\" data-element_type=\"section\">\n\t\t\t\t\t\t<div class=\"elementor-container elementor-column-gap-default\">\n\t\t\t\t\t<div class=\"elementor-column elementor-col-100 elementor-top-column elementor-element elementor-element-e4320ca\" data-id=\"e4320ca\" data-element_type=\"column\">\n\t\t\t<div class=\"elementor-widget-wrap elementor-element-populated\">\n\t\t\t\t\t\t<div class=\"elementor-element elementor-element-81025d3 elementor-widget elementor-widget-text-editor\" data-id=\"81025d3\" data-element_type=\"widget\" data-widget_type=\"text-editor.default\">\n\t\t\t\t<div class=\"elementor-widget-container\">\n\t\t\t\t\t\t\t\t\t<h2 style=\"text-align: left;\">\u201cTodos n\u00f3s precisamos ser curados de alguma forma\u201d<\/h2><p style=\"text-align: left;\"><em>\u201cEm Lourdes, a cura \u00e9 poss\u00edvel nos n\u00edveis f\u00edsico, espiritual e moral. Mas o que Cristo deseja acima de tudo para cada um de n\u00f3s \u00e9 a cura espiritual. Estamos todos doentes em nossos cora\u00e7\u00f5es. A doen\u00e7a espiritual \u00e9 o pecado. Todos n\u00f3s precisamos ser curados\u201d<\/em>. Cardeal B\u00e9chara Ra\u00ef, patriarca liban\u00eas maronita, em Lourdes.<\/p>\t\t\t\t\t\t\t\t<\/div>\n\t\t\t\t<\/div>\n\t\t\t\t\t<\/div>\n\t\t<\/div>\n\t\t\t\t\t<\/div>\n\t\t<\/section>\n\t\t\t\t<section class=\"elementor-section elementor-top-section elementor-element elementor-element-453384a elementor-section-boxed elementor-section-height-default elementor-section-height-default\" data-id=\"453384a\" data-element_type=\"section\">\n\t\t\t\t\t\t<div class=\"elementor-container elementor-column-gap-default\">\n\t\t\t\t\t<div class=\"elementor-column elementor-col-33 elementor-top-column elementor-element elementor-element-ef2de77\" data-id=\"ef2de77\" data-element_type=\"column\">\n\t\t\t<div class=\"elementor-widget-wrap elementor-element-populated\">\n\t\t\t\t\t\t<div class=\"elementor-element elementor-element-eb056c8 elementor-align-center elementor-widget elementor-widget-button\" data-id=\"eb056c8\" data-element_type=\"widget\" data-widget_type=\"button.default\">\n\t\t\t\t<div class=\"elementor-widget-container\">\n\t\t\t\t\t\t\t\t\t<div class=\"elementor-button-wrapper\">\n\t\t\t\t\t<a class=\"elementor-button elementor-button-link elementor-size-sm\" href=\"https:\/\/www.lourdes-france.com\/quest-ce-quun-pelerinage\/\" target=\"_blank\">\n\t\t\t\t\t\t<span class=\"elementor-button-content-wrapper\">\n\t\t\t\t\t\t\t\t\t<span class=\"elementor-button-text\">O QUE \u00c9 UMA PEREGRINA\u00c7\u00c3O?<\/span>\n\t\t\t\t\t<\/span>\n\t\t\t\t\t<\/a>\n\t\t\t\t<\/div>\n\t\t\t\t\t\t\t\t<\/div>\n\t\t\t\t<\/div>\n\t\t\t\t\t<\/div>\n\t\t<\/div>\n\t\t\t\t<div class=\"elementor-column elementor-col-33 elementor-top-column elementor-element elementor-element-89cadd1\" data-id=\"89cadd1\" data-element_type=\"column\">\n\t\t\t<div class=\"elementor-widget-wrap elementor-element-populated\">\n\t\t\t\t\t\t<div class=\"elementor-element elementor-element-04cba2c elementor-align-center elementor-widget elementor-widget-button\" data-id=\"04cba2c\" data-element_type=\"widget\" data-widget_type=\"button.default\">\n\t\t\t\t<div class=\"elementor-widget-container\">\n\t\t\t\t\t\t\t\t\t<div class=\"elementor-button-wrapper\">\n\t\t\t\t\t<a class=\"elementor-button elementor-button-link elementor-size-sm\" href=\"https:\/\/www.lourdes-france.com\/rejoindre-un-pelerinage\/\" target=\"_blank\">\n\t\t\t\t\t\t<span class=\"elementor-button-content-wrapper\">\n\t\t\t\t\t\t\t\t\t<span class=\"elementor-button-text\">PARTRICIPE DE UMA PEREGRINA\u00c7\u00c3O<\/span>\n\t\t\t\t\t<\/span>\n\t\t\t\t\t<\/a>\n\t\t\t\t<\/div>\n\t\t\t\t\t\t\t\t<\/div>\n\t\t\t\t<\/div>\n\t\t\t\t\t<\/div>\n\t\t<\/div>\n\t\t\t\t<div class=\"elementor-column elementor-col-33 elementor-top-column elementor-element elementor-element-ae41ae4\" data-id=\"ae41ae4\" data-element_type=\"column\">\n\t\t\t<div class=\"elementor-widget-wrap elementor-element-populated\">\n\t\t\t\t\t\t<div class=\"elementor-element elementor-element-ba13602 elementor-align-center elementor-widget elementor-widget-button\" data-id=\"ba13602\" data-element_type=\"widget\" data-widget_type=\"button.default\">\n\t\t\t\t<div class=\"elementor-widget-container\">\n\t\t\t\t\t\t\t\t\t<div class=\"elementor-button-wrapper\">\n\t\t\t\t\t<a class=\"elementor-button elementor-button-link elementor-size-sm\" href=\"https:\/\/www.lourdes-france.com\/organiser-un-pelerinage\/\" target=\"_blank\">\n\t\t\t\t\t\t<span class=\"elementor-button-content-wrapper\">\n\t\t\t\t\t\t\t\t\t<span class=\"elementor-button-text\">ORGANIZE UMA PEREGRINA\u00c7\u00c3O<\/span>\n\t\t\t\t\t<\/span>\n\t\t\t\t\t<\/a>\n\t\t\t\t<\/div>\n\t\t\t\t\t\t\t\t<\/div>\n\t\t\t\t<\/div>\n\t\t\t\t\t<\/div>\n\t\t<\/div>\n\t\t\t\t\t<\/div>\n\t\t<\/section>\n\t\t\t\t<\/div>\n\t\t","protected":false},"excerpt":{"rendered":"<p>Por que Lourdes atrai os doentes Lourdes, quand on est malade, pour croire \u00e0 l\u2019impossible\u2026 Do terra\u00e7o do Acolhimento (Accueil) Notre-Dame, onde est\u00e1 hospedada no Santu\u00e1rio, Sasha, uma americana de 26 anos que sofre de c\u00e2ncer cerebral terminal, assiste impotente &hellip; <a href=\"https:\/\/www.lourdes-france.org\/pt-br\/esperanca-dos-doentes\/\">Conte\u00fado<\/a><\/p>\n","protected":false},"author":7,"featured_media":0,"parent":0,"menu_order":0,"comment_status":"closed","ping_status":"closed","template":"","meta":{"_acf_changed":false,"footnotes":""},"class_list":["post-899418","page","type-page","status-publish","hentry"],"acf":[],"yoast_head":"<!-- This site is optimized with the Yoast SEO plugin v24.7 - https:\/\/yoast.com\/wordpress\/plugins\/seo\/ -->\n<title>A esperan\u00e7a dos doentes<\/title>\n<meta name=\"robots\" content=\"index, follow, max-snippet:-1, max-image-preview:large, max-video-preview:-1\" \/>\n<link rel=\"canonical\" href=\"https:\/\/www.lourdes-france.org\/pt-br\/esperanca-dos-doentes\/\" \/>\n<meta name=\"twitter:label1\" content=\"Est. tempo de leitura\" \/>\n\t<meta name=\"twitter:data1\" content=\"5 minutos\" \/>\n<script type=\"application\/ld+json\" class=\"yoast-schema-graph\">{\"@context\":\"https:\/\/schema.org\",\"@graph\":[{\"@type\":\"WebPage\",\"@id\":\"https:\/\/www.lourdes-france.org\/pt-br\/esperanca-dos-doentes\/\",\"url\":\"https:\/\/www.lourdes-france.org\/pt-br\/esperanca-dos-doentes\/\",\"name\":\"A esperan\u00e7a dos doentes\",\"isPartOf\":{\"@id\":\"https:\/\/preprod-lourdes.cawita.com\/#website\"},\"primaryImageOfPage\":{\"@id\":\"https:\/\/www.lourdes-france.org\/pt-br\/esperanca-dos-doentes\/#primaryimage\"},\"image\":{\"@id\":\"https:\/\/www.lourdes-france.org\/pt-br\/esperanca-dos-doentes\/#primaryimage\"},\"thumbnailUrl\":\"https:\/\/www.lourdes-france.org\/wp-content\/uploads\/2022\/03\/Vignette_Esperance_malades_1200x800px.jpg\",\"datePublished\":\"2022-03-24T09:45:23+00:00\",\"dateModified\":\"2023-06-26T08:17:53+00:00\",\"breadcrumb\":{\"@id\":\"https:\/\/www.lourdes-france.org\/pt-br\/esperanca-dos-doentes\/#breadcrumb\"},\"inLanguage\":\"pt-BR\",\"potentialAction\":[{\"@type\":\"ReadAction\",\"target\":[\"https:\/\/www.lourdes-france.org\/pt-br\/esperanca-dos-doentes\/\"]}]},{\"@type\":\"ImageObject\",\"inLanguage\":\"pt-BR\",\"@id\":\"https:\/\/www.lourdes-france.org\/pt-br\/esperanca-dos-doentes\/#primaryimage\",\"url\":\"https:\/\/www.lourdes-france.org\/wp-content\/uploads\/2022\/03\/Vignette_Esperance_malades_1200x800px.jpg\",\"contentUrl\":\"https:\/\/www.lourdes-france.org\/wp-content\/uploads\/2022\/03\/Vignette_Esperance_malades_1200x800px.jpg\"},{\"@type\":\"BreadcrumbList\",\"@id\":\"https:\/\/www.lourdes-france.org\/pt-br\/esperanca-dos-doentes\/#breadcrumb\",\"itemListElement\":[{\"@type\":\"ListItem\",\"position\":1,\"name\":\"Accueil\",\"item\":\"https:\/\/www.lourdes-france.org\/\"},{\"@type\":\"ListItem\",\"position\":2,\"name\":\"A esperan\u00e7a dos doentes\"}]},{\"@type\":\"WebSite\",\"@id\":\"https:\/\/preprod-lourdes.cawita.com\/#website\",\"url\":\"https:\/\/preprod-lourdes.cawita.com\/\",\"name\":\"Soutenir le Sanctuaire Notre-Dame de Lourdes\",\"description\":\"\",\"potentialAction\":[{\"@type\":\"SearchAction\",\"target\":{\"@type\":\"EntryPoint\",\"urlTemplate\":\"https:\/\/preprod-lourdes.cawita.com\/?s={search_term_string}\"},\"query-input\":{\"@type\":\"PropertyValueSpecification\",\"valueRequired\":true,\"valueName\":\"search_term_string\"}}],\"inLanguage\":\"pt-BR\"}]}<\/script>\n<!-- \/ Yoast SEO plugin. -->","yoast_head_json":{"title":"A esperan\u00e7a dos doentes","robots":{"index":"index","follow":"follow","max-snippet":"max-snippet:-1","max-image-preview":"max-image-preview:large","max-video-preview":"max-video-preview:-1"},"canonical":"https:\/\/www.lourdes-france.org\/pt-br\/esperanca-dos-doentes\/","twitter_misc":{"Est. tempo de leitura":"5 minutos"},"schema":{"@context":"https:\/\/schema.org","@graph":[{"@type":"WebPage","@id":"https:\/\/www.lourdes-france.org\/pt-br\/esperanca-dos-doentes\/","url":"https:\/\/www.lourdes-france.org\/pt-br\/esperanca-dos-doentes\/","name":"A esperan\u00e7a dos doentes","isPartOf":{"@id":"https:\/\/preprod-lourdes.cawita.com\/#website"},"primaryImageOfPage":{"@id":"https:\/\/www.lourdes-france.org\/pt-br\/esperanca-dos-doentes\/#primaryimage"},"image":{"@id":"https:\/\/www.lourdes-france.org\/pt-br\/esperanca-dos-doentes\/#primaryimage"},"thumbnailUrl":"https:\/\/www.lourdes-france.org\/wp-content\/uploads\/2022\/03\/Vignette_Esperance_malades_1200x800px.jpg","datePublished":"2022-03-24T09:45:23+00:00","dateModified":"2023-06-26T08:17:53+00:00","breadcrumb":{"@id":"https:\/\/www.lourdes-france.org\/pt-br\/esperanca-dos-doentes\/#breadcrumb"},"inLanguage":"pt-BR","potentialAction":[{"@type":"ReadAction","target":["https:\/\/www.lourdes-france.org\/pt-br\/esperanca-dos-doentes\/"]}]},{"@type":"ImageObject","inLanguage":"pt-BR","@id":"https:\/\/www.lourdes-france.org\/pt-br\/esperanca-dos-doentes\/#primaryimage","url":"https:\/\/www.lourdes-france.org\/wp-content\/uploads\/2022\/03\/Vignette_Esperance_malades_1200x800px.jpg","contentUrl":"https:\/\/www.lourdes-france.org\/wp-content\/uploads\/2022\/03\/Vignette_Esperance_malades_1200x800px.jpg"},{"@type":"BreadcrumbList","@id":"https:\/\/www.lourdes-france.org\/pt-br\/esperanca-dos-doentes\/#breadcrumb","itemListElement":[{"@type":"ListItem","position":1,"name":"Accueil","item":"https:\/\/www.lourdes-france.org\/"},{"@type":"ListItem","position":2,"name":"A esperan\u00e7a dos doentes"}]},{"@type":"WebSite","@id":"https:\/\/preprod-lourdes.cawita.com\/#website","url":"https:\/\/preprod-lourdes.cawita.com\/","name":"Soutenir le Sanctuaire Notre-Dame de Lourdes","description":"","potentialAction":[{"@type":"SearchAction","target":{"@type":"EntryPoint","urlTemplate":"https:\/\/preprod-lourdes.cawita.com\/?s={search_term_string}"},"query-input":{"@type":"PropertyValueSpecification","valueRequired":true,"valueName":"search_term_string"}}],"inLanguage":"pt-BR"}]}},"_links":{"self":[{"href":"https:\/\/www.lourdes-france.org\/pt-br\/wp-json\/wp\/v2\/pages\/899418","targetHints":{"allow":["GET"]}}],"collection":[{"href":"https:\/\/www.lourdes-france.org\/pt-br\/wp-json\/wp\/v2\/pages"}],"about":[{"href":"https:\/\/www.lourdes-france.org\/pt-br\/wp-json\/wp\/v2\/types\/page"}],"author":[{"embeddable":true,"href":"https:\/\/www.lourdes-france.org\/pt-br\/wp-json\/wp\/v2\/users\/7"}],"replies":[{"embeddable":true,"href":"https:\/\/www.lourdes-france.org\/pt-br\/wp-json\/wp\/v2\/comments?post=899418"}],"version-history":[{"count":3,"href":"https:\/\/www.lourdes-france.org\/pt-br\/wp-json\/wp\/v2\/pages\/899418\/revisions"}],"predecessor-version":[{"id":899423,"href":"https:\/\/www.lourdes-france.org\/pt-br\/wp-json\/wp\/v2\/pages\/899418\/revisions\/899423"}],"wp:attachment":[{"href":"https:\/\/www.lourdes-france.org\/pt-br\/wp-json\/wp\/v2\/media?parent=899418"}],"curies":[{"name":"wp","href":"https:\/\/api.w.org\/{rel}","templated":true}]}}