{"id":899425,"date":"2022-03-24T11:30:41","date_gmt":"2022-03-24T10:30:41","guid":{"rendered":"https:\/\/www.lourdes-france.org\/lourdes-un-lieu-de-priere\/"},"modified":"2023-06-26T10:37:29","modified_gmt":"2023-06-26T08:37:29","slug":"lourdes-um-lugar-de-oracao","status":"publish","type":"page","link":"https:\/\/www.lourdes-france.org\/pt-br\/lourdes-um-lugar-de-oracao\/","title":{"rendered":"Lourdes, um lugar de ora\u00e7\u00e3o"},"content":{"rendered":"\t\t<div data-elementor-type=\"wp-page\" data-elementor-id=\"899425\" class=\"elementor elementor-899425 elementor-848511\" data-elementor-post-type=\"page\">\n\t\t\t\t\t\t<section class=\"elementor-section elementor-top-section elementor-element elementor-element-dff98dd elementor-section-full_width elementor-section-stretched elementor-section-height-default elementor-section-height-default\" data-id=\"dff98dd\" data-element_type=\"section\" data-settings=\"{&quot;stretch_section&quot;:&quot;section-stretched&quot;}\">\n\t\t\t\t\t\t<div class=\"elementor-container elementor-column-gap-default\">\n\t\t\t\t\t<div class=\"elementor-column elementor-col-100 elementor-top-column elementor-element elementor-element-767f6245\" data-id=\"767f6245\" data-element_type=\"column\">\n\t\t\t<div class=\"elementor-widget-wrap elementor-element-populated\">\n\t\t\t\t\t\t<div class=\"elementor-element elementor-element-41ff847b elementor-widget elementor-widget-image\" data-id=\"41ff847b\" data-element_type=\"widget\" data-widget_type=\"image.default\">\n\t\t\t\t<div class=\"elementor-widget-container\">\n\t\t\t\t\t\t\t\t\t\t\t\t\t\t\t<img fetchpriority=\"high\" decoding=\"async\" width=\"2048\" height=\"1365\" src=\"https:\/\/www.lourdes-france.org\/wp-content\/uploads\/2022\/06\/3_redimensionner-2048x1365.jpg\" class=\"attachment-2048x2048 size-2048x2048 wp-image-899015\" alt=\"\" srcset=\"https:\/\/www.lourdes-france.org\/wp-content\/uploads\/2022\/06\/3_redimensionner-2048x1365.jpg 2048w, https:\/\/www.lourdes-france.org\/wp-content\/uploads\/2022\/06\/3_redimensionner-300x200.jpg 300w, https:\/\/www.lourdes-france.org\/wp-content\/uploads\/2022\/06\/3_redimensionner-1024x683.jpg 1024w, https:\/\/www.lourdes-france.org\/wp-content\/uploads\/2022\/06\/3_redimensionner-768x512.jpg 768w, https:\/\/www.lourdes-france.org\/wp-content\/uploads\/2022\/06\/3_redimensionner-1536x1024.jpg 1536w\" sizes=\"(max-width: 2048px) 100vw, 2048px\" \/>\t\t\t\t\t\t\t\t\t\t\t\t\t\t\t<\/div>\n\t\t\t\t<\/div>\n\t\t\t\t\t<\/div>\n\t\t<\/div>\n\t\t\t\t\t<\/div>\n\t\t<\/section>\n\t\t\t\t<section class=\"elementor-section elementor-top-section elementor-element elementor-element-704a9592 elementor-section-boxed elementor-section-height-default elementor-section-height-default\" data-id=\"704a9592\" data-element_type=\"section\">\n\t\t\t\t\t\t<div class=\"elementor-container elementor-column-gap-default\">\n\t\t\t\t\t<div class=\"elementor-column elementor-col-100 elementor-top-column elementor-element elementor-element-69a5eedb\" data-id=\"69a5eedb\" data-element_type=\"column\">\n\t\t\t<div class=\"elementor-widget-wrap elementor-element-populated\">\n\t\t\t\t\t\t<div class=\"elementor-element elementor-element-25cf152a elementor-widget elementor-widget-heading\" data-id=\"25cf152a\" data-element_type=\"widget\" data-widget_type=\"heading.default\">\n\t\t\t\t<div class=\"elementor-widget-container\">\n\t\t\t\t\t<h1 class=\"elementor-heading-title elementor-size-default\">Lourdes, um lugar de ora\u00e7\u00e3o\n<\/h1>\t\t\t\t<\/div>\n\t\t\t\t<\/div>\n\t\t\t\t\t<\/div>\n\t\t<\/div>\n\t\t\t\t\t<\/div>\n\t\t<\/section>\n\t\t\t\t<section class=\"elementor-section elementor-top-section elementor-element elementor-element-8ef2ed5 elementor-section-boxed elementor-section-height-default elementor-section-height-default\" data-id=\"8ef2ed5\" data-element_type=\"section\">\n\t\t\t\t\t\t<div class=\"elementor-container elementor-column-gap-default\">\n\t\t\t\t\t<div class=\"elementor-column elementor-col-100 elementor-top-column elementor-element elementor-element-c6a948b\" data-id=\"c6a948b\" data-element_type=\"column\">\n\t\t\t<div class=\"elementor-widget-wrap elementor-element-populated\">\n\t\t\t\t\t\t<div class=\"elementor-element elementor-element-4512f8a elementor-widget elementor-widget-text-editor\" data-id=\"4512f8a\" data-element_type=\"widget\" data-widget_type=\"text-editor.default\">\n\t\t\t\t<div class=\"elementor-widget-container\">\n\t\t\t\t\t\t\t\t\t<p style=\"text-align: left;\">Os peregrinos de Lourdes fazem o sinal da cruz assim que entram no Santu\u00e1rio, porque sabem que entram num lugar de ora\u00e7\u00e3o e recolhimento. \u00c9 proibido, em toda a \u00e1rea, fumar, correr ou fazer qualquer coisa que n\u00e3o se fa\u00e7a dentro de uma igreja\u2026 <br \/>Todos os locais ali incentivam a ora\u00e7\u00e3o, mas os locais onde os peregrinos s\u00e3o mais tocados s\u00e3o:<\/p><ol><li style=\"text-align: left;\">A Gruta das Apari\u00e7\u00f5es<\/li><li style=\"text-align: left;\">As fontes de \u00e1gua da Gruta das Apari\u00e7\u00f5es<\/li><li style=\"text-align: left;\">As velas<\/li><\/ol><p>Sem esquecer as bas\u00edlicas, igrejas e locais de culto onde se pode assistir a uma missa, a uma celebra\u00e7\u00e3o ou deixar-se guiar pelos mosaicos ou vitrais que nos falam da Vida de Cristo ou do local e das suas apari\u00e7\u00f5es.<\/p><p>Tamb\u00e9m em Lourdes, os peregrinos podem receber o <span style=\"color: #007a9e;\"><strong>perd\u00e3o de Deus<\/strong><\/span> na Capela da Reconcilia\u00e7\u00e3o, ou preparar-se para este encontro fazendo uma das Vias Sacras propostas para meditar no amor incondicional do Senhor que se entregou at\u00e9 o fim.<\/p><p>Os peregrinos podem deixar-se embalar pelo <span style=\"color: #007a9e;\"><strong>ros\u00e1rio na Gruta das Apari\u00e7\u00f5es<\/strong><\/span>, rezando em comunh\u00e3o com todos os peregrinos ali presentes e com todos os que acompanham a ora\u00e7\u00e3o pela TV Lourdes ou pelas redes sociais, em v\u00e1rias l\u00ednguas.<\/p><p>Todos aqueles que entram no Santu\u00e1rio podem aproveitar a presen\u00e7a real do Senhor para ter uma conversa franca com Ele e colocar suas dores e alegrias nas m\u00e3os do Senhor, <strong><span style=\"color: #007a9e;\">em Adora\u00e7\u00e3o ao Sant\u00edssimo Sacramento.<\/span><\/strong><\/p><p>Este mesmo Sant\u00edssimo Sacramento pode ser encontrado na <strong><span style=\"color: #007a9e;\">Prociss\u00e3o Eucar\u00edstica<\/span><\/strong> com a b\u00ean\u00e7\u00e3o dos enfermos, convidando-nos a rezar tamb\u00e9m por todos os doentes, deficientes ou feridos pela vida.<\/p><p>No final do dia, os peregrinos podem terminar a sua caminhada de ora\u00e7\u00e3o com outros peregrinos e visitantes cantando e rezando a \u201cAve\u201d de Lourdes na <strong><span style=\"color: #007a9e;\">Prociss\u00e3o Mariana Luminosa<\/span><\/strong>. Esta \u00e9 outra forma de rezar \u00e0 Virgem Maria em comunh\u00e3o com a Igreja universal.<\/p>\t\t\t\t\t\t\t\t<\/div>\n\t\t\t\t<\/div>\n\t\t\t\t\t<\/div>\n\t\t<\/div>\n\t\t\t\t\t<\/div>\n\t\t<\/section>\n\t\t\t\t<section class=\"elementor-section elementor-top-section elementor-element elementor-element-71e755f elementor-section-boxed elementor-section-height-default elementor-section-height-default\" data-id=\"71e755f\" data-element_type=\"section\">\n\t\t\t\t\t\t<div class=\"elementor-container elementor-column-gap-default\">\n\t\t\t\t\t<div class=\"elementor-column elementor-col-100 elementor-top-column elementor-element elementor-element-6a2fb9a\" data-id=\"6a2fb9a\" data-element_type=\"column\">\n\t\t\t<div class=\"elementor-widget-wrap elementor-element-populated\">\n\t\t\t\t\t\t<div class=\"elementor-element elementor-element-ee0625e elementor-widget elementor-widget-text-editor\" data-id=\"ee0625e\" data-element_type=\"widget\" data-widget_type=\"text-editor.default\">\n\t\t\t\t<div class=\"elementor-widget-container\">\n\t\t\t\t\t\t\t\t\t<h2 style=\"text-align: left;\">Como rezar em Lourdes?<\/h2><p style=\"text-align: left;\">Adorar, agradecer, pedir gra\u00e7as e pedir perd\u00e3o s\u00e3o os quatro prop\u00f3sitos da ora\u00e7\u00e3o para os crist\u00e3os e, em particular, para os cat\u00f3licos. A ora\u00e7\u00e3o \u00e9 uma troca, que fortalece o v\u00ednculo entre o homem e Deus. A ora\u00e7\u00e3o \u00e9 o meio pelo qual o homem mant\u00e9m sua amizade com Deus, como dois amigos que se amam.<\/p><p>Existem dois tipos b\u00e1sicos de ora\u00e7\u00e3o: a ora\u00e7\u00e3o vocal e a ora\u00e7\u00e3o interior. Esta distin\u00e7\u00e3o ajuda-nos a compreender o que S\u00e3o Paulo quis dizer quando disse: \u201cdevemos rezar sem cessar\u201d. A ora\u00e7\u00e3o vocal \u00e9 feita atrav\u00e9s de atitude e palavras. As principais ora\u00e7\u00f5es vocais dos crist\u00e3os cat\u00f3licos s\u00e3o: a \u201cAve Maria\u201d, tamb\u00e9m chamada de Sauda\u00e7\u00e3o Ang\u00e9lica, que se refere \u00e0 sauda\u00e7\u00e3o \u00e0 Bem-Aventurada Virgem Maria pelo anjo Gabriel. \u00c9 uma ora\u00e7\u00e3o essencial na vida dos crist\u00e3os. A segunda ora\u00e7\u00e3o importante \u00e9 o \u201cPai Nosso\u201d que o Senhor Jesus ensinou aos seus ap\u00f3stolos. A ora\u00e7\u00e3o vocal pode ser individual ou em grupo (comunit\u00e1ria).<\/p><p>Os peregrinos podem unir-se \u00e0s ora\u00e7\u00f5es comunit\u00e1rias feitas no Santu\u00e1rio, mas tamb\u00e9m podem entrar no pr\u00f3prio cora\u00e7\u00e3o e colocar-se na presen\u00e7a de Deus. Atrav\u00e9s da medita\u00e7\u00e3o e recolhimento, a alma se coloca na presen\u00e7a de Deus. No sil\u00eancio, abre-se a Deus num ato de f\u00e9 e de esperan\u00e7a.<\/p><p>Os peregrinos podem unir-se \u00e0s ora\u00e7\u00f5es comunit\u00e1rias feitas no Santu\u00e1rio, mas tamb\u00e9m podem entrar no pr\u00f3prio cora\u00e7\u00e3o e colocar-se na presen\u00e7a de Deus. Atrav\u00e9s da medita\u00e7\u00e3o e recolhimento, a alma se coloca na presen\u00e7a de Deus. No sil\u00eancio, abre-se a Deus num ato de f\u00e9 e de esperan\u00e7a.<\/p>\t\t\t\t\t\t\t\t<\/div>\n\t\t\t\t<\/div>\n\t\t\t\t<section class=\"elementor-section elementor-inner-section elementor-element elementor-element-80232b3 elementor-section-boxed elementor-section-height-default elementor-section-height-default\" data-id=\"80232b3\" data-element_type=\"section\">\n\t\t\t\t\t\t<div class=\"elementor-container elementor-column-gap-no\">\n\t\t\t\t\t<div class=\"elementor-column elementor-col-50 elementor-inner-column elementor-element elementor-element-939a6bd\" data-id=\"939a6bd\" data-element_type=\"column\">\n\t\t\t<div class=\"elementor-widget-wrap elementor-element-populated\">\n\t\t\t\t\t\t<div class=\"elementor-element elementor-element-46530bc elementor-widget elementor-widget-text-editor\" data-id=\"46530bc\" data-element_type=\"widget\" data-widget_type=\"text-editor.default\">\n\t\t\t\t<div class=\"elementor-widget-container\">\n\t\t\t\t\t\t\t\t\t<p><span style=\"color: #007a9e;\"><strong>PAI NOSSO<br \/><\/strong><\/span><em><br \/>Pai Nosso que estais no c\u00e9u, <br \/>Santificado seja o Vosso nome,<br \/>Venha n\u00f3s o Vosso reino,<br \/>Seja feita a Vossa vontade,<br \/>Assim na terra como no c\u00e9u.<br \/>O p\u00e3o nosso de cada dia nos dai hoje;<br \/>E perdoai-nos as nossas ofensas,<br \/>Assim como n\u00f3s perdoamos aos que nos ofenderam,<br \/>E n\u00e3o nos deixeis cair em tenta\u00e7\u00e3o,<br \/>Mas livrai-nos do mal. Am\u00e9m.<br \/><\/em><\/p><p><span style=\"color: #007a9e;\"><strong>AVE MARIA<br \/><\/strong><\/span><br \/><em>Ave Maria, cheia de gra\u00e7a,<\/em><br \/><em>O Senhor \u00e9 convosco,<\/em><br \/><em>Bendita sois v\u00f3s entre as mulheres<\/em><br \/><em>E bendito o fruto do vosso ventre, Jesus.<\/em><br \/><em>Santa Maria, M\u00e3e de Deus,<\/em><br \/><em>Rogai por n\u00f3s, pecadores,<\/em><br \/><em>Agora e na hora da nossa morte. Am\u00e9m.<\/em><\/p>\t\t\t\t\t\t\t\t<\/div>\n\t\t\t\t<\/div>\n\t\t\t\t\t<\/div>\n\t\t<\/div>\n\t\t\t\t<div class=\"elementor-column elementor-col-50 elementor-inner-column elementor-element elementor-element-bc15bd3\" data-id=\"bc15bd3\" data-element_type=\"column\">\n\t\t\t<div class=\"elementor-widget-wrap elementor-element-populated\">\n\t\t\t\t\t\t<div class=\"elementor-element elementor-element-dd9be3b elementor-widget elementor-widget-image\" data-id=\"dd9be3b\" data-element_type=\"widget\" data-widget_type=\"image.default\">\n\t\t\t\t<div class=\"elementor-widget-container\">\n\t\t\t\t\t\t\t\t\t\t\t\t\t\t\t<img decoding=\"async\" width=\"683\" height=\"1024\" src=\"https:\/\/www.lourdes-france.org\/wp-content\/uploads\/2022\/06\/soiree_du_14_aout_redimensionner-683x1024.jpg\" class=\"attachment-large size-large wp-image-899012\" alt=\"\" srcset=\"https:\/\/www.lourdes-france.org\/wp-content\/uploads\/2022\/06\/soiree_du_14_aout_redimensionner-683x1024.jpg 683w, https:\/\/www.lourdes-france.org\/wp-content\/uploads\/2022\/06\/soiree_du_14_aout_redimensionner-200x300.jpg 200w, https:\/\/www.lourdes-france.org\/wp-content\/uploads\/2022\/06\/soiree_du_14_aout_redimensionner-768x1152.jpg 768w, https:\/\/www.lourdes-france.org\/wp-content\/uploads\/2022\/06\/soiree_du_14_aout_redimensionner-1024x1536.jpg 1024w, https:\/\/www.lourdes-france.org\/wp-content\/uploads\/2022\/06\/soiree_du_14_aout_redimensionner-1366x2048.jpg 1366w, https:\/\/www.lourdes-france.org\/wp-content\/uploads\/2022\/06\/soiree_du_14_aout_redimensionner-scaled.jpg 1707w\" sizes=\"(max-width: 683px) 100vw, 683px\" \/>\t\t\t\t\t\t\t\t\t\t\t\t\t\t\t<\/div>\n\t\t\t\t<\/div>\n\t\t\t\t\t<\/div>\n\t\t<\/div>\n\t\t\t\t\t<\/div>\n\t\t<\/section>\n\t\t\t\t\t<\/div>\n\t\t<\/div>\n\t\t\t\t\t<\/div>\n\t\t<\/section>\n\t\t\t\t<section class=\"elementor-section elementor-top-section elementor-element elementor-element-39aa049 elementor-section-boxed elementor-section-height-default elementor-section-height-default\" data-id=\"39aa049\" data-element_type=\"section\">\n\t\t\t\t\t\t<div class=\"elementor-container elementor-column-gap-default\">\n\t\t\t\t\t<div class=\"elementor-column elementor-col-33 elementor-top-column elementor-element elementor-element-b088321\" data-id=\"b088321\" data-element_type=\"column\">\n\t\t\t<div class=\"elementor-widget-wrap elementor-element-populated\">\n\t\t\t\t\t\t<div class=\"elementor-element elementor-element-5635d1b elementor-align-center elementor-widget elementor-widget-button\" data-id=\"5635d1b\" data-element_type=\"widget\" data-widget_type=\"button.default\">\n\t\t\t\t<div class=\"elementor-widget-container\">\n\t\t\t\t\t\t\t\t\t<div class=\"elementor-button-wrapper\">\n\t\t\t\t\t<a class=\"elementor-button elementor-button-link elementor-size-sm\" href=\"\/cierge-en-ligne\/\" target=\"_blank\">\n\t\t\t\t\t\t<span class=\"elementor-button-content-wrapper\">\n\t\t\t\t\t\t\t\t\t<span class=\"elementor-button-text\">ACENDER UMA VELA<\/span>\n\t\t\t\t\t<\/span>\n\t\t\t\t\t<\/a>\n\t\t\t\t<\/div>\n\t\t\t\t\t\t\t\t<\/div>\n\t\t\t\t<\/div>\n\t\t\t\t\t<\/div>\n\t\t<\/div>\n\t\t\t\t<div class=\"elementor-column elementor-col-33 elementor-top-column elementor-element elementor-element-73a1912\" data-id=\"73a1912\" data-element_type=\"column\">\n\t\t\t<div class=\"elementor-widget-wrap elementor-element-populated\">\n\t\t\t\t\t\t<div class=\"elementor-element elementor-element-6c01529 elementor-align-center elementor-widget elementor-widget-button\" data-id=\"6c01529\" data-element_type=\"widget\" data-widget_type=\"button.default\">\n\t\t\t\t<div class=\"elementor-widget-container\">\n\t\t\t\t\t\t\t\t\t<div class=\"elementor-button-wrapper\">\n\t\t\t\t\t<a class=\"elementor-button elementor-button-link elementor-size-sm\" href=\"\/intention-priere\/\" target=\"_blank\">\n\t\t\t\t\t\t<span class=\"elementor-button-content-wrapper\">\n\t\t\t\t\t\t\t\t\t<span class=\"elementor-button-text\">PEDIR UMA ORA\u00c7\u00c3O<\/span>\n\t\t\t\t\t<\/span>\n\t\t\t\t\t<\/a>\n\t\t\t\t<\/div>\n\t\t\t\t\t\t\t\t<\/div>\n\t\t\t\t<\/div>\n\t\t\t\t\t<\/div>\n\t\t<\/div>\n\t\t\t\t<div class=\"elementor-column elementor-col-33 elementor-top-column elementor-element elementor-element-cfbe7ba\" data-id=\"cfbe7ba\" data-element_type=\"column\">\n\t\t\t<div class=\"elementor-widget-wrap elementor-element-populated\">\n\t\t\t\t\t\t<div class=\"elementor-element elementor-element-1f57b77 elementor-align-center elementor-widget elementor-widget-button\" data-id=\"1f57b77\" data-element_type=\"widget\" data-widget_type=\"button.default\">\n\t\t\t\t<div class=\"elementor-widget-container\">\n\t\t\t\t\t\t\t\t\t<div class=\"elementor-button-wrapper\">\n\t\t\t\t\t<a class=\"elementor-button elementor-button-link elementor-size-sm\" href=\"\/offrande-de-messe\/\" target=\"_blank\">\n\t\t\t\t\t\t<span class=\"elementor-button-content-wrapper\">\n\t\t\t\t\t\t\t\t\t<span class=\"elementor-button-text\">OFERECER UMA MISSA<\/span>\n\t\t\t\t\t<\/span>\n\t\t\t\t\t<\/a>\n\t\t\t\t<\/div>\n\t\t\t\t\t\t\t\t<\/div>\n\t\t\t\t<\/div>\n\t\t\t\t\t<\/div>\n\t\t<\/div>\n\t\t\t\t\t<\/div>\n\t\t<\/section>\n\t\t\t\t<\/div>\n\t\t","protected":false},"excerpt":{"rendered":"<p>Lourdes, um lugar de ora\u00e7\u00e3o Os peregrinos de Lourdes fazem o sinal da cruz assim que entram no Santu\u00e1rio, porque sabem que entram num lugar de ora\u00e7\u00e3o e recolhimento. \u00c9 proibido, em toda a \u00e1rea, fumar, correr ou fazer qualquer &hellip; <a href=\"https:\/\/www.lourdes-france.org\/pt-br\/lourdes-um-lugar-de-oracao\/\">Conte\u00fado<\/a><\/p>\n","protected":false},"author":7,"featured_media":0,"parent":0,"menu_order":0,"comment_status":"closed","ping_status":"closed","template":"","meta":{"_acf_changed":false,"footnotes":""},"class_list":["post-899425","page","type-page","status-publish","hentry"],"acf":[],"yoast_head":"<!-- This site is optimized with the Yoast SEO plugin v24.7 - https:\/\/yoast.com\/wordpress\/plugins\/seo\/ -->\n<title>Lourdes, um lugar de ora\u00e7\u00e3o<\/title>\n<meta name=\"robots\" content=\"index, follow, max-snippet:-1, max-image-preview:large, max-video-preview:-1\" \/>\n<link rel=\"canonical\" href=\"https:\/\/www.lourdes-france.org\/pt-br\/lourdes-um-lugar-de-oracao\/\" \/>\n<meta name=\"twitter:label1\" content=\"Est. tempo de leitura\" \/>\n\t<meta name=\"twitter:data1\" content=\"5 minutos\" \/>\n<script type=\"application\/ld+json\" class=\"yoast-schema-graph\">{\"@context\":\"https:\/\/schema.org\",\"@graph\":[{\"@type\":\"WebPage\",\"@id\":\"https:\/\/www.lourdes-france.org\/pt-br\/lourdes-um-lugar-de-oracao\/\",\"url\":\"https:\/\/www.lourdes-france.org\/pt-br\/lourdes-um-lugar-de-oracao\/\",\"name\":\"Lourdes, um lugar de ora\u00e7\u00e3o\",\"isPartOf\":{\"@id\":\"https:\/\/preprod-lourdes.cawita.com\/#website\"},\"primaryImageOfPage\":{\"@id\":\"https:\/\/www.lourdes-france.org\/pt-br\/lourdes-um-lugar-de-oracao\/#primaryimage\"},\"image\":{\"@id\":\"https:\/\/www.lourdes-france.org\/pt-br\/lourdes-um-lugar-de-oracao\/#primaryimage\"},\"thumbnailUrl\":\"https:\/\/www.lourdes-france.org\/wp-content\/uploads\/2022\/06\/3_redimensionner-2048x1365.jpg\",\"datePublished\":\"2022-03-24T10:30:41+00:00\",\"dateModified\":\"2023-06-26T08:37:29+00:00\",\"breadcrumb\":{\"@id\":\"https:\/\/www.lourdes-france.org\/pt-br\/lourdes-um-lugar-de-oracao\/#breadcrumb\"},\"inLanguage\":\"pt-BR\",\"potentialAction\":[{\"@type\":\"ReadAction\",\"target\":[\"https:\/\/www.lourdes-france.org\/pt-br\/lourdes-um-lugar-de-oracao\/\"]}]},{\"@type\":\"ImageObject\",\"inLanguage\":\"pt-BR\",\"@id\":\"https:\/\/www.lourdes-france.org\/pt-br\/lourdes-um-lugar-de-oracao\/#primaryimage\",\"url\":\"https:\/\/www.lourdes-france.org\/wp-content\/uploads\/2022\/06\/3_redimensionner-2048x1365.jpg\",\"contentUrl\":\"https:\/\/www.lourdes-france.org\/wp-content\/uploads\/2022\/06\/3_redimensionner-2048x1365.jpg\"},{\"@type\":\"BreadcrumbList\",\"@id\":\"https:\/\/www.lourdes-france.org\/pt-br\/lourdes-um-lugar-de-oracao\/#breadcrumb\",\"itemListElement\":[{\"@type\":\"ListItem\",\"position\":1,\"name\":\"Accueil\",\"item\":\"https:\/\/www.lourdes-france.org\/\"},{\"@type\":\"ListItem\",\"position\":2,\"name\":\"Lourdes, um lugar de ora\u00e7\u00e3o\"}]},{\"@type\":\"WebSite\",\"@id\":\"https:\/\/preprod-lourdes.cawita.com\/#website\",\"url\":\"https:\/\/preprod-lourdes.cawita.com\/\",\"name\":\"Soutenir le Sanctuaire Notre-Dame de Lourdes\",\"description\":\"\",\"potentialAction\":[{\"@type\":\"SearchAction\",\"target\":{\"@type\":\"EntryPoint\",\"urlTemplate\":\"https:\/\/preprod-lourdes.cawita.com\/?s={search_term_string}\"},\"query-input\":{\"@type\":\"PropertyValueSpecification\",\"valueRequired\":true,\"valueName\":\"search_term_string\"}}],\"inLanguage\":\"pt-BR\"}]}<\/script>\n<!-- \/ Yoast SEO plugin. -->","yoast_head_json":{"title":"Lourdes, um lugar de ora\u00e7\u00e3o","robots":{"index":"index","follow":"follow","max-snippet":"max-snippet:-1","max-image-preview":"max-image-preview:large","max-video-preview":"max-video-preview:-1"},"canonical":"https:\/\/www.lourdes-france.org\/pt-br\/lourdes-um-lugar-de-oracao\/","twitter_misc":{"Est. tempo de leitura":"5 minutos"},"schema":{"@context":"https:\/\/schema.org","@graph":[{"@type":"WebPage","@id":"https:\/\/www.lourdes-france.org\/pt-br\/lourdes-um-lugar-de-oracao\/","url":"https:\/\/www.lourdes-france.org\/pt-br\/lourdes-um-lugar-de-oracao\/","name":"Lourdes, um lugar de ora\u00e7\u00e3o","isPartOf":{"@id":"https:\/\/preprod-lourdes.cawita.com\/#website"},"primaryImageOfPage":{"@id":"https:\/\/www.lourdes-france.org\/pt-br\/lourdes-um-lugar-de-oracao\/#primaryimage"},"image":{"@id":"https:\/\/www.lourdes-france.org\/pt-br\/lourdes-um-lugar-de-oracao\/#primaryimage"},"thumbnailUrl":"https:\/\/www.lourdes-france.org\/wp-content\/uploads\/2022\/06\/3_redimensionner-2048x1365.jpg","datePublished":"2022-03-24T10:30:41+00:00","dateModified":"2023-06-26T08:37:29+00:00","breadcrumb":{"@id":"https:\/\/www.lourdes-france.org\/pt-br\/lourdes-um-lugar-de-oracao\/#breadcrumb"},"inLanguage":"pt-BR","potentialAction":[{"@type":"ReadAction","target":["https:\/\/www.lourdes-france.org\/pt-br\/lourdes-um-lugar-de-oracao\/"]}]},{"@type":"ImageObject","inLanguage":"pt-BR","@id":"https:\/\/www.lourdes-france.org\/pt-br\/lourdes-um-lugar-de-oracao\/#primaryimage","url":"https:\/\/www.lourdes-france.org\/wp-content\/uploads\/2022\/06\/3_redimensionner-2048x1365.jpg","contentUrl":"https:\/\/www.lourdes-france.org\/wp-content\/uploads\/2022\/06\/3_redimensionner-2048x1365.jpg"},{"@type":"BreadcrumbList","@id":"https:\/\/www.lourdes-france.org\/pt-br\/lourdes-um-lugar-de-oracao\/#breadcrumb","itemListElement":[{"@type":"ListItem","position":1,"name":"Accueil","item":"https:\/\/www.lourdes-france.org\/"},{"@type":"ListItem","position":2,"name":"Lourdes, um lugar de ora\u00e7\u00e3o"}]},{"@type":"WebSite","@id":"https:\/\/preprod-lourdes.cawita.com\/#website","url":"https:\/\/preprod-lourdes.cawita.com\/","name":"Soutenir le Sanctuaire Notre-Dame de Lourdes","description":"","potentialAction":[{"@type":"SearchAction","target":{"@type":"EntryPoint","urlTemplate":"https:\/\/preprod-lourdes.cawita.com\/?s={search_term_string}"},"query-input":{"@type":"PropertyValueSpecification","valueRequired":true,"valueName":"search_term_string"}}],"inLanguage":"pt-BR"}]}},"_links":{"self":[{"href":"https:\/\/www.lourdes-france.org\/pt-br\/wp-json\/wp\/v2\/pages\/899425","targetHints":{"allow":["GET"]}}],"collection":[{"href":"https:\/\/www.lourdes-france.org\/pt-br\/wp-json\/wp\/v2\/pages"}],"about":[{"href":"https:\/\/www.lourdes-france.org\/pt-br\/wp-json\/wp\/v2\/types\/page"}],"author":[{"embeddable":true,"href":"https:\/\/www.lourdes-france.org\/pt-br\/wp-json\/wp\/v2\/users\/7"}],"replies":[{"embeddable":true,"href":"https:\/\/www.lourdes-france.org\/pt-br\/wp-json\/wp\/v2\/comments?post=899425"}],"version-history":[{"count":3,"href":"https:\/\/www.lourdes-france.org\/pt-br\/wp-json\/wp\/v2\/pages\/899425\/revisions"}],"predecessor-version":[{"id":899433,"href":"https:\/\/www.lourdes-france.org\/pt-br\/wp-json\/wp\/v2\/pages\/899425\/revisions\/899433"}],"wp:attachment":[{"href":"https:\/\/www.lourdes-france.org\/pt-br\/wp-json\/wp\/v2\/media?parent=899425"}],"curies":[{"name":"wp","href":"https:\/\/api.w.org\/{rel}","templated":true}]}}