{"id":899444,"date":"2022-08-31T14:56:58","date_gmt":"2022-08-31T12:56:58","guid":{"rendered":"https:\/\/www.lourdes-france.org\/organiser-un-pelerinage-a-lourdes\/"},"modified":"2026-01-19T15:54:56","modified_gmt":"2026-01-19T14:54:56","slug":"organizar-uma-peregrinacao-para-lourdes","status":"publish","type":"page","link":"https:\/\/www.lourdes-france.org\/pt-br\/peregrinacoes-a-lourdes\/organizar-uma-peregrinacao-para-lourdes\/","title":{"rendered":"Organizar uma peregrina\u00e7\u00e3o para Lourdes"},"content":{"rendered":"\t\t<div data-elementor-type=\"wp-page\" data-elementor-id=\"899444\" class=\"elementor elementor-899444 elementor-867539\" data-elementor-post-type=\"page\">\n\t\t\t\t\t\t<section class=\"elementor-section elementor-top-section elementor-element elementor-element-80014d7 elementor-section-full_width elementor-section-stretched elementor-section-height-default elementor-section-height-default\" data-id=\"80014d7\" data-element_type=\"section\" data-settings=\"{&quot;stretch_section&quot;:&quot;section-stretched&quot;,&quot;background_background&quot;:&quot;classic&quot;}\">\n\t\t\t\t\t\t<div class=\"elementor-container elementor-column-gap-default\">\n\t\t\t\t\t<div class=\"elementor-column elementor-col-100 elementor-top-column elementor-element elementor-element-7bcaa5b\" data-id=\"7bcaa5b\" data-element_type=\"column\">\n\t\t\t<div class=\"elementor-widget-wrap elementor-element-populated\">\n\t\t\t\t\t\t<div class=\"elementor-element elementor-element-f357f89 elementor-widget elementor-widget-spacer\" data-id=\"f357f89\" data-element_type=\"widget\" data-widget_type=\"spacer.default\">\n\t\t\t\t<div class=\"elementor-widget-container\">\n\t\t\t\t\t\t\t<div class=\"elementor-spacer\">\n\t\t\t<div class=\"elementor-spacer-inner\"><\/div>\n\t\t<\/div>\n\t\t\t\t\t\t<\/div>\n\t\t\t\t<\/div>\n\t\t\t\t\t<\/div>\n\t\t<\/div>\n\t\t\t\t\t<\/div>\n\t\t<\/section>\n\t\t\t\t<section class=\"elementor-section elementor-top-section elementor-element elementor-element-1151d06 elementor-section-full_width elementor-section-height-default elementor-section-height-default\" data-id=\"1151d06\" data-element_type=\"section\" data-settings=\"{&quot;background_background&quot;:&quot;classic&quot;}\">\n\t\t\t\t\t\t<div class=\"elementor-container elementor-column-gap-default\">\n\t\t\t\t\t<div class=\"elementor-column elementor-col-100 elementor-top-column elementor-element elementor-element-252c47c\" data-id=\"252c47c\" data-element_type=\"column\">\n\t\t\t<div class=\"elementor-widget-wrap elementor-element-populated\">\n\t\t\t\t\t\t<div class=\"elementor-element elementor-element-dab9f59 elementor-widget elementor-widget-spacer\" data-id=\"dab9f59\" data-element_type=\"widget\" data-widget_type=\"spacer.default\">\n\t\t\t\t<div class=\"elementor-widget-container\">\n\t\t\t\t\t\t\t<div class=\"elementor-spacer\">\n\t\t\t<div class=\"elementor-spacer-inner\"><\/div>\n\t\t<\/div>\n\t\t\t\t\t\t<\/div>\n\t\t\t\t<\/div>\n\t\t\t\t<div class=\"elementor-element elementor-element-cc5e1dd elementor-widget elementor-widget-heading\" data-id=\"cc5e1dd\" data-element_type=\"widget\" data-widget_type=\"heading.default\">\n\t\t\t\t<div class=\"elementor-widget-container\">\n\t\t\t\t\t<h2 class=\"elementor-heading-title elementor-size-default\">Organizar uma peregrina\u00e7\u00e3o \u00e0 Lourdes<\/h2>\t\t\t\t<\/div>\n\t\t\t\t<\/div>\n\t\t\t\t<div class=\"elementor-element elementor-element-a12e5ac elementor-widget elementor-widget-heading\" data-id=\"a12e5ac\" data-element_type=\"widget\" data-widget_type=\"heading.default\">\n\t\t\t\t<div class=\"elementor-widget-container\">\n\t\t\t\t\t<h2 class=\"elementor-heading-title elementor-size-default\">_________________<\/h2>\t\t\t\t<\/div>\n\t\t\t\t<\/div>\n\t\t\t\t<div class=\"elementor-element elementor-element-a7c569c elementor-widget elementor-widget-text-editor\" data-id=\"a7c569c\" data-element_type=\"widget\" data-widget_type=\"text-editor.default\">\n\t\t\t\t<div class=\"elementor-widget-container\">\n\t\t\t\t\t\t\t\t\t<p style=\"text-align: center;\"><b>Voc\u00ea tem o projeto de vir a Lourdes em grupo? Em peregrina\u00e7\u00e3o? Em prepara\u00e7\u00e3o para os sacramentos? Para um tempo espiritual, de tr\u00eas ou quatro dias? Com pessoas doentes, ou idosas, ou jovens? Diretores de peregrina\u00e7\u00e3o ou Presidentes de Hospitalidade, respons\u00e1veis de grupo, catequistas, padres, capel\u00e3es, ag\u00eancias de viagens&#8230; sejam bem-vindos.<\/b><\/p>\t\t\t\t\t\t\t\t<\/div>\n\t\t\t\t<\/div>\n\t\t\t\t<div class=\"elementor-element elementor-element-aff041c elementor-widget elementor-widget-text-editor\" data-id=\"aff041c\" data-element_type=\"widget\" data-widget_type=\"text-editor.default\">\n\t\t\t\t<div class=\"elementor-widget-container\">\n\t\t\t\t\t\t\t\t\t<p>O Santu\u00e1rio de Lourdes \u00e9 um local importante de <a href=\"https:\/\/www.lourdes-france.org\/les-pelerinages\/\">peregrina\u00e7\u00e3o<\/a> que acolhe especialmente muitos jovens, pessoas <a href=\"https:\/\/www.lourdes-france.org\/?page_id=1033085&amp;preview=true\">doentes<\/a> ou com <a href=\"https:\/\/www.lourdes-france.com\/lourdes-un-sanctuaire-accessible-a-tous\/\">defici\u00eancias<\/a>, e pessoas vulner\u00e1veis. Atento \u00e0s suas necessidades e \u00e0 sua prote\u00e7\u00e3o, o <a href=\"https:\/\/www.lourdes-france.com\/\">Santu\u00e1rio de Nossa Senhora de Lourdes<\/a> implementou uma carta para a <a href=\"https:\/\/www.lourdes-france.org\/personnes-vulnerables\/\">prote\u00e7\u00e3o dos menores e das pessoas vulner\u00e1veis<\/a>, bem como ferramentas de conscientiza\u00e7\u00e3o e informa\u00e7\u00e3o destinadas aos organizadores de peregrina\u00e7\u00f5es.<\/p>\t\t\t\t\t\t\t\t<\/div>\n\t\t\t\t<\/div>\n\t\t\t\t<div class=\"elementor-element elementor-element-ae6d694 elementor-align-center elementor-widget elementor-widget-button\" data-id=\"ae6d694\" data-element_type=\"widget\" data-widget_type=\"button.default\">\n\t\t\t\t<div class=\"elementor-widget-container\">\n\t\t\t\t\t\t\t\t\t<div class=\"elementor-button-wrapper\">\n\t\t\t\t\t<a class=\"elementor-button elementor-button-link elementor-size-sm\" href=\"https:\/\/lourdes-opal.fr\" target=\"_blank\">\n\t\t\t\t\t\t<span class=\"elementor-button-content-wrapper\">\n\t\t\t\t\t\t\t\t\t<span class=\"elementor-button-text\">Acesso \u00e0 plataforma de reservas OPAL<\/span>\n\t\t\t\t\t<\/span>\n\t\t\t\t\t<\/a>\n\t\t\t\t<\/div>\n\t\t\t\t\t\t\t\t<\/div>\n\t\t\t\t<\/div>\n\t\t\t\t<div class=\"elementor-element elementor-element-bf27b0f elementor-align-center elementor-widget elementor-widget-button\" data-id=\"bf27b0f\" data-element_type=\"widget\" data-widget_type=\"button.default\">\n\t\t\t\t<div class=\"elementor-widget-container\">\n\t\t\t\t\t\t\t\t\t<div class=\"elementor-button-wrapper\">\n\t\t\t\t\t<a class=\"elementor-button elementor-button-link elementor-size-sm\" href=\"https:\/\/www.lourdes-france.org\/wp-content\/uploads\/2025\/05\/DEFplan-sanctuaire-nord_compressed.pdf\" target=\"_blank\">\n\t\t\t\t\t\t<span class=\"elementor-button-content-wrapper\">\n\t\t\t\t\t\t\t\t\t<span class=\"elementor-button-text\">Baixar o mapa do Santu\u00e1rio<\/span>\n\t\t\t\t\t<\/span>\n\t\t\t\t\t<\/a>\n\t\t\t\t<\/div>\n\t\t\t\t\t\t\t\t<\/div>\n\t\t\t\t<\/div>\n\t\t\t\t<div class=\"elementor-element elementor-element-11f60df elementor-align-center elementor-widget elementor-widget-button\" data-id=\"11f60df\" data-element_type=\"widget\" data-widget_type=\"button.default\">\n\t\t\t\t<div class=\"elementor-widget-container\">\n\t\t\t\t\t\t\t\t\t<div class=\"elementor-button-wrapper\">\n\t\t\t\t\t<a class=\"elementor-button elementor-button-link elementor-size-sm\" href=\"https:\/\/www.lourdes-france.org\/personnes-vulnerables\/\" target=\"_blank\">\n\t\t\t\t\t\t<span class=\"elementor-button-content-wrapper\">\n\t\t\t\t\t\t\t\t\t<span class=\"elementor-button-text\">Carta para a prote\u00e7\u00e3o dos menores e das pessoas vulner\u00e1veis<\/span>\n\t\t\t\t\t<\/span>\n\t\t\t\t\t<\/a>\n\t\t\t\t<\/div>\n\t\t\t\t\t\t\t\t<\/div>\n\t\t\t\t<\/div>\n\t\t\t\t<div class=\"elementor-element elementor-element-d27d97d elementor-align-center elementor-widget elementor-widget-button\" data-id=\"d27d97d\" data-element_type=\"widget\" data-widget_type=\"button.default\">\n\t\t\t\t<div class=\"elementor-widget-container\">\n\t\t\t\t\t\t\t\t\t<div class=\"elementor-button-wrapper\">\n\t\t\t\t\t<a class=\"elementor-button elementor-button-link elementor-size-sm\" href=\"https:\/\/www.lourdes-france.org\/wp-content\/uploads\/2025\/09\/serenite-pelerin-fr.pdf\" target=\"_blank\">\n\t\t\t\t\t\t<span class=\"elementor-button-content-wrapper\">\n\t\t\t\t\t\t\t\t\t<span class=\"elementor-button-text\">Peregrinos Vigilantes<\/span>\n\t\t\t\t\t<\/span>\n\t\t\t\t\t<\/a>\n\t\t\t\t<\/div>\n\t\t\t\t\t\t\t\t<\/div>\n\t\t\t\t<\/div>\n\t\t\t\t<div class=\"elementor-element elementor-element-d6929a9 elementor-widget elementor-widget-text-editor\" data-id=\"d6929a9\" data-element_type=\"widget\" data-widget_type=\"text-editor.default\">\n\t\t\t\t<div class=\"elementor-widget-container\">\n\t\t\t\t\t\t\t\t\t<h2><b>RESERVA DOS LOCAIS DE CULTO E ATIVIDADES PASTORAIS<\/b><\/h2><p><b>Segunda quinzena-JANEIRO 2024 \u2013<\/b> Comiss\u00e3o de Calend\u00e1rio<br \/>Defini\u00e7\u00e3o das datas das peregrina\u00e7\u00f5es de 2025<\/p><p><b>FINAL-JANEIRO 2024 \u2013<\/b> Confirma\u00e7\u00e3o das reservas de 2025<\/p><p><b>Segunda quinzena-NOVEMBRO 2024 \u2013<\/b> Sele\u00e7\u00e3o de pedidos de reserva a partir da plataforma<\/p><p><b>JANEIRO INICIO DE FEVEREIRO 2025 \u2013<\/b> Confirma\u00e7\u00e3o das reservas \u00e0 partir das plataformas<\/p><p><b>FEVEREIRO \u00abDIA DE LOURDES\u00bb<\/b> \u2013 Se necess\u00e1rio, ajustes e interc\u00e2mbios entre peregrina\u00e7\u00f5es<br \/>sobre as Celebra\u00e7\u00f5es Conjuntas de 2025<\/p><p><b>DIA DE CHEGADA \u2013<\/b> Acolhida no servi\u00e7o de planejamento<br \/>Reuni\u00e3o de liturgia \u00e0s 13h30.<\/p>\t\t\t\t\t\t\t\t<\/div>\n\t\t\t\t<\/div>\n\t\t\t\t<div class=\"elementor-element elementor-element-20aab1f elementor-widget elementor-widget-text-editor\" data-id=\"20aab1f\" data-element_type=\"widget\" data-widget_type=\"text-editor.default\">\n\t\t\t\t<div class=\"elementor-widget-container\">\n\t\t\t\t\t\t\t\t\t<h2><b>RESERVA NAS HOSPEDARIAS DO SANTU\u00c1RIO<\/b><\/h2><p><b>ENTRE 4 E 6 MESES ANTES DA CHEGADA \u2013<\/b> Recep\u00e7\u00e3o do arquivo de distribui\u00e7\u00e3o (Excel): Recapitulativo das \u00e1reas atribuidas \u00e0 Acolhida de Nossa-Senhora (Notre Dame) com o n\u00famero de quartos e leitos reservados.<br \/>Indica\u00e7\u00e3o do n\u00famero de quartos nas outras <a href=\"https:\/\/www.lourdes-france.org\/hebergements-sanctuaire\/\">hospedarias<\/a> (para hospital\u00e1rios). Devolu\u00e7\u00e3o do arquivo pelos respons\u00e1veis do grupo. Envio do contrato via DocuSign.<\/p><p><b>DE 1 \u00c0 2 MESES ANTES DA DATA DE CHEGADA \u2013<\/b> Ajustes no n\u00famero de quartos por \u00e1rea da Acolhida de Nossa-Senhora ou em outras acomoda\u00e7\u00f5es, pelo respons\u00e1vel do grupo. Retorno do contrato assinado.<\/p><p><b>1 M<\/b><b>\u0206<\/b><b>S ANTES DA DATA DE CHEGADA \u2013<\/b> Fim dos ajustes gratuitos.<br \/>Qualquer cancelamento resultar\u00e1 em penalidades.<br \/>\u2013 Recep\u00e7\u00e3o do arquivo de reserva para para o servi\u00e7o de buf\u00ea, equipamentos m\u00e9dicos, salas de tr\u00e2nsito e capelas da Acohida de Nossa Senhora (documentos Excel).<br \/>\u2013 Recep\u00e7\u00e3o de uma lista de participantes para preencher (Excel).<\/p><p><b>15 DIAS ANTES DA DATA DE CHEGADA \u2013<\/b> Retorno da lista de participantes para a Acolhida de Nossa-Senhora e as demais acomoda\u00e7\u00f5es do Santu\u00e1rio.<br \/>Devolu\u00e7\u00e3o do arquivo servi\u00e7o de buf\u00ea, equipamentos m\u00e9dicos e reservas das salas (Acolhida de Nossa Senhora).<\/p><p><b>3 DIAS ANTES DA DATA DE CHEGADA \u2013 <\/b>Se necess\u00e1rio, altera\u00e7\u00f5es na lista de pessoas hospedadas.<\/p><p><b>DIA DE CHEGADA \u2013 <\/b>Reuni\u00e3o com o respons\u00e1vel do grupo.<br \/>\u00daltimas altera\u00e7\u00f5es na lista de participantes e pontos recapitulativos da estadia. Apresenta\u00e7\u00e3o do servi\u00e7o de Acohida como contato, para o per\u00edodo da peregrina\u00e7\u00e3o.<\/p>\t\t\t\t\t\t\t\t<\/div>\n\t\t\t\t<\/div>\n\t\t\t\t<div class=\"elementor-element elementor-element-4ef7e55 elementor-align-center elementor-widget elementor-widget-button\" data-id=\"4ef7e55\" data-element_type=\"widget\" data-widget_type=\"button.default\">\n\t\t\t\t<div class=\"elementor-widget-container\">\n\t\t\t\t\t\t\t\t\t<div class=\"elementor-button-wrapper\">\n\t\t\t\t\t<a class=\"elementor-button elementor-button-link elementor-size-sm\" href=\"https:\/\/resa.lourdes-france.org\/\" target=\"_blank\">\n\t\t\t\t\t\t<span class=\"elementor-button-content-wrapper\">\n\t\t\t\t\t\t\t\t\t<span class=\"elementor-button-text\">Acesso \u00e0 plataforma de reservas <\/span>\n\t\t\t\t\t<\/span>\n\t\t\t\t\t<\/a>\n\t\t\t\t<\/div>\n\t\t\t\t\t\t\t\t<\/div>\n\t\t\t\t<\/div>\n\t\t\t\t<div class=\"elementor-element elementor-element-29e664e elementor-widget elementor-widget-text-editor\" data-id=\"29e664e\" data-element_type=\"widget\" data-widget_type=\"text-editor.default\">\n\t\t\t\t<div class=\"elementor-widget-container\">\n\t\t\t\t\t\t\t\t\t<h2><b>JUNTE-SE \u00c0 REDE &#8220;PEREGRINOS VIGILANTES&#8221;<\/b><\/h2><p><b>Todas as semanas, <\/b>os &#8220;Peregrinos Vigilantes&#8221;<b> contribuem ativamente para a <\/b>seguran\u00e7a do Santu\u00e1rio de Lourdes<b>. Engajados em uma abordagem volunt\u00e1ria, eles se comprometem a observar seu ambiente e relatar qualquer comportamento suspeito ao Posto Central de Seguran\u00e7a, enquanto continuam sua peregrina\u00e7\u00e3o normalmente.<\/b><\/p><p>Para <b>se juntar a esta rede<\/b>, os diretores de cada peregrina\u00e7\u00e3o registram os <b>volunt\u00e1rios designados<\/b> no OPAL, que seguem um curto per\u00edodo de forma\u00e7\u00e3o, depois participam pontualmente desse<b> processo de vigil\u00e2ncia benevolente<\/b>. \u00c9 um compromisso crist\u00e3o, ao servi\u00e7o deste emblem\u00e1tico lugar de culto, e uma experi\u00eancia enriquecedora guiada pelo <b>esp\u00edrito de solidariedade e responsabilidade<\/b>.<\/p>\t\t\t\t\t\t\t\t<\/div>\n\t\t\t\t<\/div>\n\t\t\t\t<div class=\"elementor-element elementor-element-ef20981 elementor-align-center elementor-widget elementor-widget-button\" data-id=\"ef20981\" data-element_type=\"widget\" data-widget_type=\"button.default\">\n\t\t\t\t<div class=\"elementor-widget-container\">\n\t\t\t\t\t\t\t\t\t<div class=\"elementor-button-wrapper\">\n\t\t\t\t\t<a class=\"elementor-button elementor-button-link elementor-size-sm\" href=\"https:\/\/www.lourdes-france.org\/wp-content\/uploads\/2025\/09\/serenite-pelerin-fr.pdf\" target=\"_blank\">\n\t\t\t\t\t\t<span class=\"elementor-button-content-wrapper\">\n\t\t\t\t\t\t\t\t\t<span class=\"elementor-button-text\">Peregrinos vigilantes <\/span>\n\t\t\t\t\t<\/span>\n\t\t\t\t\t<\/a>\n\t\t\t\t<\/div>\n\t\t\t\t\t\t\t\t<\/div>\n\t\t\t\t<\/div>\n\t\t\t\t<div class=\"elementor-element elementor-element-16e1d25 elementor-widget elementor-widget-text-editor\" data-id=\"16e1d25\" data-element_type=\"widget\" data-widget_type=\"text-editor.default\">\n\t\t\t\t<div class=\"elementor-widget-container\">\n\t\t\t\t\t\t\t\t\t<h2><b>PARA AJUD\u00c1-LO, ACONSELH\u00c1-LO E RECEB\u00ca-LO<\/b><\/h2><p><b>Servi\u00e7o de Reservas \/ PLANEJAMENTO<\/b><br \/><a href=\"mailto:reservation@lourdes-france.com\">reservation@lourdes-france.com<\/a><br \/>O5 62 42 79 02<\/p><p><b>Servi\u00e7o de Reservas \/ HOSPEDARIA<\/b><br \/><a href=\"mailto:hebergement@lourdes-france.com\">hebergement@lourdes-france.com<\/a><br \/>O5 62 42 80 40<\/p><p><b>Informa\u00e7\u00f5es e reservas na<span class=\"Apple-converted-space\">\u00a0<\/span><\/b> <b>Cidade dos Jovens<\/b><br \/><a href=\"mailto:village.jeunes@lourdes-france.com\">village.jeunes@lourdes-france.com<\/a><br \/>05 62 42 79 95<\/p><p><b>\u00ab Peregrinos vigilantes \u00bb \u2013 Bastien Challier<\/b><br \/>Servi\u00e7o de Preven\u00e7\u00e3o e Seguran\u00e7a \/ Santu\u00e1rio de Nossa Senhora de Lourdes<br \/><a href=\"mailto:bastien.challier@lourdes-france.com\">bastien.challier@lourdes-france.com<\/a><br \/>06 40 77 44 08 \u2013 05 62 42 79 85<\/p>\t\t\t\t\t\t\t\t<\/div>\n\t\t\t\t<\/div>\n\t\t\t\t<div class=\"elementor-element elementor-element-ff4c971 elementor-view-default elementor-widget elementor-widget-icon\" data-id=\"ff4c971\" data-element_type=\"widget\" data-widget_type=\"icon.default\">\n\t\t\t\t<div class=\"elementor-widget-container\">\n\t\t\t\t\t\t\t<div class=\"elementor-icon-wrapper\">\n\t\t\t<div class=\"elementor-icon\">\n\t\t\t<i aria-hidden=\"true\" class=\"fas fa-church\"><\/i>\t\t\t<\/div>\n\t\t<\/div>\n\t\t\t\t\t\t<\/div>\n\t\t\t\t<\/div>\n\t\t\t\t\t<\/div>\n\t\t<\/div>\n\t\t\t\t\t<\/div>\n\t\t<\/section>\n\t\t\t\t<\/div>\n\t\t","protected":false},"excerpt":{"rendered":"<p>Organizar uma peregrina\u00e7\u00e3o \u00e0 Lourdes _________________ Voc\u00ea tem o projeto de vir a Lourdes em grupo? Em peregrina\u00e7\u00e3o? Em prepara\u00e7\u00e3o para os sacramentos? Para um tempo espiritual, de tr\u00eas ou quatro dias? Com pessoas doentes, ou idosas, ou jovens? Diretores &hellip; <a href=\"https:\/\/www.lourdes-france.org\/pt-br\/peregrinacoes-a-lourdes\/organizar-uma-peregrinacao-para-lourdes\/\">Conte\u00fado<\/a><\/p>\n","protected":false},"author":7,"featured_media":896505,"parent":899412,"menu_order":0,"comment_status":"closed","ping_status":"closed","template":"","meta":{"_acf_changed":false,"footnotes":""},"class_list":["post-899444","page","type-page","status-publish","has-post-thumbnail","hentry"],"acf":[],"yoast_head":"<!-- This site is optimized with the Yoast SEO plugin v24.7 - https:\/\/yoast.com\/wordpress\/plugins\/seo\/ -->\n<title>Organizar uma peregrina\u00e7\u00e3o para Lourdes<\/title>\n<meta name=\"robots\" content=\"index, follow, max-snippet:-1, max-image-preview:large, max-video-preview:-1\" \/>\n<link rel=\"canonical\" href=\"https:\/\/www.lourdes-france.org\/pt-br\/peregrinacoes-a-lourdes\/organizar-uma-peregrinacao-para-lourdes\/\" \/>\n<meta name=\"twitter:label1\" content=\"Est. tempo de leitura\" \/>\n\t<meta name=\"twitter:data1\" content=\"4 minutos\" \/>\n<script type=\"application\/ld+json\" class=\"yoast-schema-graph\">{\"@context\":\"https:\/\/schema.org\",\"@graph\":[{\"@type\":\"WebPage\",\"@id\":\"https:\/\/www.lourdes-france.org\/pt-br\/peregrinacoes-a-lourdes\/organizar-uma-peregrinacao-para-lourdes\/\",\"url\":\"https:\/\/www.lourdes-france.org\/pt-br\/peregrinacoes-a-lourdes\/organizar-uma-peregrinacao-para-lourdes\/\",\"name\":\"Organizar uma peregrina\u00e7\u00e3o para Lourdes\",\"isPartOf\":{\"@id\":\"https:\/\/preprod-lourdes.cawita.com\/#website\"},\"primaryImageOfPage\":{\"@id\":\"https:\/\/www.lourdes-france.org\/pt-br\/peregrinacoes-a-lourdes\/organizar-uma-peregrinacao-para-lourdes\/#primaryimage\"},\"image\":{\"@id\":\"https:\/\/www.lourdes-france.org\/pt-br\/peregrinacoes-a-lourdes\/organizar-uma-peregrinacao-para-lourdes\/#primaryimage\"},\"thumbnailUrl\":\"https:\/\/www.lourdes-france.org\/wp-content\/uploads\/2019\/09\/DIAPORAMA_PHOTO-6_reduit_ROSAIRE-PAGE-1LNEWS_HOSPITALIER_MALADE_56237e896e_o.jpg\",\"datePublished\":\"2022-08-31T12:56:58+00:00\",\"dateModified\":\"2026-01-19T14:54:56+00:00\",\"breadcrumb\":{\"@id\":\"https:\/\/www.lourdes-france.org\/pt-br\/peregrinacoes-a-lourdes\/organizar-uma-peregrinacao-para-lourdes\/#breadcrumb\"},\"inLanguage\":\"pt-BR\",\"potentialAction\":[{\"@type\":\"ReadAction\",\"target\":[\"https:\/\/www.lourdes-france.org\/pt-br\/peregrinacoes-a-lourdes\/organizar-uma-peregrinacao-para-lourdes\/\"]}]},{\"@type\":\"ImageObject\",\"inLanguage\":\"pt-BR\",\"@id\":\"https:\/\/www.lourdes-france.org\/pt-br\/peregrinacoes-a-lourdes\/organizar-uma-peregrinacao-para-lourdes\/#primaryimage\",\"url\":\"https:\/\/www.lourdes-france.org\/wp-content\/uploads\/2019\/09\/DIAPORAMA_PHOTO-6_reduit_ROSAIRE-PAGE-1LNEWS_HOSPITALIER_MALADE_56237e896e_o.jpg\",\"contentUrl\":\"https:\/\/www.lourdes-france.org\/wp-content\/uploads\/2019\/09\/DIAPORAMA_PHOTO-6_reduit_ROSAIRE-PAGE-1LNEWS_HOSPITALIER_MALADE_56237e896e_o.jpg\",\"width\":1200,\"height\":800,\"caption\":\"Organiser un p\u00e8lerinage \u00e0 Lourdes\"},{\"@type\":\"BreadcrumbList\",\"@id\":\"https:\/\/www.lourdes-france.org\/pt-br\/peregrinacoes-a-lourdes\/organizar-uma-peregrinacao-para-lourdes\/#breadcrumb\",\"itemListElement\":[{\"@type\":\"ListItem\",\"position\":1,\"name\":\"Accueil\",\"item\":\"https:\/\/www.lourdes-france.org\/\"},{\"@type\":\"ListItem\",\"position\":2,\"name\":\"Peregrina\u00e7\u00f5es a Lourdes\",\"item\":\"https:\/\/www.lourdes-france.org\/pt-br\/peregrinacoes-a-lourdes\/\"},{\"@type\":\"ListItem\",\"position\":3,\"name\":\"Organizar uma peregrina\u00e7\u00e3o para Lourdes\"}]},{\"@type\":\"WebSite\",\"@id\":\"https:\/\/preprod-lourdes.cawita.com\/#website\",\"url\":\"https:\/\/preprod-lourdes.cawita.com\/\",\"name\":\"Soutenir le Sanctuaire Notre-Dame de Lourdes\",\"description\":\"\",\"potentialAction\":[{\"@type\":\"SearchAction\",\"target\":{\"@type\":\"EntryPoint\",\"urlTemplate\":\"https:\/\/preprod-lourdes.cawita.com\/?s={search_term_string}\"},\"query-input\":{\"@type\":\"PropertyValueSpecification\",\"valueRequired\":true,\"valueName\":\"search_term_string\"}}],\"inLanguage\":\"pt-BR\"}]}<\/script>\n<!-- \/ Yoast SEO plugin. -->","yoast_head_json":{"title":"Organizar uma peregrina\u00e7\u00e3o para Lourdes","robots":{"index":"index","follow":"follow","max-snippet":"max-snippet:-1","max-image-preview":"max-image-preview:large","max-video-preview":"max-video-preview:-1"},"canonical":"https:\/\/www.lourdes-france.org\/pt-br\/peregrinacoes-a-lourdes\/organizar-uma-peregrinacao-para-lourdes\/","twitter_misc":{"Est. tempo de leitura":"4 minutos"},"schema":{"@context":"https:\/\/schema.org","@graph":[{"@type":"WebPage","@id":"https:\/\/www.lourdes-france.org\/pt-br\/peregrinacoes-a-lourdes\/organizar-uma-peregrinacao-para-lourdes\/","url":"https:\/\/www.lourdes-france.org\/pt-br\/peregrinacoes-a-lourdes\/organizar-uma-peregrinacao-para-lourdes\/","name":"Organizar uma peregrina\u00e7\u00e3o para Lourdes","isPartOf":{"@id":"https:\/\/preprod-lourdes.cawita.com\/#website"},"primaryImageOfPage":{"@id":"https:\/\/www.lourdes-france.org\/pt-br\/peregrinacoes-a-lourdes\/organizar-uma-peregrinacao-para-lourdes\/#primaryimage"},"image":{"@id":"https:\/\/www.lourdes-france.org\/pt-br\/peregrinacoes-a-lourdes\/organizar-uma-peregrinacao-para-lourdes\/#primaryimage"},"thumbnailUrl":"https:\/\/www.lourdes-france.org\/wp-content\/uploads\/2019\/09\/DIAPORAMA_PHOTO-6_reduit_ROSAIRE-PAGE-1LNEWS_HOSPITALIER_MALADE_56237e896e_o.jpg","datePublished":"2022-08-31T12:56:58+00:00","dateModified":"2026-01-19T14:54:56+00:00","breadcrumb":{"@id":"https:\/\/www.lourdes-france.org\/pt-br\/peregrinacoes-a-lourdes\/organizar-uma-peregrinacao-para-lourdes\/#breadcrumb"},"inLanguage":"pt-BR","potentialAction":[{"@type":"ReadAction","target":["https:\/\/www.lourdes-france.org\/pt-br\/peregrinacoes-a-lourdes\/organizar-uma-peregrinacao-para-lourdes\/"]}]},{"@type":"ImageObject","inLanguage":"pt-BR","@id":"https:\/\/www.lourdes-france.org\/pt-br\/peregrinacoes-a-lourdes\/organizar-uma-peregrinacao-para-lourdes\/#primaryimage","url":"https:\/\/www.lourdes-france.org\/wp-content\/uploads\/2019\/09\/DIAPORAMA_PHOTO-6_reduit_ROSAIRE-PAGE-1LNEWS_HOSPITALIER_MALADE_56237e896e_o.jpg","contentUrl":"https:\/\/www.lourdes-france.org\/wp-content\/uploads\/2019\/09\/DIAPORAMA_PHOTO-6_reduit_ROSAIRE-PAGE-1LNEWS_HOSPITALIER_MALADE_56237e896e_o.jpg","width":1200,"height":800,"caption":"Organiser un p\u00e8lerinage \u00e0 Lourdes"},{"@type":"BreadcrumbList","@id":"https:\/\/www.lourdes-france.org\/pt-br\/peregrinacoes-a-lourdes\/organizar-uma-peregrinacao-para-lourdes\/#breadcrumb","itemListElement":[{"@type":"ListItem","position":1,"name":"Accueil","item":"https:\/\/www.lourdes-france.org\/"},{"@type":"ListItem","position":2,"name":"Peregrina\u00e7\u00f5es a Lourdes","item":"https:\/\/www.lourdes-france.org\/pt-br\/peregrinacoes-a-lourdes\/"},{"@type":"ListItem","position":3,"name":"Organizar uma peregrina\u00e7\u00e3o para Lourdes"}]},{"@type":"WebSite","@id":"https:\/\/preprod-lourdes.cawita.com\/#website","url":"https:\/\/preprod-lourdes.cawita.com\/","name":"Soutenir le Sanctuaire Notre-Dame de Lourdes","description":"","potentialAction":[{"@type":"SearchAction","target":{"@type":"EntryPoint","urlTemplate":"https:\/\/preprod-lourdes.cawita.com\/?s={search_term_string}"},"query-input":{"@type":"PropertyValueSpecification","valueRequired":true,"valueName":"search_term_string"}}],"inLanguage":"pt-BR"}]}},"_links":{"self":[{"href":"https:\/\/www.lourdes-france.org\/pt-br\/wp-json\/wp\/v2\/pages\/899444","targetHints":{"allow":["GET"]}}],"collection":[{"href":"https:\/\/www.lourdes-france.org\/pt-br\/wp-json\/wp\/v2\/pages"}],"about":[{"href":"https:\/\/www.lourdes-france.org\/pt-br\/wp-json\/wp\/v2\/types\/page"}],"author":[{"embeddable":true,"href":"https:\/\/www.lourdes-france.org\/pt-br\/wp-json\/wp\/v2\/users\/7"}],"replies":[{"embeddable":true,"href":"https:\/\/www.lourdes-france.org\/pt-br\/wp-json\/wp\/v2\/comments?post=899444"}],"version-history":[{"count":3,"href":"https:\/\/www.lourdes-france.org\/pt-br\/wp-json\/wp\/v2\/pages\/899444\/revisions"}],"predecessor-version":[{"id":1096407,"href":"https:\/\/www.lourdes-france.org\/pt-br\/wp-json\/wp\/v2\/pages\/899444\/revisions\/1096407"}],"up":[{"embeddable":true,"href":"https:\/\/www.lourdes-france.org\/pt-br\/wp-json\/wp\/v2\/pages\/899412"}],"wp:featuredmedia":[{"embeddable":true,"href":"https:\/\/www.lourdes-france.org\/pt-br\/wp-json\/wp\/v2\/media\/896505"}],"wp:attachment":[{"href":"https:\/\/www.lourdes-france.org\/pt-br\/wp-json\/wp\/v2\/media?parent=899444"}],"curies":[{"name":"wp","href":"https:\/\/api.w.org\/{rel}","templated":true}]}}