{"id":899449,"date":"2021-09-28T11:35:43","date_gmt":"2021-09-28T09:35:43","guid":{"rendered":"https:\/\/www.lourdes-france.org\/theme-pastoral-lourdes-2023\/"},"modified":"2024-12-16T11:00:05","modified_gmt":"2024-12-16T10:00:05","slug":"tema-pastoral-do-santuario-de-lourdes","status":"publish","type":"page","link":"https:\/\/www.lourdes-france.org\/pt-br\/tema-pastoral-do-santuario-de-lourdes\/","title":{"rendered":"Tema pastoral do Santu\u00e1rio de Lourdes"},"content":{"rendered":"\t\t<div data-elementor-type=\"wp-page\" data-elementor-id=\"899449\" class=\"elementor elementor-899449 elementor-839889\" data-elementor-post-type=\"page\">\n\t\t\t\t\t\t<section class=\"elementor-section elementor-top-section elementor-element elementor-element-f4351b7 elementor-section-full_width elementor-section-height-min-height elementor-section-stretched elementor-section-height-default elementor-section-items-middle\" data-id=\"f4351b7\" data-element_type=\"section\" data-settings=\"{&quot;stretch_section&quot;:&quot;section-stretched&quot;,&quot;background_background&quot;:&quot;classic&quot;}\">\n\t\t\t\t\t\t<div class=\"elementor-container elementor-column-gap-default\">\n\t\t\t\t\t<div class=\"elementor-column elementor-col-100 elementor-top-column elementor-element elementor-element-84dab16\" data-id=\"84dab16\" data-element_type=\"column\">\n\t\t\t<div class=\"elementor-widget-wrap\">\n\t\t\t\t\t\t\t<\/div>\n\t\t<\/div>\n\t\t\t\t\t<\/div>\n\t\t<\/section>\n\t\t\t\t<section class=\"elementor-section elementor-top-section elementor-element elementor-element-0176338 elementor-section-boxed elementor-section-height-default elementor-section-height-default\" data-id=\"0176338\" data-element_type=\"section\">\n\t\t\t\t\t\t<div class=\"elementor-container elementor-column-gap-default\">\n\t\t\t\t\t<div class=\"elementor-column elementor-col-100 elementor-top-column elementor-element elementor-element-f7f138d\" data-id=\"f7f138d\" data-element_type=\"column\">\n\t\t\t<div class=\"elementor-widget-wrap elementor-element-populated\">\n\t\t\t\t\t\t<div class=\"elementor-element elementor-element-d288f04 elementor-widget elementor-widget-heading\" data-id=\"d288f04\" data-element_type=\"widget\" data-widget_type=\"heading.default\">\n\t\t\t\t<div class=\"elementor-widget-container\">\n\t\t\t\t\t<h1 class=\"elementor-heading-title elementor-size-default\">Tema pastoral do Santu\u00e1rio de Lourdes<\/h1>\t\t\t\t<\/div>\n\t\t\t\t<\/div>\n\t\t\t\t\t<\/div>\n\t\t<\/div>\n\t\t\t\t\t<\/div>\n\t\t<\/section>\n\t\t\t\t<section class=\"elementor-section elementor-top-section elementor-element elementor-element-aeca299 elementor-section-boxed elementor-section-height-default elementor-section-height-default\" data-id=\"aeca299\" data-element_type=\"section\">\n\t\t\t\t\t\t<div class=\"elementor-container elementor-column-gap-no\">\n\t\t\t\t\t<div class=\"elementor-column elementor-col-100 elementor-top-column elementor-element elementor-element-91b2319\" data-id=\"91b2319\" data-element_type=\"column\">\n\t\t\t<div class=\"elementor-widget-wrap elementor-element-populated\">\n\t\t\t\t\t\t<div class=\"elementor-element elementor-element-1ce89dc elementor-widget elementor-widget-image\" data-id=\"1ce89dc\" data-element_type=\"widget\" data-widget_type=\"image.default\">\n\t\t\t\t<div class=\"elementor-widget-container\">\n\t\t\t\t\t\t\t\t\t\t\t\t\t\t\t<img fetchpriority=\"high\" decoding=\"async\" width=\"1667\" height=\"859\" src=\"https:\/\/www.lourdes-france.org\/wp-content\/uploads\/2024\/12\/logo-jubile-2025_pr-2.png\" class=\"attachment-full size-full wp-image-979154\" alt=\"\" srcset=\"https:\/\/www.lourdes-france.org\/wp-content\/uploads\/2024\/12\/logo-jubile-2025_pr-2.png 1667w, https:\/\/www.lourdes-france.org\/wp-content\/uploads\/2024\/12\/logo-jubile-2025_pr-2-300x155.png 300w, https:\/\/www.lourdes-france.org\/wp-content\/uploads\/2024\/12\/logo-jubile-2025_pr-2-1024x528.png 1024w, https:\/\/www.lourdes-france.org\/wp-content\/uploads\/2024\/12\/logo-jubile-2025_pr-2-768x396.png 768w, https:\/\/www.lourdes-france.org\/wp-content\/uploads\/2024\/12\/logo-jubile-2025_pr-2-1536x791.png 1536w\" sizes=\"(max-width: 1667px) 100vw, 1667px\" \/>\t\t\t\t\t\t\t\t\t\t\t\t\t\t\t<\/div>\n\t\t\t\t<\/div>\n\t\t\t\t<div class=\"elementor-element elementor-element-3ab81fab elementor-widget elementor-widget-text-editor\" data-id=\"3ab81fab\" data-element_type=\"widget\" data-widget_type=\"text-editor.default\">\n\t\t\t\t<div class=\"elementor-widget-container\">\n\t\t\t\t\t\t\t\t\t<h2>LOURDES 2025<\/h2>\t\t\t\t\t\t\t\t<\/div>\n\t\t\t\t<\/div>\n\t\t\t\t<div class=\"elementor-element elementor-element-23fa3f2 elementor-align-center elementor-widget elementor-widget-button\" data-id=\"23fa3f2\" data-element_type=\"widget\" data-widget_type=\"button.default\">\n\t\t\t\t<div class=\"elementor-widget-container\">\n\t\t\t\t\t\t\t\t\t<div class=\"elementor-button-wrapper\">\n\t\t\t\t\t<a class=\"elementor-button elementor-button-link elementor-size-sm\" href=\"https:\/\/www.lourdes-france.org\/wp-content\/uploads\/2024\/09\/logo-jubile-2025_pr.png\" target=\"_blank\">\n\t\t\t\t\t\t<span class=\"elementor-button-content-wrapper\">\n\t\t\t\t\t\t<span class=\"elementor-button-icon\">\n\t\t\t\t<i aria-hidden=\"true\" class=\"far fa-file-pdf\"><\/i>\t\t\t<\/span>\n\t\t\t\t\t\t\t\t\t<span class=\"elementor-button-text\">Fazer download do logo<\/span>\n\t\t\t\t\t<\/span>\n\t\t\t\t\t<\/a>\n\t\t\t\t<\/div>\n\t\t\t\t\t\t\t\t<\/div>\n\t\t\t\t<\/div>\n\t\t\t\t<div class=\"elementor-element elementor-element-bda6aa3 elementor-align-center elementor-widget elementor-widget-button\" data-id=\"bda6aa3\" data-element_type=\"widget\" data-widget_type=\"button.default\">\n\t\t\t\t<div class=\"elementor-widget-container\">\n\t\t\t\t\t\t\t\t\t<div class=\"elementor-button-wrapper\">\n\t\t\t\t\t<a class=\"elementor-button elementor-button-link elementor-size-sm\" href=\"https:\/\/www.lourdes-france.com\/uploads\/kits2025\/PR.zip\" target=\"_blank\">\n\t\t\t\t\t\t<span class=\"elementor-button-content-wrapper\">\n\t\t\t\t\t\t<span class=\"elementor-button-icon\">\n\t\t\t\t<i aria-hidden=\"true\" class=\"far fa-file-pdf\"><\/i>\t\t\t<\/span>\n\t\t\t\t\t\t\t\t\t<span class=\"elementor-button-text\">Kit de comunica\u00e7\u00e3o<\/span>\n\t\t\t\t\t<\/span>\n\t\t\t\t\t<\/a>\n\t\t\t\t<\/div>\n\t\t\t\t\t\t\t\t<\/div>\n\t\t\t\t<\/div>\n\t\t\t\t\t<\/div>\n\t\t<\/div>\n\t\t\t\t\t<\/div>\n\t\t<\/section>\n\t\t\t\t<section class=\"elementor-section elementor-top-section elementor-element elementor-element-3ffdb5c elementor-section-boxed elementor-section-height-default elementor-section-height-default\" data-id=\"3ffdb5c\" data-element_type=\"section\">\n\t\t\t\t\t\t<div class=\"elementor-container elementor-column-gap-no\">\n\t\t\t\t\t<div class=\"elementor-column elementor-col-100 elementor-top-column elementor-element elementor-element-530b77c6\" data-id=\"530b77c6\" data-element_type=\"column\">\n\t\t\t<div class=\"elementor-widget-wrap elementor-element-populated\">\n\t\t\t\t\t\t<div class=\"elementor-element elementor-element-792f49b elementor-widget elementor-widget-spacer\" data-id=\"792f49b\" data-element_type=\"widget\" data-widget_type=\"spacer.default\">\n\t\t\t\t<div class=\"elementor-widget-container\">\n\t\t\t\t\t\t\t<div class=\"elementor-spacer\">\n\t\t\t<div class=\"elementor-spacer-inner\"><\/div>\n\t\t<\/div>\n\t\t\t\t\t\t<\/div>\n\t\t\t\t<\/div>\n\t\t\t\t<div class=\"elementor-element elementor-element-6ab12e78 elementor-widget elementor-widget-text-editor\" data-id=\"6ab12e78\" data-element_type=\"widget\" data-widget_type=\"text-editor.default\">\n\t\t\t\t<div class=\"elementor-widget-container\">\n\t\t\t\t\t\t\t\t\t<p class=\"s5\" style=\"text-align: center;\"><span class=\"s2\">A CADA ANO, O Santu\u00e1rio Nossa Senhora de Lourdes apresenta um tema, que constitui um quadro program\u00e1tico e pastoral para ajudar os organizadores das peregrina\u00e7\u00f5es e dioceses que aqui vem, para dar ideias e motivar a todos.<br \/><br \/><\/span><span class=\"s2\">Esse ano de 2025 ser\u00e1 um ano particular: ele ser\u00e1 um ano <\/span><span class=\"s2\">de muitas gra\u00e7as<\/span> <span class=\"s2\">(<\/span><span class=\"s2\">Is<\/span><span class=\"s2\"> 61,2). Os anos jubilares s\u00e3o para o perd\u00e3o das d\u00edvidas, tanto espirituais como materiais.<\/span> <span class=\"s2\">Em outras palavras, <\/span><span class=\"s2\">os anos jubilares s\u00e3o anos para que todos possamos mergulhar na miseric\u00f3rdia de Deus, receber suas gra\u00e7as e fortalecer nossa vida crist\u00e3.<br \/><br \/><\/span><span class=\"s2\">Como voc\u00ea j\u00e1 deve ter ouvido, o ano de 2025 tem como tema <strong>\u201c<\/strong><\/span><strong><span class=\"s14\">Peregrinos na esperan\u00e7a<\/span><span class=\"s2\">\u201d.<\/span><\/strong><\/p>\t\t\t\t\t\t\t\t<\/div>\n\t\t\t\t<\/div>\n\t\t\t\t\t<\/div>\n\t\t<\/div>\n\t\t\t\t\t<\/div>\n\t\t<\/section>\n\t\t\t\t<section class=\"elementor-section elementor-top-section elementor-element elementor-element-667b855 elementor-section-boxed elementor-section-height-default elementor-section-height-default\" data-id=\"667b855\" data-element_type=\"section\">\n\t\t\t\t\t\t<div class=\"elementor-container elementor-column-gap-default\">\n\t\t\t\t\t<div class=\"elementor-column elementor-col-100 elementor-top-column elementor-element elementor-element-6fd82db\" data-id=\"6fd82db\" data-element_type=\"column\">\n\t\t\t<div class=\"elementor-widget-wrap elementor-element-populated\">\n\t\t\t\t\t\t<div class=\"elementor-element elementor-element-12ed914 elementor-widget elementor-widget-text-editor\" data-id=\"12ed914\" data-element_type=\"widget\" data-widget_type=\"text-editor.default\">\n\t\t\t\t<div class=\"elementor-widget-container\">\n\t\t\t\t\t\t\t\t\t<h2 style=\"text-align: center;\">Lourdes, Tema Pastoral 2025<\/h2><h3 style=\"text-align: center;\">Com Maria, Somos Caminhantes na Esperan\u00e7a<\/h3>\t\t\t\t\t\t\t\t<\/div>\n\t\t\t\t<\/div>\n\t\t\t\t<div class=\"elementor-element elementor-element-fa474ff elementor-widget elementor-widget-text-editor\" data-id=\"fa474ff\" data-element_type=\"widget\" data-widget_type=\"text-editor.default\">\n\t\t\t\t<div class=\"elementor-widget-container\">\n\t\t\t\t\t\t\t\t\t<p style=\"text-align: center;\">P. Emmanuel MVOMO, CFIC, Chapelain<br \/>Ab. Herv\u00e9 REME, Chapelain<\/p>\t\t\t\t\t\t\t\t<\/div>\n\t\t\t\t<\/div>\n\t\t\t\t\t<\/div>\n\t\t<\/div>\n\t\t\t\t\t<\/div>\n\t\t<\/section>\n\t\t\t\t<section class=\"elementor-section elementor-top-section elementor-element elementor-element-b410d85 elementor-section-boxed elementor-section-height-default elementor-section-height-default\" data-id=\"b410d85\" data-element_type=\"section\">\n\t\t\t\t\t\t<div class=\"elementor-container elementor-column-gap-no\">\n\t\t\t\t\t<div class=\"elementor-column elementor-col-100 elementor-top-column elementor-element elementor-element-610ff94\" data-id=\"610ff94\" data-element_type=\"column\">\n\t\t\t<div class=\"elementor-widget-wrap elementor-element-populated\">\n\t\t\t\t\t\t<div class=\"elementor-element elementor-element-3e6e4ab2 elementor-align-center elementor-widget elementor-widget-button\" data-id=\"3e6e4ab2\" data-element_type=\"widget\" data-widget_type=\"button.default\">\n\t\t\t\t<div class=\"elementor-widget-container\">\n\t\t\t\t\t\t\t\t\t<div class=\"elementor-button-wrapper\">\n\t\t\t\t\t<a class=\"elementor-button elementor-button-link elementor-size-sm\" href=\"https:\/\/www.lourdes-france.org\/wp-content\/uploads\/2024\/09\/Theme_2025_PR.pdf\" target=\"_blank\">\n\t\t\t\t\t\t<span class=\"elementor-button-content-wrapper\">\n\t\t\t\t\t\t<span class=\"elementor-button-icon\">\n\t\t\t\t<i aria-hidden=\"true\" class=\"far fa-file-pdf\"><\/i>\t\t\t<\/span>\n\t\t\t\t\t\t\t\t\t<span class=\"elementor-button-text\">Baixe o tema pastoral 2025<\/span>\n\t\t\t\t\t<\/span>\n\t\t\t\t\t<\/a>\n\t\t\t\t<\/div>\n\t\t\t\t\t\t\t\t<\/div>\n\t\t\t\t<\/div>\n\t\t\t\t\t<\/div>\n\t\t<\/div>\n\t\t\t\t\t<\/div>\n\t\t<\/section>\n\t\t\t\t<\/div>\n\t\t","protected":false},"excerpt":{"rendered":"<p>Tema pastoral do Santu\u00e1rio de Lourdes LOURDES 2025 Fazer download do logo Kit de comunica\u00e7\u00e3o A CADA ANO, O Santu\u00e1rio Nossa Senhora de Lourdes apresenta um tema, que constitui um quadro program\u00e1tico e pastoral para ajudar os organizadores das peregrina\u00e7\u00f5es &hellip; <a href=\"https:\/\/www.lourdes-france.org\/pt-br\/tema-pastoral-do-santuario-de-lourdes\/\">Conte\u00fado<\/a><\/p>\n","protected":false},"author":7,"featured_media":955379,"parent":0,"menu_order":0,"comment_status":"closed","ping_status":"closed","template":"","meta":{"_acf_changed":false,"footnotes":""},"class_list":["post-899449","page","type-page","status-publish","has-post-thumbnail","hentry"],"acf":[],"yoast_head":"<!-- This site is optimized with the Yoast SEO plugin v24.7 - https:\/\/yoast.com\/wordpress\/plugins\/seo\/ -->\n<title>Tema pastoral do Santu\u00e1rio de Lourdes<\/title>\n<meta name=\"description\" content=\"Le th\u00e8me pastoral Lourdes 2023 : \u00ab Allez dire aux pr\u00eatres que l\u2019on b\u00e2tisse ici une chapelle et que l\u2019on y vienne en procession. \u00bb\" \/>\n<meta name=\"robots\" content=\"index, follow, max-snippet:-1, max-image-preview:large, max-video-preview:-1\" \/>\n<link rel=\"canonical\" href=\"https:\/\/www.lourdes-france.org\/theme-pastoral-lourdes-2023\/\" \/>\n<meta name=\"twitter:label1\" content=\"Est. tempo de leitura\" \/>\n\t<meta name=\"twitter:data1\" content=\"1 minuto\" \/>\n<script type=\"application\/ld+json\" class=\"yoast-schema-graph\">{\"@context\":\"https:\/\/schema.org\",\"@graph\":[{\"@type\":\"WebPage\",\"@id\":\"https:\/\/www.lourdes-france.org\/theme-pastoral-lourdes-2023\/\",\"url\":\"https:\/\/www.lourdes-france.org\/theme-pastoral-lourdes-2023\/\",\"name\":\"Tema pastoral do Santu\u00e1rio de Lourdes\",\"isPartOf\":{\"@id\":\"https:\/\/preprod-lourdes.cawita.com\/#website\"},\"primaryImageOfPage\":{\"@id\":\"https:\/\/www.lourdes-france.org\/theme-pastoral-lourdes-2023\/#primaryimage\"},\"image\":{\"@id\":\"https:\/\/www.lourdes-france.org\/theme-pastoral-lourdes-2023\/#primaryimage\"},\"thumbnailUrl\":\"https:\/\/www.lourdes-france.org\/wp-content\/uploads\/2024\/08\/logo-jubile-2025_fr.png\",\"datePublished\":\"2021-09-28T09:35:43+00:00\",\"dateModified\":\"2024-12-16T10:00:05+00:00\",\"description\":\"Le th\u00e8me pastoral Lourdes 2023 : \u00ab Allez dire aux pr\u00eatres que l\u2019on b\u00e2tisse ici une chapelle et que l\u2019on y vienne en procession. \u00bb\",\"breadcrumb\":{\"@id\":\"https:\/\/www.lourdes-france.org\/theme-pastoral-lourdes-2023\/#breadcrumb\"},\"inLanguage\":\"pt-BR\",\"potentialAction\":[{\"@type\":\"ReadAction\",\"target\":[\"https:\/\/www.lourdes-france.org\/theme-pastoral-lourdes-2023\/\"]}]},{\"@type\":\"ImageObject\",\"inLanguage\":\"pt-BR\",\"@id\":\"https:\/\/www.lourdes-france.org\/theme-pastoral-lourdes-2023\/#primaryimage\",\"url\":\"https:\/\/www.lourdes-france.org\/wp-content\/uploads\/2024\/08\/logo-jubile-2025_fr.png\",\"contentUrl\":\"https:\/\/www.lourdes-france.org\/wp-content\/uploads\/2024\/08\/logo-jubile-2025_fr.png\",\"width\":1667,\"height\":859},{\"@type\":\"BreadcrumbList\",\"@id\":\"https:\/\/www.lourdes-france.org\/theme-pastoral-lourdes-2023\/#breadcrumb\",\"itemListElement\":[{\"@type\":\"ListItem\",\"position\":1,\"name\":\"Accueil\",\"item\":\"https:\/\/www.lourdes-france.org\/\"},{\"@type\":\"ListItem\",\"position\":2,\"name\":\"Tema pastoral do Santu\u00e1rio de Lourdes\"}]},{\"@type\":\"WebSite\",\"@id\":\"https:\/\/preprod-lourdes.cawita.com\/#website\",\"url\":\"https:\/\/preprod-lourdes.cawita.com\/\",\"name\":\"Soutenir le Sanctuaire Notre-Dame de Lourdes\",\"description\":\"\",\"potentialAction\":[{\"@type\":\"SearchAction\",\"target\":{\"@type\":\"EntryPoint\",\"urlTemplate\":\"https:\/\/preprod-lourdes.cawita.com\/?s={search_term_string}\"},\"query-input\":{\"@type\":\"PropertyValueSpecification\",\"valueRequired\":true,\"valueName\":\"search_term_string\"}}],\"inLanguage\":\"pt-BR\"}]}<\/script>\n<!-- \/ Yoast SEO plugin. -->","yoast_head_json":{"title":"Tema pastoral do Santu\u00e1rio de Lourdes","description":"Le th\u00e8me pastoral Lourdes 2023 : \u00ab Allez dire aux pr\u00eatres que l\u2019on b\u00e2tisse ici une chapelle et que l\u2019on y vienne en procession. \u00bb","robots":{"index":"index","follow":"follow","max-snippet":"max-snippet:-1","max-image-preview":"max-image-preview:large","max-video-preview":"max-video-preview:-1"},"canonical":"https:\/\/www.lourdes-france.org\/theme-pastoral-lourdes-2023\/","twitter_misc":{"Est. tempo de leitura":"1 minuto"},"schema":{"@context":"https:\/\/schema.org","@graph":[{"@type":"WebPage","@id":"https:\/\/www.lourdes-france.org\/theme-pastoral-lourdes-2023\/","url":"https:\/\/www.lourdes-france.org\/theme-pastoral-lourdes-2023\/","name":"Tema pastoral do Santu\u00e1rio de Lourdes","isPartOf":{"@id":"https:\/\/preprod-lourdes.cawita.com\/#website"},"primaryImageOfPage":{"@id":"https:\/\/www.lourdes-france.org\/theme-pastoral-lourdes-2023\/#primaryimage"},"image":{"@id":"https:\/\/www.lourdes-france.org\/theme-pastoral-lourdes-2023\/#primaryimage"},"thumbnailUrl":"https:\/\/www.lourdes-france.org\/wp-content\/uploads\/2024\/08\/logo-jubile-2025_fr.png","datePublished":"2021-09-28T09:35:43+00:00","dateModified":"2024-12-16T10:00:05+00:00","description":"Le th\u00e8me pastoral Lourdes 2023 : \u00ab Allez dire aux pr\u00eatres que l\u2019on b\u00e2tisse ici une chapelle et que l\u2019on y vienne en procession. \u00bb","breadcrumb":{"@id":"https:\/\/www.lourdes-france.org\/theme-pastoral-lourdes-2023\/#breadcrumb"},"inLanguage":"pt-BR","potentialAction":[{"@type":"ReadAction","target":["https:\/\/www.lourdes-france.org\/theme-pastoral-lourdes-2023\/"]}]},{"@type":"ImageObject","inLanguage":"pt-BR","@id":"https:\/\/www.lourdes-france.org\/theme-pastoral-lourdes-2023\/#primaryimage","url":"https:\/\/www.lourdes-france.org\/wp-content\/uploads\/2024\/08\/logo-jubile-2025_fr.png","contentUrl":"https:\/\/www.lourdes-france.org\/wp-content\/uploads\/2024\/08\/logo-jubile-2025_fr.png","width":1667,"height":859},{"@type":"BreadcrumbList","@id":"https:\/\/www.lourdes-france.org\/theme-pastoral-lourdes-2023\/#breadcrumb","itemListElement":[{"@type":"ListItem","position":1,"name":"Accueil","item":"https:\/\/www.lourdes-france.org\/"},{"@type":"ListItem","position":2,"name":"Tema pastoral do Santu\u00e1rio de Lourdes"}]},{"@type":"WebSite","@id":"https:\/\/preprod-lourdes.cawita.com\/#website","url":"https:\/\/preprod-lourdes.cawita.com\/","name":"Soutenir le Sanctuaire Notre-Dame de Lourdes","description":"","potentialAction":[{"@type":"SearchAction","target":{"@type":"EntryPoint","urlTemplate":"https:\/\/preprod-lourdes.cawita.com\/?s={search_term_string}"},"query-input":{"@type":"PropertyValueSpecification","valueRequired":true,"valueName":"search_term_string"}}],"inLanguage":"pt-BR"}]}},"_links":{"self":[{"href":"https:\/\/www.lourdes-france.org\/pt-br\/wp-json\/wp\/v2\/pages\/899449","targetHints":{"allow":["GET"]}}],"collection":[{"href":"https:\/\/www.lourdes-france.org\/pt-br\/wp-json\/wp\/v2\/pages"}],"about":[{"href":"https:\/\/www.lourdes-france.org\/pt-br\/wp-json\/wp\/v2\/types\/page"}],"author":[{"embeddable":true,"href":"https:\/\/www.lourdes-france.org\/pt-br\/wp-json\/wp\/v2\/users\/7"}],"replies":[{"embeddable":true,"href":"https:\/\/www.lourdes-france.org\/pt-br\/wp-json\/wp\/v2\/comments?post=899449"}],"version-history":[{"count":3,"href":"https:\/\/www.lourdes-france.org\/pt-br\/wp-json\/wp\/v2\/pages\/899449\/revisions"}],"predecessor-version":[{"id":979164,"href":"https:\/\/www.lourdes-france.org\/pt-br\/wp-json\/wp\/v2\/pages\/899449\/revisions\/979164"}],"wp:featuredmedia":[{"embeddable":true,"href":"https:\/\/www.lourdes-france.org\/pt-br\/wp-json\/wp\/v2\/media\/955379"}],"wp:attachment":[{"href":"https:\/\/www.lourdes-france.org\/pt-br\/wp-json\/wp\/v2\/media?parent=899449"}],"curies":[{"name":"wp","href":"https:\/\/api.w.org\/{rel}","templated":true}]}}